{"id":38007,"date":"2021-02-21T16:36:07","date_gmt":"2021-02-21T16:36:07","guid":{"rendered":"https:\/\/www.autonvaraosahaku.fi\/?product=alanko-10343349-pyorannapa"},"modified":"2021-02-21T16:36:09","modified_gmt":"2021-02-21T16:36:09","slug":"alanko-10343349-pyorannapa","status":"publish","type":"product","link":"https:\/\/www.autonvaraosahaku.fi\/?product=alanko-10343349-pyorannapa","title":{"rendered":"ALANKO 10343349 Py\u00f6r\u00e4nnapa"},"content":{"rendered":"<p>Asennuspuoli: Taka-akseli, molemminpuolinen; Ulkol\u00e4pimitta 1 [mm]: 117; Sis\u00e4l\u00e4pimitta 1 [mm]: 30; Leveys (mm): 62; Uusi osa: ; FIAT: GRANDE PUNTO 199,PUNTO 188,PANDA 169,500 312,STILO 192,BRAVO II 198,BARCHETTA 183,500 C 312,STILO Multi Wagon 192,PANDA Van 169,IDEA,PANDA 312,MULTIPLA 186,QUBO 225,PUNTO Van 188AX,BRAVO I 182,BRAVA 182,MAREA Weekend 185,FIORINO Kasten\/Kombi 225,PALIO Weekend 178DX,LINEA 323,MAREA 185,PALIO 178BX,SIENA 178_; PEUGEOT: BIPPER AA_,BIPPER Tepee; CITRO\u00cbN: NEMO Kasten AA_,NEMO Kombi; ALFA ROMEO: MITO 955,145 930,146 930; LANCIA: YPSILON 843,DELTA III 844,Y 840A,MUSA 350,LYBRA SW 839BX,LYBRA 839AX,YPSILON 312, 846,KAPPA Coupe 838; ABARTH: 500 \/ 595 312_; 46512973, 46519901, 51754193, 60815429, 60816007, 71737189, 71769738, 1606635580, 374898, 71714463, 71714471, 71737614, 71769737, 1587590, 9S51J1A049AA; Py\u00f6r\u00e4n Napa<\/p>\n","protected":false},"excerpt":{"rendered":"<p>ALANKO Py\u00f6r\u00e4nnapa 10343349 Py\u00f6r\u00e4n Napa FIAT,PEUGEOT,CITRO\u00cbN,GRANDE PUNTO 199,PUNTO 188,PANDA 169,500 312,STILO 192,BRAVO II 198,BARCHETTA 183<\/p>\n","protected":false},"featured_media":0,"template":"","meta":{"site-sidebar-layout":"default","site-content-layout":"default","ast-global-header-display":"","ast-main-header-display":"","ast-hfb-above-header-display":"","ast-hfb-below-header-display":"","ast-hfb-mobile-header-display":"","site-post-title":"","ast-breadcrumbs-content":"","ast-featured-img":"","footer-sml-layout":"","theme-transparent-header-meta":"","adv-header-id-meta":"","stick-header-meta":"","header-above-stick-meta":"","header-main-stick-meta":"","header-below-stick-meta":""},"pwb-brand":[324],"product_cat":[257],"product_tag":[],"class_list":{"0":"post-38007","1":"product","2":"type-product","3":"status-publish","5":"pwb-brand-alanko","6":"product_cat-pyorannapa","7":"desktop-align-left","8":"tablet-align-left","9":"mobile-align-left","11":"first","12":"instock","13":"product-type-external"},"brands":[{"id":324,"name":"ALANKO","slug":"alanko"}],"_links":{"self":[{"href":"https:\/\/www.autonvaraosahaku.fi\/index.php?rest_route=\/wp\/v2\/product\/38007","targetHints":{"allow":["GET"]}}],"collection":[{"href":"https:\/\/www.autonvaraosahaku.fi\/index.php?rest_route=\/wp\/v2\/product"}],"about":[{"href":"https:\/\/www.autonvaraosahaku.fi\/index.php?rest_route=\/wp\/v2\/types\/product"}],"wp:attachment":[{"href":"https:\/\/www.autonvaraosahaku.fi\/index.php?rest_route=%2Fwp%2Fv2%2Fmedia&parent=38007"}],"wp:term":[{"taxonomy":"pwb-brand","embeddable":true,"href":"https:\/\/www.autonvaraosahaku.fi\/index.php?rest_route=%2Fwp%2Fv2%2Fpwb-brand&post=38007"},{"taxonomy":"product_cat","embeddable":true,"href":"https:\/\/www.autonvaraosahaku.fi\/index.php?rest_route=%2Fwp%2Fv2%2Fproduct_cat&post=38007"},{"taxonomy":"product_tag","embeddable":true,"href":"https:\/\/www.autonvaraosahaku.fi\/index.php?rest_route=%2Fwp%2Fv2%2Fproduct_tag&post=38007"}],"curies":[{"name":"wp","href":"https:\/\/api.w.org\/{rel}","templated":true}]}}