{"id":38011,"date":"2021-02-21T16:36:07","date_gmt":"2021-02-21T16:36:07","guid":{"rendered":"https:\/\/www.autonvaraosahaku.fi\/?product=ravenol-1181002-001-01-999-muut-luokat"},"modified":"2021-02-21T16:36:10","modified_gmt":"2021-02-21T16:36:10","slug":"ravenol-1181002-001-01-999-muut-luokat","status":"publish","type":"product","link":"https:\/\/www.autonvaraosahaku.fi\/?product=ravenol-1181002-001-01-999-muut-luokat","title":{"rendered":"RAVENOL 1181002-001-01-999 Muut luokat"},"content":{"rendered":"<p>\u00d6ljy: T\u00e4ysisynteetinen \u00f6ljy; Pakkaustyyppi: Pullo; Tilavuus (litra): 1; \u00f6ljynvalmistajan suositus: Special power steeri, PSA S71 2710 (LDS), MAN M3289, Nissan E-PSF, Renault PSF Class 1; RENAULT: LAGUNA III Grandtour KT0\/1,LAGUNA III BT0\/1; PEUGEOT: 206 Schr\u00e4gheck 2A\/C,307 SW 3H,307 CC 3B,407 SW 6E_,307 3A\/C,308 SW,807 E,206+ T3E,308 4A_, 4C_,5008,307 Break 3E,508 SW,607 9D, 9U,407 6D_,3008,PARTNER Tepee,RCZ,308 CC,PARTNER Combispace 5F,PARTNER Kasten 5,508,407 Coupe 6C_,EXPERT Tepee VF3V_,EXPERT Kasten VF3A_, VF3U_, VF3X_,PARTNER Kasten,308 II,308 SW II,EXPERT Pritsche\/Fahrgestell,PARTNER Pritsche\/Fahrgestell; TOYOTA: MR 2 III ZZW3_,PROACE Kasten\/Kombi; CITRO\u00cbN: BERLINGO MF,BERLINGO B9,C4 Picasso I UD_,C4 Grand Picasso I UA_,C8 EA_, EB_,C4 I LC_,BERLINGO Kasten M_,C4 Coupe LA_,C4 II B7,JUMPY,BERLINGO Kasten B9,JUMPY Kasten,C4 Grand Picasso II,DS4,DS5,C4 Stufenheck L,BERLINGO Pritsche\/Fahrgestell B9,JUMPY Pritsche\/Fahrgestell; INFINITI: Q50,M Y51,Q70 Y51,Q60 Coupe; Hydrauli\u00f6ljy,\u00d6ljyt<\/p>\n","protected":false},"excerpt":{"rendered":"<p>RAVENOL Hydrauliikka\u00f6ljy 1181002-001-01-999 Hydrauli\u00f6ljy,\u00d6ljyt RENAULT,PEUGEOT,TOYOTA,LAGUNA III Grandtour KT0\/1,LAGUNA III BT0\/1,206 Schr\u00e4gheck 2A\/C<\/p>\n","protected":false},"featured_media":0,"template":"","meta":{"site-sidebar-layout":"default","site-content-layout":"default","ast-global-header-display":"","ast-main-header-display":"","ast-hfb-above-header-display":"","ast-hfb-below-header-display":"","ast-hfb-mobile-header-display":"","site-post-title":"","ast-breadcrumbs-content":"","ast-featured-img":"","footer-sml-layout":"","theme-transparent-header-meta":"","adv-header-id-meta":"","stick-header-meta":"","header-above-stick-meta":"","header-main-stick-meta":"","header-below-stick-meta":""},"pwb-brand":[130],"product_cat":[37],"product_tag":[],"class_list":{"0":"post-38011","1":"product","2":"type-product","3":"status-publish","5":"pwb-brand-ravenol","6":"product_cat-muut-luokat","7":"desktop-align-left","8":"tablet-align-left","9":"mobile-align-left","11":"first","12":"instock","13":"product-type-external"},"brands":[{"id":130,"name":"RAVENOL","slug":"ravenol"}],"_links":{"self":[{"href":"https:\/\/www.autonvaraosahaku.fi\/index.php?rest_route=\/wp\/v2\/product\/38011","targetHints":{"allow":["GET"]}}],"collection":[{"href":"https:\/\/www.autonvaraosahaku.fi\/index.php?rest_route=\/wp\/v2\/product"}],"about":[{"href":"https:\/\/www.autonvaraosahaku.fi\/index.php?rest_route=\/wp\/v2\/types\/product"}],"wp:attachment":[{"href":"https:\/\/www.autonvaraosahaku.fi\/index.php?rest_route=%2Fwp%2Fv2%2Fmedia&parent=38011"}],"wp:term":[{"taxonomy":"pwb-brand","embeddable":true,"href":"https:\/\/www.autonvaraosahaku.fi\/index.php?rest_route=%2Fwp%2Fv2%2Fpwb-brand&post=38011"},{"taxonomy":"product_cat","embeddable":true,"href":"https:\/\/www.autonvaraosahaku.fi\/index.php?rest_route=%2Fwp%2Fv2%2Fproduct_cat&post=38011"},{"taxonomy":"product_tag","embeddable":true,"href":"https:\/\/www.autonvaraosahaku.fi\/index.php?rest_route=%2Fwp%2Fv2%2Fproduct_tag&post=38011"}],"curies":[{"name":"wp","href":"https:\/\/api.w.org\/{rel}","templated":true}]}}