{"id":38020,"date":"2021-02-21T16:36:12","date_gmt":"2021-02-21T16:36:12","guid":{"rendered":"https:\/\/www.autonvaraosahaku.fi\/?product=maxgear-72-3050-kallistuksenvakaajan-puslat"},"modified":"2021-02-21T16:36:13","modified_gmt":"2021-02-21T16:36:13","slug":"maxgear-72-3050-kallistuksenvakaajan-puslat","status":"publish","type":"product","link":"https:\/\/www.autonvaraosahaku.fi\/?product=maxgear-72-3050-kallistuksenvakaajan-puslat","title":{"rendered":"MAXGEAR 72-3050 Kallistuksenvakaajan puslat"},"content":{"rendered":"<p>Asennuspuoli: etuakseli molemminpuoleinen, Taka-akseli; Kiinnitysmalli: Kumilaakeri; Sis\u00e4l\u00e4pimitta [mm]: 17; Materiaali: Kumi; Tarvittava kappalem\u00e4\u00e4r\u00e4: 2; Paino [kg]: 0,06; Pituus (mm): 38; Leveys (mm): 46; Korkeus (mm): 50; Moottorinumero: MR20DE; NISSAN: QASHQAI \/ QASHQAI +2 J10, JJ10,QASHQAI J11, J11_; 54613JD17A; Kallistuksenvakaajan Kumit,Vakaajan Hela<\/p>\n","protected":false},"excerpt":{"rendered":"<p>MAXGEAR Kallistuksenvakaajan Puslat 72-3050 Kallistuksenvakaajan Kumit,Vakaajan Hela NISSAN,QASHQAI \/ QASHQAI +2 J10, JJ10,QASHQAI J11, J11_<\/p>\n","protected":false},"featured_media":0,"template":"","meta":{"site-sidebar-layout":"default","site-content-layout":"default","ast-global-header-display":"","ast-main-header-display":"","ast-hfb-above-header-display":"","ast-hfb-below-header-display":"","ast-hfb-mobile-header-display":"","site-post-title":"","ast-breadcrumbs-content":"","ast-featured-img":"","footer-sml-layout":"","theme-transparent-header-meta":"","adv-header-id-meta":"","stick-header-meta":"","header-above-stick-meta":"","header-main-stick-meta":"","header-below-stick-meta":""},"pwb-brand":[48],"product_cat":[82],"product_tag":[],"class_list":{"0":"post-38020","1":"product","2":"type-product","3":"status-publish","5":"pwb-brand-maxgear","6":"product_cat-kallistuksenvakaajan-puslat","7":"desktop-align-left","8":"tablet-align-left","9":"mobile-align-left","11":"first","12":"instock","13":"product-type-external"},"brands":[{"id":48,"name":"MAXGEAR","slug":"maxgear"}],"_links":{"self":[{"href":"https:\/\/www.autonvaraosahaku.fi\/index.php?rest_route=\/wp\/v2\/product\/38020","targetHints":{"allow":["GET"]}}],"collection":[{"href":"https:\/\/www.autonvaraosahaku.fi\/index.php?rest_route=\/wp\/v2\/product"}],"about":[{"href":"https:\/\/www.autonvaraosahaku.fi\/index.php?rest_route=\/wp\/v2\/types\/product"}],"wp:attachment":[{"href":"https:\/\/www.autonvaraosahaku.fi\/index.php?rest_route=%2Fwp%2Fv2%2Fmedia&parent=38020"}],"wp:term":[{"taxonomy":"pwb-brand","embeddable":true,"href":"https:\/\/www.autonvaraosahaku.fi\/index.php?rest_route=%2Fwp%2Fv2%2Fpwb-brand&post=38020"},{"taxonomy":"product_cat","embeddable":true,"href":"https:\/\/www.autonvaraosahaku.fi\/index.php?rest_route=%2Fwp%2Fv2%2Fproduct_cat&post=38020"},{"taxonomy":"product_tag","embeddable":true,"href":"https:\/\/www.autonvaraosahaku.fi\/index.php?rest_route=%2Fwp%2Fv2%2Fproduct_tag&post=38020"}],"curies":[{"name":"wp","href":"https:\/\/api.w.org\/{rel}","templated":true}]}}