{"id":38022,"date":"2021-02-21T16:36:12","date_gmt":"2021-02-21T16:36:12","guid":{"rendered":"https:\/\/www.autonvaraosahaku.fi\/?product=herthbuss-jakoparts-j1090309-kampiakselin-hihnapyora"},"modified":"2021-02-21T16:36:13","modified_gmt":"2021-02-21T16:36:13","slug":"herthbuss-jakoparts-j1090309-kampiakselin-hihnapyora","status":"publish","type":"product","link":"https:\/\/www.autonvaraosahaku.fi\/?product=herthbuss-jakoparts-j1090309-kampiakselin-hihnapyora","title":{"rendered":"HERTH+BUSS JAKOPARTS J1090309 Kampiakselin hihnapy\u00f6r\u00e4"},"content":{"rendered":"<p>Kiiloja: 5; Ulkol\u00e4pimitta [mm]: 156; Leveys 1 (mm): 29; Leveys 2 (mm): 42; Vaihteistomalli: Doppelkupplungsgetriebe; KIA: CEE&#8217;D JD,CARENS IV,PRO CEE\u00b4D JD,OPTIMA,OPTIMA Sportswagon,CERATO YD Stufenheck; HYUNDAI: ix35 LM, EL, ELH,i40 CW VF,i30 GD,ix20 JC,i30 CW GD,i40 VF,TUCSON,ACCENT IV Stufenheck RB,i30 PDE; 231242A801, 231242A803, 231242A804, 231242A801, 231242A803, 231242A804; Hihnapy\u00f6r\u00e4, Kampiakseli<\/p>\n","protected":false},"excerpt":{"rendered":"<p>HERTH+BUSS JAKOPARTS Kampiakselin Hihnapy\u00f6r\u00e4 J1090309 Hihnapy\u00f6r\u00e4, Kampiakseli KIA,HYUNDAI,CEE&#8217;D JD,CARENS IV,PRO CEE\u00b4D JD,OPTIMA,OPTIMA Sportswagon<\/p>\n","protected":false},"featured_media":0,"template":"","meta":{"site-sidebar-layout":"default","site-content-layout":"default","ast-global-header-display":"","ast-main-header-display":"","ast-hfb-above-header-display":"","ast-hfb-below-header-display":"","ast-hfb-mobile-header-display":"","site-post-title":"","ast-breadcrumbs-content":"","ast-featured-img":"","footer-sml-layout":"","theme-transparent-header-meta":"","adv-header-id-meta":"","stick-header-meta":"","header-above-stick-meta":"","header-main-stick-meta":"","header-below-stick-meta":""},"pwb-brand":[416],"product_cat":[219],"product_tag":[],"class_list":{"0":"post-38022","1":"product","2":"type-product","3":"status-publish","5":"pwb-brand-herthbuss-jakoparts","6":"product_cat-kampiakselin-hihnapyora","7":"desktop-align-left","8":"tablet-align-left","9":"mobile-align-left","11":"first","12":"instock","13":"product-type-external"},"brands":[{"id":416,"name":"HERTH+BUSS JAKOPARTS","slug":"herthbuss-jakoparts"}],"_links":{"self":[{"href":"https:\/\/www.autonvaraosahaku.fi\/index.php?rest_route=\/wp\/v2\/product\/38022","targetHints":{"allow":["GET"]}}],"collection":[{"href":"https:\/\/www.autonvaraosahaku.fi\/index.php?rest_route=\/wp\/v2\/product"}],"about":[{"href":"https:\/\/www.autonvaraosahaku.fi\/index.php?rest_route=\/wp\/v2\/types\/product"}],"wp:attachment":[{"href":"https:\/\/www.autonvaraosahaku.fi\/index.php?rest_route=%2Fwp%2Fv2%2Fmedia&parent=38022"}],"wp:term":[{"taxonomy":"pwb-brand","embeddable":true,"href":"https:\/\/www.autonvaraosahaku.fi\/index.php?rest_route=%2Fwp%2Fv2%2Fpwb-brand&post=38022"},{"taxonomy":"product_cat","embeddable":true,"href":"https:\/\/www.autonvaraosahaku.fi\/index.php?rest_route=%2Fwp%2Fv2%2Fproduct_cat&post=38022"},{"taxonomy":"product_tag","embeddable":true,"href":"https:\/\/www.autonvaraosahaku.fi\/index.php?rest_route=%2Fwp%2Fv2%2Fproduct_tag&post=38022"}],"curies":[{"name":"wp","href":"https:\/\/api.w.org\/{rel}","templated":true}]}}