{"id":38033,"date":"2021-02-21T16:36:12","date_gmt":"2021-02-21T16:36:12","guid":{"rendered":"https:\/\/www.autonvaraosahaku.fi\/?product=maxgear-67-0050-termostaatti"},"modified":"2021-02-21T16:36:15","modified_gmt":"2021-02-21T16:36:15","slug":"maxgear-67-0050-termostaatti","status":"publish","type":"product","link":"https:\/\/www.autonvaraosahaku.fi\/?product=maxgear-67-0050-termostaatti","title":{"rendered":"MAXGEAR 67-0050 Termostaatti"},"content":{"rendered":"<p>Avausl\u00e4mp\u00f6tila [\u00b0C]: 82; Lis\u00e4tarvike\/lis\u00e4tieto: Tiivisteill\u00e4; L\u00e4pimitta 1 [mm]: 52; L\u00e4pimitta 2 [mm]: 28; Korkeus 1 (mm): 40; Vaihteistomalli: Schaltgetriebe; FORD: RANGER ES, ET,RANGER ER, EQ; MAZDA: 5 CR19,3 BK,6 Station Wagon GY,CX-5 KE, GH,6 Kombi GH,2 DE,323 F VI BJ,PREMACY CP,6 Hatchback GG,6 GG,3 BL,6 Schr\u00e4gheck GH,626 V Hatchback GF,3 Stufenheck BK,6 GH,FAMILIA V BA,MPV II LW,626 V GF,626 V Station Wagon GW,323 P V BA,3 Stufenheck BL,626 IV Hatchback GE,MX-3 EC,FAMILIA VI BJ,B-SERIE UN,XEDOS 6 CA,BT-50 CD, UN,XEDOS 9 TA,626 IV GE,FAMILIA V BG8,MX-6 GE,B-SERIE UF,MPV I LV; SUZUKI: GRAND VITARA I FT,VITARA ET, TA; FORD USA: PROBE II ECP; 3599763, 3902514, 4176181, 4188498, BF5T8575AA, F42Z8575BA, XM348575AA, XM348575AB, 1A5115171, 21200HA301, 8AGX15171, 8AK215171, FS0515171, KL0115171, KL0115171A, 1767077E10, 1767077E11, 1767077E11000; Termostaatti, J\u00e4\u00e4hdytysneste<\/p>\n","protected":false},"excerpt":{"rendered":"<p>MAXGEAR Termostaatti 67-0050 Termostaatti, J\u00e4\u00e4hdytysneste FORD,MAZDA,SUZUKI,RANGER ES, ET,RANGER ER, EQ,5 CR19,3 BK,6 Station Wagon GY,CX-5 KE, GH<\/p>\n","protected":false},"featured_media":0,"template":"","meta":{"site-sidebar-layout":"default","site-content-layout":"default","ast-global-header-display":"","ast-main-header-display":"","ast-hfb-above-header-display":"","ast-hfb-below-header-display":"","ast-hfb-mobile-header-display":"","site-post-title":"","ast-breadcrumbs-content":"","ast-featured-img":"","footer-sml-layout":"","theme-transparent-header-meta":"","adv-header-id-meta":"","stick-header-meta":"","header-above-stick-meta":"","header-main-stick-meta":"","header-below-stick-meta":""},"pwb-brand":[48],"product_cat":[174],"product_tag":[],"class_list":{"0":"post-38033","1":"product","2":"type-product","3":"status-publish","5":"pwb-brand-maxgear","6":"product_cat-termostaatti","7":"desktop-align-left","8":"tablet-align-left","9":"mobile-align-left","11":"first","12":"instock","13":"product-type-external"},"brands":[{"id":48,"name":"MAXGEAR","slug":"maxgear"}],"_links":{"self":[{"href":"https:\/\/www.autonvaraosahaku.fi\/index.php?rest_route=\/wp\/v2\/product\/38033","targetHints":{"allow":["GET"]}}],"collection":[{"href":"https:\/\/www.autonvaraosahaku.fi\/index.php?rest_route=\/wp\/v2\/product"}],"about":[{"href":"https:\/\/www.autonvaraosahaku.fi\/index.php?rest_route=\/wp\/v2\/types\/product"}],"wp:attachment":[{"href":"https:\/\/www.autonvaraosahaku.fi\/index.php?rest_route=%2Fwp%2Fv2%2Fmedia&parent=38033"}],"wp:term":[{"taxonomy":"pwb-brand","embeddable":true,"href":"https:\/\/www.autonvaraosahaku.fi\/index.php?rest_route=%2Fwp%2Fv2%2Fpwb-brand&post=38033"},{"taxonomy":"product_cat","embeddable":true,"href":"https:\/\/www.autonvaraosahaku.fi\/index.php?rest_route=%2Fwp%2Fv2%2Fproduct_cat&post=38033"},{"taxonomy":"product_tag","embeddable":true,"href":"https:\/\/www.autonvaraosahaku.fi\/index.php?rest_route=%2Fwp%2Fv2%2Fproduct_tag&post=38033"}],"curies":[{"name":"wp","href":"https:\/\/api.w.org\/{rel}","templated":true}]}}