{"id":38106,"date":"2021-02-21T16:36:32","date_gmt":"2021-02-21T16:36:32","guid":{"rendered":"https:\/\/www.autonvaraosahaku.fi\/?product=as-pl-s9033-starttimoottori"},"modified":"2021-02-21T16:36:34","modified_gmt":"2021-02-21T16:36:34","slug":"as-pl-s9033-starttimoottori","status":"publish","type":"product","link":"https:\/\/www.autonvaraosahaku.fi\/?product=as-pl-s9033-starttimoottori","title":{"rendered":"AS-PL S9033 Starttimoottori"},"content":{"rendered":"<p>Pituus 1 (mm): 63,00; Pituus 2 (mm): -6,00; K\u00e4ynnistinmoottori teho (kW): 2,20; J\u00e4nnite (V): 12; Kiinnitysreikien lukum\u00e4\u00e4r\u00e4: 3; kierrereiki\u00e4 [kpl]: 3; Py\u00f6rimissuunta: Py\u00f6rimissuunta my\u00f6t\u00e4p\u00e4iv\u00e4\u00e4n; Hammasluku: 11; Valmistusvuoteen: 03\/2015; VOLVO: V50 MW,V70 III BW,C30,S40 II MS,C70 II Cabriolet,S80 II AS; FORD: FOCUS II Kombi DA_,MONDEO IV Turnier BA7,FOCUS II DA_,S-MAX WA6,FOCUS III Turnier,FOCUS C-MAX,GALAXY WA6,KUGA I,C-MAX DM2,FOCUS III,C-MAX II,MONDEO IV BA7,KUGA II DM2,GRAND C-MAX,FOCUS II Stufenheck DA_,FOCUS II Cabriolet,FOCUS III Stufenheck,MONDEO IV Stufenheck BA7,GRAND C-MAX Van,C-MAX II Van,FOCUS III Kasten\/Schr\u00e4gheck; 1231963, 1233235, 1351969, 1351989, 1376305, 1385784, 1465115, 1469721, 1529431, 1756795, 2010001036, 2010001052, 3M5T11000DB, 3M5T11000DC, 3M5U11131AA, 4M5T11000FA, 4M5T11000FB, 4M5T11000FC, 4M5T11000FD, 6G9N11000FA, 30667058, 30667058A, 30667494, 30667874, 30795407, 36000221, 8603409, 8697576, 8697576A; Startti,K\u00e4ynnistinmoottori<\/p>\n","protected":false},"excerpt":{"rendered":"<p>AS-PL Starttimoottori Brand new AS-PL Alternator rotor S9033 Startti,K\u00e4ynnistinmoottori VOLVO,FORD,V50 MW,V70 III BW,C30,S40 II MS,C70 II Cabriolet<\/p>\n","protected":false},"featured_media":0,"template":"","meta":{"site-sidebar-layout":"default","site-content-layout":"default","ast-global-header-display":"","ast-main-header-display":"","ast-hfb-above-header-display":"","ast-hfb-below-header-display":"","ast-hfb-mobile-header-display":"","site-post-title":"","ast-breadcrumbs-content":"","ast-featured-img":"","footer-sml-layout":"","theme-transparent-header-meta":"","adv-header-id-meta":"","stick-header-meta":"","header-above-stick-meta":"","header-main-stick-meta":"","header-below-stick-meta":""},"pwb-brand":[347],"product_cat":[295],"product_tag":[],"class_list":{"0":"post-38106","1":"product","2":"type-product","3":"status-publish","5":"pwb-brand-as-pl","6":"product_cat-starttimoottori","7":"desktop-align-left","8":"tablet-align-left","9":"mobile-align-left","11":"first","12":"instock","13":"product-type-external"},"brands":[{"id":347,"name":"AS-PL","slug":"as-pl"}],"_links":{"self":[{"href":"https:\/\/www.autonvaraosahaku.fi\/index.php?rest_route=\/wp\/v2\/product\/38106","targetHints":{"allow":["GET"]}}],"collection":[{"href":"https:\/\/www.autonvaraosahaku.fi\/index.php?rest_route=\/wp\/v2\/product"}],"about":[{"href":"https:\/\/www.autonvaraosahaku.fi\/index.php?rest_route=\/wp\/v2\/types\/product"}],"wp:attachment":[{"href":"https:\/\/www.autonvaraosahaku.fi\/index.php?rest_route=%2Fwp%2Fv2%2Fmedia&parent=38106"}],"wp:term":[{"taxonomy":"pwb-brand","embeddable":true,"href":"https:\/\/www.autonvaraosahaku.fi\/index.php?rest_route=%2Fwp%2Fv2%2Fpwb-brand&post=38106"},{"taxonomy":"product_cat","embeddable":true,"href":"https:\/\/www.autonvaraosahaku.fi\/index.php?rest_route=%2Fwp%2Fv2%2Fproduct_cat&post=38106"},{"taxonomy":"product_tag","embeddable":true,"href":"https:\/\/www.autonvaraosahaku.fi\/index.php?rest_route=%2Fwp%2Fv2%2Fproduct_tag&post=38106"}],"curies":[{"name":"wp","href":"https:\/\/api.w.org\/{rel}","templated":true}]}}