{"id":38108,"date":"2021-02-21T16:36:32","date_gmt":"2021-02-21T16:36:32","guid":{"rendered":"https:\/\/www.autonvaraosahaku.fi\/?product=vaico-v10-3213-bek-muut-luokat"},"modified":"2021-02-21T16:36:34","modified_gmt":"2021-02-21T16:36:34","slug":"vaico-v10-3213-bek-muut-luokat","status":"publish","type":"product","link":"https:\/\/www.autonvaraosahaku.fi\/?product=vaico-v10-3213-bek-muut-luokat","title":{"rendered":"VAICO V10-3213-BEK Muut luokat"},"content":{"rendered":"<p>Suositeltu vaihtov\u00e4li [vuotta]: 5; Suositeltu vaihtov\u00e4li [km]: 80000; Vaihteistomalli: A86,05, A86,20, 5HP19 FLA, 5HP19 FL, 01V, 5HP19; Lis\u00e4tarvike\/lis\u00e4tieto: Tiivisteill\u00e4; M\u00e4\u00e4r\u00e4yksikk\u00f6: Sarja; Korvaava tuote\/korvaava tiedote 2: Tiivisterenkaalla; Vaihtoehtoisesti: ; Lis\u00e4ksi tarvittavat tuotteet ks. tarvikeluettelo: ; Vaihteistomalli: Automaattivaihteisto, 5-vaiht.; Paino [kg]: 1,527; Pakkausleveys [cm]: 50,5; Pakkauskorkeus [mm]: 31; Pakkaussyvyys [cm]: 11,5; lis\u00e4tieto: CST98; Vaihteiden lukum\u00e4\u00e4r\u00e4: 5-Gang; VW: PASSAT Variant 3B6,PASSAT Variant 3B5,PASSAT 3B2,PASSAT 3B3,PHAETON 3D_; AUDI: A6 Avant 4F5, C6,A4 8D2, B5,A4 Avant 8ED, B7,A4 Avant 8E5, B6,A6 Avant 4B5, C5,A4 Avant 8D5, B5,A4 8E2, B6,A6 4F2, C6,A6 4B2, C5,A4 Cabriolet 8H7, B6, 8HE, B7,A4 8EC, B7,A8 4D2, 4D8,A6 4A, C4,ALLROAD 4BH, C5; SKODA: SUPERB 3U4; PORSCHE: BOXSTER 986,BOXSTER 987,CAYMAN 987; 01V321371, 01V325429, 1V321371, 1V325429, 98630740300, 98639701600, 01V321371, 01V325429, 1V321371, 1V325429, 01V321371, 01V325429, 1V321371, 1V325429, 01V321371, 01V325429, 1V321371, 1V325429<\/p>\n","protected":false},"excerpt":{"rendered":"<p>VAICO Tarvikesarja, \u00d6ljynvaihto-Automaattivaihteisto V10-3213-BEK  VW,AUDI,SKODA,PASSAT Variant 3B6,PASSAT Variant 3B5,PASSAT 3B2,PASSAT 3B3<\/p>\n","protected":false},"featured_media":0,"template":"","meta":{"site-sidebar-layout":"default","site-content-layout":"default","ast-global-header-display":"","ast-main-header-display":"","ast-hfb-above-header-display":"","ast-hfb-below-header-display":"","ast-hfb-mobile-header-display":"","site-post-title":"","ast-breadcrumbs-content":"","ast-featured-img":"","footer-sml-layout":"","theme-transparent-header-meta":"","adv-header-id-meta":"","stick-header-meta":"","header-above-stick-meta":"","header-main-stick-meta":"","header-below-stick-meta":""},"pwb-brand":[330],"product_cat":[37],"product_tag":[],"class_list":{"0":"post-38108","1":"product","2":"type-product","3":"status-publish","5":"pwb-brand-vaico","6":"product_cat-muut-luokat","7":"desktop-align-left","8":"tablet-align-left","9":"mobile-align-left","11":"first","12":"instock","13":"product-type-external"},"brands":[{"id":330,"name":"VAICO","slug":"vaico"}],"_links":{"self":[{"href":"https:\/\/www.autonvaraosahaku.fi\/index.php?rest_route=\/wp\/v2\/product\/38108","targetHints":{"allow":["GET"]}}],"collection":[{"href":"https:\/\/www.autonvaraosahaku.fi\/index.php?rest_route=\/wp\/v2\/product"}],"about":[{"href":"https:\/\/www.autonvaraosahaku.fi\/index.php?rest_route=\/wp\/v2\/types\/product"}],"wp:attachment":[{"href":"https:\/\/www.autonvaraosahaku.fi\/index.php?rest_route=%2Fwp%2Fv2%2Fmedia&parent=38108"}],"wp:term":[{"taxonomy":"pwb-brand","embeddable":true,"href":"https:\/\/www.autonvaraosahaku.fi\/index.php?rest_route=%2Fwp%2Fv2%2Fpwb-brand&post=38108"},{"taxonomy":"product_cat","embeddable":true,"href":"https:\/\/www.autonvaraosahaku.fi\/index.php?rest_route=%2Fwp%2Fv2%2Fproduct_cat&post=38108"},{"taxonomy":"product_tag","embeddable":true,"href":"https:\/\/www.autonvaraosahaku.fi\/index.php?rest_route=%2Fwp%2Fv2%2Fproduct_tag&post=38108"}],"curies":[{"name":"wp","href":"https:\/\/api.w.org\/{rel}","templated":true}]}}