{"id":38109,"date":"2021-02-21T16:36:32","date_gmt":"2021-02-21T16:36:32","guid":{"rendered":"https:\/\/www.autonvaraosahaku.fi\/?product=as-pl-s3027-starttimoottori"},"modified":"2021-02-21T16:36:35","modified_gmt":"2021-02-21T16:36:35","slug":"as-pl-s3027-starttimoottori","status":"publish","type":"product","link":"https:\/\/www.autonvaraosahaku.fi\/?product=as-pl-s3027-starttimoottori","title":{"rendered":"AS-PL S3027 Starttimoottori"},"content":{"rendered":"<p>Pituus 2 (mm): -5,00; K\u00e4ynnistinmoottori teho (kW): 1,90; J\u00e4nnite (V): 12; Kiinnitysreikien lukum\u00e4\u00e4r\u00e4: 3; kierrereiki\u00e4 [kpl]: 3; Py\u00f6rimissuunta: Py\u00f6rimissuunta my\u00f6t\u00e4p\u00e4iv\u00e4\u00e4n; Hammasluku: 11, 11; Valmistusvuosi alkaen: 09\/2010; HYUNDAI: LANTRA II Wagon J-2,LANTRA II J-2; SUZUKI: SAMURAI SJ,VITARA ET, TA,VITARA Cabrio ET, TA; LANCIA: MUSA 350,PHEDRA 179,ZETA 220; TOYOTA: PROACE Kasten\/Kombi; FIAT: DUCATO Pritsche\/Fahrgestell 230,DUCATO Bus 230,DUCATO Kasten 244,DUCATO Pritsche\/Fahrgestell 244,DUCATO Kasten 230L,SCUDO 270_,ULYSSE 179AX,DUCATO Bus 244, Z_,SCUDO Kasten 270_,ULYSSE 220,SCUDO Kasten 220L,SCUDO Combinato 220P,SCUDO Pritsche\/Fahrgestell 270_,SCUDO Pritsche\/Fahrgestell 220_; CITRO\u00cbN: BERLINGO MF,XSARA PICASSO N68,C5 III Break TD_,C4 Picasso I UD_,C4 Grand Picasso I UA_,C8 EA_, EB_,C4 I LC_,BERLINGO Kasten M_,C5 II Break RE_,C5 I DC_,C5 I Break DE_,C5 III RD_,XSARA N1,C4 Coupe LA_,C4 II B7,C5 II RC_,C-CROSSER EP_,XSARA Break N2,JUMPY,JUMPER Kasten 244,C6 TD_,JUMPY Kasten,C4 Grand Picasso II,C4 Picasso II,XM Y4,XANTIA X2,DS4,XSARA Coupe N0,XANTIA X1,DS5,EVASION 22, U6,XANTIA Break X2,ZX N2,BX XB-_,C25 Bus 280_, 290_,JUMPY U6U,JUMPY Kasten BS_, BT_, BY_, BZ_,JUMPER Kasten 230L,C-CROSSER ENTERPRISE,JUMPER Bus 244, Z_,XM Y3,XANTIA Break X1,JUMPER Bus 230P,ZX Break N2,JUMPER Pritsche\/Fahrgestell 244,XM Break Y4,JUMPER Pritsche\/Fahrgestell 230,BX Break XB-_,C25 Kasten 280_, 290_,C15 VD-_,JUMPY Pritsche\/Fahrgestell BU_, BV_, BW_, BX_,XM Break Y3,C15 Kombi,XSARA Kasten,SPACETOURER,JUMPY Pritsche\/Fahrgestell,XSARA Kasten\/Schr\u00e4gheck; PEUGEOT: 206 Schr\u00e4gheck 2A\/C,307 SW 3H,307 CC 3B,407 SW 6E_,307 3A\/C,308 SW,206 SW 2E\/K,807 E,308 4A_, 4C_,BOXER Kasten,5008,307 Break 3E,508 SW,306 Schr\u00e4gheck 7A, 7C, N3, N5,607 9D, 9U,407 6D_,3008,406 Break 8E\/F,RCZ,308 CC,PARTNER Combispace 5F,205 II 20A\/C,4007 GP_,PARTNER Kasten 5,406 Coupe 8C,306 Break 7E, N3, N5,406 8B,J5 Pritsche\/Fahrgestell 290L,806 221,508,407 Coupe 6C_,EXPERT Tepee VF3V_,BOXER Kasten 230L,EXPERT Kasten VF3A_, VF3U_, VF3X_,BOXER Kasten 244,306 7B, N3, N5,J5 Kasten 280L,BOXER Bus,EXPERT Kasten 222,BOXER Pritsche\/Fahrgestell,308 II,J5 Bus 290P,309 II 3C, 3A,205 I 741A\/C,J5 Kasten 290L,405 I 15B,BOXER Bus 230P,BOXER Bus 244, Z_,BOXER Pritsche\/Fahrgestell ZCT_,206 Van,605 6B,EXPERT 224,405 II 4B,309 I 10C, 10A,306 Van N_, 7_,BOXER Pritsche\/Fahrgestell 244,405 II Break 4E,405 I Break 15E,305 II 581M,305 II Break 581E,EXPERT Pritsche\/Fahrgestell 223,308 SW II,205 Kasten,EXPERT Pritsche\/Fahrgestell,3008 SUV,EXPERT Kasten,5008 II,PA; MITSUBISHI: OUTLANDER XL II CW_W; DS: DS5,DS 4 \/ DS 4 CROSSBACK; TALBOT: HORIZON; 9647157980, K9647157980, M001T80381, M1T80081, M1T80082, M1T80381, M1T80481, M1T90281, 5802EF, 5802Z5, 5802Z6, 5802Z7, 9555507680, 9646972280, 9647157980, 9648242180; Startti,K\u00e4ynnistinmoottori<\/p>\n","protected":false},"excerpt":{"rendered":"<p>AS-PL Starttimoottori Brand new AS-PL Alternator regulator S3027 Startti,K\u00e4ynnistinmoottori HYUNDAI,SUZUKI,LANCIA,LANTRA II Wagon J-2,LANTRA II J-2<\/p>\n","protected":false},"featured_media":0,"template":"","meta":{"site-sidebar-layout":"default","site-content-layout":"default","ast-global-header-display":"","ast-main-header-display":"","ast-hfb-above-header-display":"","ast-hfb-below-header-display":"","ast-hfb-mobile-header-display":"","site-post-title":"","ast-breadcrumbs-content":"","ast-featured-img":"","footer-sml-layout":"","theme-transparent-header-meta":"","adv-header-id-meta":"","stick-header-meta":"","header-above-stick-meta":"","header-main-stick-meta":"","header-below-stick-meta":""},"pwb-brand":[347],"product_cat":[295],"product_tag":[],"class_list":{"0":"post-38109","1":"product","2":"type-product","3":"status-publish","5":"pwb-brand-as-pl","6":"product_cat-starttimoottori","7":"desktop-align-left","8":"tablet-align-left","9":"mobile-align-left","11":"first","12":"instock","13":"product-type-external"},"brands":[{"id":347,"name":"AS-PL","slug":"as-pl"}],"_links":{"self":[{"href":"https:\/\/www.autonvaraosahaku.fi\/index.php?rest_route=\/wp\/v2\/product\/38109","targetHints":{"allow":["GET"]}}],"collection":[{"href":"https:\/\/www.autonvaraosahaku.fi\/index.php?rest_route=\/wp\/v2\/product"}],"about":[{"href":"https:\/\/www.autonvaraosahaku.fi\/index.php?rest_route=\/wp\/v2\/types\/product"}],"wp:attachment":[{"href":"https:\/\/www.autonvaraosahaku.fi\/index.php?rest_route=%2Fwp%2Fv2%2Fmedia&parent=38109"}],"wp:term":[{"taxonomy":"pwb-brand","embeddable":true,"href":"https:\/\/www.autonvaraosahaku.fi\/index.php?rest_route=%2Fwp%2Fv2%2Fpwb-brand&post=38109"},{"taxonomy":"product_cat","embeddable":true,"href":"https:\/\/www.autonvaraosahaku.fi\/index.php?rest_route=%2Fwp%2Fv2%2Fproduct_cat&post=38109"},{"taxonomy":"product_tag","embeddable":true,"href":"https:\/\/www.autonvaraosahaku.fi\/index.php?rest_route=%2Fwp%2Fv2%2Fproduct_tag&post=38109"}],"curies":[{"name":"wp","href":"https:\/\/api.w.org\/{rel}","templated":true}]}}