{"id":38138,"date":"2021-02-21T16:36:38","date_gmt":"2021-02-21T16:36:38","guid":{"rendered":"https:\/\/www.autonvaraosahaku.fi\/?product=bremi-30336-ilmamassamittari"},"modified":"2021-02-21T16:36:41","modified_gmt":"2021-02-21T16:36:41","slug":"bremi-30336-ilmamassamittari","status":"publish","type":"product","link":"https:\/\/www.autonvaraosahaku.fi\/?product=bremi-30336-ilmamassamittari","title":{"rendered":"BREMI 30336 Ilmamassamittari"},"content":{"rendered":"<p>J\u00e4nnite (V): 12; Napojen m\u00e4\u00e4r\u00e4: 5; Kotelomalli: Ilman koppaa; Tarvittava kappalem\u00e4\u00e4r\u00e4: 1; CHEVROLET: CAPTIVA C100, C140; OPEL: ANTARA; VAUXHALL: ANTARA J26, H26; 10393949, 23259883, 4818212, 10393949, 23259883; Ilmam\u00e4\u00e4r\u00e4mittari,MAF Anturi<\/p>\n","protected":false},"excerpt":{"rendered":"<p>BREMI Ilmamassamittari 30336 Ilmam\u00e4\u00e4r\u00e4mittari,MAF Anturi CHEVROLET,OPEL,VAUXHALL,CAPTIVA C100, C140,ANTARA,ANTARA J26, H26<\/p>\n","protected":false},"featured_media":0,"template":"","meta":{"site-sidebar-layout":"default","site-content-layout":"default","ast-global-header-display":"","ast-main-header-display":"","ast-hfb-above-header-display":"","ast-hfb-below-header-display":"","ast-hfb-mobile-header-display":"","site-post-title":"","ast-breadcrumbs-content":"","ast-featured-img":"","footer-sml-layout":"","theme-transparent-header-meta":"","adv-header-id-meta":"","stick-header-meta":"","header-above-stick-meta":"","header-main-stick-meta":"","header-below-stick-meta":""},"pwb-brand":[480],"product_cat":[270],"product_tag":[],"class_list":{"0":"post-38138","1":"product","2":"type-product","3":"status-publish","5":"pwb-brand-bremi","6":"product_cat-ilmamassamittari","7":"desktop-align-left","8":"tablet-align-left","9":"mobile-align-left","11":"first","12":"instock","13":"product-type-external"},"brands":[{"id":480,"name":"BREMI","slug":"bremi"}],"_links":{"self":[{"href":"https:\/\/www.autonvaraosahaku.fi\/index.php?rest_route=\/wp\/v2\/product\/38138","targetHints":{"allow":["GET"]}}],"collection":[{"href":"https:\/\/www.autonvaraosahaku.fi\/index.php?rest_route=\/wp\/v2\/product"}],"about":[{"href":"https:\/\/www.autonvaraosahaku.fi\/index.php?rest_route=\/wp\/v2\/types\/product"}],"wp:attachment":[{"href":"https:\/\/www.autonvaraosahaku.fi\/index.php?rest_route=%2Fwp%2Fv2%2Fmedia&parent=38138"}],"wp:term":[{"taxonomy":"pwb-brand","embeddable":true,"href":"https:\/\/www.autonvaraosahaku.fi\/index.php?rest_route=%2Fwp%2Fv2%2Fpwb-brand&post=38138"},{"taxonomy":"product_cat","embeddable":true,"href":"https:\/\/www.autonvaraosahaku.fi\/index.php?rest_route=%2Fwp%2Fv2%2Fproduct_cat&post=38138"},{"taxonomy":"product_tag","embeddable":true,"href":"https:\/\/www.autonvaraosahaku.fi\/index.php?rest_route=%2Fwp%2Fv2%2Fproduct_tag&post=38138"}],"curies":[{"name":"wp","href":"https:\/\/api.w.org\/{rel}","templated":true}]}}