{"id":38141,"date":"2021-02-21T16:36:43","date_gmt":"2021-02-21T16:36:43","guid":{"rendered":"https:\/\/www.autonvaraosahaku.fi\/?product=maxgear-72-2504-iskunvaimentimen-suojakumi-pohjaanlyontikumi"},"modified":"2021-02-21T16:36:43","modified_gmt":"2021-02-21T16:36:43","slug":"maxgear-72-2504-iskunvaimentimen-suojakumi-pohjaanlyontikumi","status":"publish","type":"product","link":"https:\/\/www.autonvaraosahaku.fi\/?product=maxgear-72-2504-iskunvaimentimen-suojakumi-pohjaanlyontikumi","title":{"rendered":"MAXGEAR 72-2504 Iskunvaimentimen suojakumi &#038; pohjaanly\u00f6ntikumi"},"content":{"rendered":"<p>Pituus (mm): 133; Asennuspuoli: Taka-akseli, molemminpuolinen; Tarvittava kappalem\u00e4\u00e4r\u00e4: 2; Paino [kg]: 0,079; ei PR-numerolle: 1JB; VW: GOLF V 1K1,GOLF VI 5K1,GOLF PLUS 5M1, 521,GOLF V Variant 1K5,EOS 1F7, 1F8,SCIROCCO 137, 138,JETTA III 1K2,GOLF VI Cabriolet 517,JETTA IV 162, 163,BEETLE Cabriolet 5C7; AUDI: A3 Cabriolet 8P7; 1K0511353M, 1K0511353M; Vaimennuskumi, Jousitus<\/p>\n","protected":false},"excerpt":{"rendered":"<p>MAXGEAR Pohjaanly\u00f6ntikumi 72-2504 Vaimennuskumi, Jousitus VW,AUDI,GOLF V 1K1,GOLF VI 5K1,GOLF PLUS 5M1, 521,GOLF V Variant 1K5,EOS 1F7, 1F8<\/p>\n","protected":false},"featured_media":0,"template":"","meta":{"site-sidebar-layout":"default","site-content-layout":"default","ast-global-header-display":"","ast-main-header-display":"","ast-hfb-above-header-display":"","ast-hfb-below-header-display":"","ast-hfb-mobile-header-display":"","site-post-title":"","ast-breadcrumbs-content":"","ast-featured-img":"","footer-sml-layout":"","theme-transparent-header-meta":"","adv-header-id-meta":"","stick-header-meta":"","header-above-stick-meta":"","header-main-stick-meta":"","header-below-stick-meta":""},"pwb-brand":[48],"product_cat":[92],"product_tag":[],"class_list":{"0":"post-38141","1":"product","2":"type-product","3":"status-publish","5":"pwb-brand-maxgear","6":"product_cat-iskunvaimentimen-suojakumi-pohjaanlyontikumi","7":"desktop-align-left","8":"tablet-align-left","9":"mobile-align-left","11":"first","12":"instock","13":"product-type-external"},"brands":[{"id":48,"name":"MAXGEAR","slug":"maxgear"}],"_links":{"self":[{"href":"https:\/\/www.autonvaraosahaku.fi\/index.php?rest_route=\/wp\/v2\/product\/38141","targetHints":{"allow":["GET"]}}],"collection":[{"href":"https:\/\/www.autonvaraosahaku.fi\/index.php?rest_route=\/wp\/v2\/product"}],"about":[{"href":"https:\/\/www.autonvaraosahaku.fi\/index.php?rest_route=\/wp\/v2\/types\/product"}],"wp:attachment":[{"href":"https:\/\/www.autonvaraosahaku.fi\/index.php?rest_route=%2Fwp%2Fv2%2Fmedia&parent=38141"}],"wp:term":[{"taxonomy":"pwb-brand","embeddable":true,"href":"https:\/\/www.autonvaraosahaku.fi\/index.php?rest_route=%2Fwp%2Fv2%2Fpwb-brand&post=38141"},{"taxonomy":"product_cat","embeddable":true,"href":"https:\/\/www.autonvaraosahaku.fi\/index.php?rest_route=%2Fwp%2Fv2%2Fproduct_cat&post=38141"},{"taxonomy":"product_tag","embeddable":true,"href":"https:\/\/www.autonvaraosahaku.fi\/index.php?rest_route=%2Fwp%2Fv2%2Fproduct_tag&post=38141"}],"curies":[{"name":"wp","href":"https:\/\/api.w.org\/{rel}","templated":true}]}}