{"id":38154,"date":"2021-02-21T16:36:43","date_gmt":"2021-02-21T16:36:43","guid":{"rendered":"https:\/\/www.autonvaraosahaku.fi\/?product=denckermann-a120048-polttoainesuodatin"},"modified":"2021-02-21T16:36:46","modified_gmt":"2021-02-21T16:36:46","slug":"denckermann-a120048-polttoainesuodatin","status":"publish","type":"product","link":"https:\/\/www.autonvaraosahaku.fi\/?product=denckermann-a120048-polttoainesuodatin","title":{"rendered":"DENCKERMANN A120048 Polttoainesuodatin"},"content":{"rendered":"<p>Ulkol\u00e4pimitta 1 [mm]: 81; Ulkol\u00e4pimitta 2 [mm]: 84; Sis\u00e4l\u00e4pimitta 1 [mm]: 10; Sis\u00e4l\u00e4pimitta 2 [mm]: 10; Korkeus (mm): 177; Valmistusvuosi alkaen: 04\/2000; BMW: 3 E46,5 E39,3 Touring E46,5 Touring E39,X5 E53; OPEL: OMEGA B Caravan 21_, 22_, 23_,OMEGA B 25_, 26_, 27_; LAND ROVER: RANGE ROVER III LM; ALPINA: D10 E39; 13327785350, 13327787825, WFL000070, WFL4070, 813030, WFL000070, WFL4070, 420799<\/p>\n","protected":false},"excerpt":{"rendered":"<p>DENCKERMANN Polttoainesuodatin A120048  BMW,OPEL,LAND ROVER,3 E46,5 E39,3 Touring E46,5 Touring E39,X5 E53,OMEGA B Caravan 21_, 22_, 23_<\/p>\n","protected":false},"featured_media":0,"template":"","meta":{"site-sidebar-layout":"default","site-content-layout":"default","ast-global-header-display":"","ast-main-header-display":"","ast-hfb-above-header-display":"","ast-hfb-below-header-display":"","ast-hfb-mobile-header-display":"","site-post-title":"","ast-breadcrumbs-content":"","ast-featured-img":"","footer-sml-layout":"","theme-transparent-header-meta":"","adv-header-id-meta":"","stick-header-meta":"","header-above-stick-meta":"","header-main-stick-meta":"","header-below-stick-meta":""},"pwb-brand":[291],"product_cat":[29],"product_tag":[],"class_list":{"0":"post-38154","1":"product","2":"type-product","3":"status-publish","5":"pwb-brand-denckermann","6":"product_cat-polttoainesuodatin","7":"desktop-align-left","8":"tablet-align-left","9":"mobile-align-left","11":"first","12":"instock","13":"product-type-external"},"brands":[{"id":291,"name":"DENCKERMANN","slug":"denckermann"}],"_links":{"self":[{"href":"https:\/\/www.autonvaraosahaku.fi\/index.php?rest_route=\/wp\/v2\/product\/38154","targetHints":{"allow":["GET"]}}],"collection":[{"href":"https:\/\/www.autonvaraosahaku.fi\/index.php?rest_route=\/wp\/v2\/product"}],"about":[{"href":"https:\/\/www.autonvaraosahaku.fi\/index.php?rest_route=\/wp\/v2\/types\/product"}],"wp:attachment":[{"href":"https:\/\/www.autonvaraosahaku.fi\/index.php?rest_route=%2Fwp%2Fv2%2Fmedia&parent=38154"}],"wp:term":[{"taxonomy":"pwb-brand","embeddable":true,"href":"https:\/\/www.autonvaraosahaku.fi\/index.php?rest_route=%2Fwp%2Fv2%2Fpwb-brand&post=38154"},{"taxonomy":"product_cat","embeddable":true,"href":"https:\/\/www.autonvaraosahaku.fi\/index.php?rest_route=%2Fwp%2Fv2%2Fproduct_cat&post=38154"},{"taxonomy":"product_tag","embeddable":true,"href":"https:\/\/www.autonvaraosahaku.fi\/index.php?rest_route=%2Fwp%2Fv2%2Fproduct_tag&post=38154"}],"curies":[{"name":"wp","href":"https:\/\/api.w.org\/{rel}","templated":true}]}}