{"id":38207,"date":"2021-02-21T16:36:58","date_gmt":"2021-02-21T16:36:58","guid":{"rendered":"https:\/\/www.autonvaraosahaku.fi\/?product=hella-6pa-009-166-841-lambda-anturi"},"modified":"2021-02-21T16:36:59","modified_gmt":"2021-02-21T16:36:59","slug":"hella-6pa-009-166-841-lambda-anturi","status":"publish","type":"product","link":"https:\/\/www.autonvaraosahaku.fi\/?product=hella-6pa-009-166-841-lambda-anturi","title":{"rendered":"HELLA 6PA 009 166-841 Lambda anturi"},"content":{"rendered":"<p>Pakoputkisto: ennen katalysaattoria; Lambdatunnistin: S\u00e4\u00e4t\u00f6anturi; Napojen m\u00e4\u00e4r\u00e4: 6; Kaapelinmitta (mm): 800; Asennuspuoli: vorne; VW: GOLF IV 1J1,GOLF V 1K1,GOLF PLUS 5M1, 521,GOLF IV Variant 1J5,CADDY III Kombi 2KB, 2KJ, 2CB, 2CJ,TOUAREG 7LA, 7L6, 7L7,CADDY III Kasten 2KA, 2KH, 2CA, 2CH,BORA 1J2,BORA Kombi 1J6; AUDI: A2 8Z0; SKODA: OCTAVIA Combi 1Z5,FABIA Combi 6Y5,FABIA 6Y2,OCTAVIA 1Z3,FABIA Stufenheck 6Y3,FABIA Praktik; 047906262, 07C906262AJ, 07C906262AK, 07C906262AL, 07C906262AM, 07C906262L, 1K0998262G, 047906262, 07C906262AJ, 07C906262AK, 07C906262AL, 07C906262AM, 07C906262L, 1K0998262G, 47906262, 047906262, 07C906262AJ, 07C906262AK, 07C906262AL, 07C906262AM, 07C906262L, 1K0998262G; Lambdatunnistin,Happianturi<\/p>\n","protected":false},"excerpt":{"rendered":"<p>HELLA Lambda Anturi 6PA 009 166-841 Lambdatunnistin,Happianturi VW,AUDI,SKODA,GOLF IV 1J1,GOLF V 1K1,GOLF PLUS 5M1, 521,GOLF IV Variant 1J5<\/p>\n","protected":false},"featured_media":0,"template":"","meta":{"site-sidebar-layout":"default","site-content-layout":"default","ast-global-header-display":"","ast-main-header-display":"","ast-hfb-above-header-display":"","ast-hfb-below-header-display":"","ast-hfb-mobile-header-display":"","site-post-title":"","ast-breadcrumbs-content":"","ast-featured-img":"","footer-sml-layout":"","theme-transparent-header-meta":"","adv-header-id-meta":"","stick-header-meta":"","header-above-stick-meta":"","header-main-stick-meta":"","header-below-stick-meta":""},"pwb-brand":[24],"product_cat":[264],"product_tag":[],"class_list":{"0":"post-38207","1":"product","2":"type-product","3":"status-publish","5":"pwb-brand-hella","6":"product_cat-lambda-anturi","7":"desktop-align-left","8":"tablet-align-left","9":"mobile-align-left","11":"first","12":"instock","13":"product-type-external"},"brands":[{"id":24,"name":"HELLA","slug":"hella"}],"_links":{"self":[{"href":"https:\/\/www.autonvaraosahaku.fi\/index.php?rest_route=\/wp\/v2\/product\/38207","targetHints":{"allow":["GET"]}}],"collection":[{"href":"https:\/\/www.autonvaraosahaku.fi\/index.php?rest_route=\/wp\/v2\/product"}],"about":[{"href":"https:\/\/www.autonvaraosahaku.fi\/index.php?rest_route=\/wp\/v2\/types\/product"}],"wp:attachment":[{"href":"https:\/\/www.autonvaraosahaku.fi\/index.php?rest_route=%2Fwp%2Fv2%2Fmedia&parent=38207"}],"wp:term":[{"taxonomy":"pwb-brand","embeddable":true,"href":"https:\/\/www.autonvaraosahaku.fi\/index.php?rest_route=%2Fwp%2Fv2%2Fpwb-brand&post=38207"},{"taxonomy":"product_cat","embeddable":true,"href":"https:\/\/www.autonvaraosahaku.fi\/index.php?rest_route=%2Fwp%2Fv2%2Fproduct_cat&post=38207"},{"taxonomy":"product_tag","embeddable":true,"href":"https:\/\/www.autonvaraosahaku.fi\/index.php?rest_route=%2Fwp%2Fv2%2Fproduct_tag&post=38207"}],"curies":[{"name":"wp","href":"https:\/\/api.w.org\/{rel}","templated":true}]}}