{"id":38244,"date":"2021-02-21T16:37:08","date_gmt":"2021-02-21T16:37:08","guid":{"rendered":"https:\/\/www.autonvaraosahaku.fi\/?product=ridex-833c0061-kampiakselin-asentotunnistin"},"modified":"2021-02-21T16:37:09","modified_gmt":"2021-02-21T16:37:09","slug":"ridex-833c0061-kampiakselin-asentotunnistin","status":"publish","type":"product","link":"https:\/\/www.autonvaraosahaku.fi\/?product=ridex-833c0061-kampiakselin-asentotunnistin","title":{"rendered":"RIDEX 833C0061 Kampiakselin asentotunnistin"},"content":{"rendered":"<p>Napojen m\u00e4\u00e4r\u00e4: 3; Pistokkeen kotelon muoto: D-muoto; Kaapelinmitta (mm): 480; Korvaava tuote\/korvaava tiedote 2: Ruuvilla; Valmistusvuosi alkaen: 01\/1998; VW: POLO 9N_,LUPO 6X1, 6E1,POLO 6N2,POLO 6N1,CADDY II Kasten 9K9A,POLO Variant 6KV5,POLO CLASSIC 6KV2,POLO Stufenheck 9A4,CADDY II Kombi 9K9B; AUDI: A2 8Z0; SKODA: FABIA Combi 6Y5,FABIA 6Y2,FABIA Stufenheck 6Y3; SEAT: IBIZA IV 6L1,AROSA 6H,IBIZA II 6K1,IBIZA III 6K1,CORDOBA 6K1, 6K2,CORDOBA Vario 6K1,CORDOBA 6L2,INCA 6K9,CORDOBA Vario 6K2,CORDOBA 6K2; 030906433B, 030957147B, 030957147H, 030957147T, 030906433B, 030957147B, 030957147H, 030957147T, 030906433B, 030957147B, 030957147H, 030957147T, 030906433B, 030957147B, 030957147H, 030957147T; Kampiakselin Anturi,Impulssianturi, Kampiakseli<\/p>\n","protected":false},"excerpt":{"rendered":"<p>RIDEX Kampiakselin Asentotunnistin 833C0061 Kampiakselin Anturi,Impulssianturi, Kampiakseli VW,AUDI,SKODA,POLO 9N_,LUPO 6X1, 6E1,POLO 6N2,POLO 6N1<\/p>\n","protected":false},"featured_media":0,"template":"","meta":{"site-sidebar-layout":"default","site-content-layout":"default","ast-global-header-display":"","ast-main-header-display":"","ast-hfb-above-header-display":"","ast-hfb-below-header-display":"","ast-hfb-mobile-header-display":"","site-post-title":"","ast-breadcrumbs-content":"","ast-featured-img":"","footer-sml-layout":"","theme-transparent-header-meta":"","adv-header-id-meta":"","stick-header-meta":"","header-above-stick-meta":"","header-main-stick-meta":"","header-below-stick-meta":""},"pwb-brand":[157],"product_cat":[184],"product_tag":[],"class_list":{"0":"post-38244","1":"product","2":"type-product","3":"status-publish","5":"pwb-brand-ridex","6":"product_cat-kampiakselin-asentotunnistin","7":"desktop-align-left","8":"tablet-align-left","9":"mobile-align-left","11":"first","12":"instock","13":"product-type-external"},"brands":[{"id":157,"name":"RIDEX","slug":"ridex"}],"_links":{"self":[{"href":"https:\/\/www.autonvaraosahaku.fi\/index.php?rest_route=\/wp\/v2\/product\/38244","targetHints":{"allow":["GET"]}}],"collection":[{"href":"https:\/\/www.autonvaraosahaku.fi\/index.php?rest_route=\/wp\/v2\/product"}],"about":[{"href":"https:\/\/www.autonvaraosahaku.fi\/index.php?rest_route=\/wp\/v2\/types\/product"}],"wp:attachment":[{"href":"https:\/\/www.autonvaraosahaku.fi\/index.php?rest_route=%2Fwp%2Fv2%2Fmedia&parent=38244"}],"wp:term":[{"taxonomy":"pwb-brand","embeddable":true,"href":"https:\/\/www.autonvaraosahaku.fi\/index.php?rest_route=%2Fwp%2Fv2%2Fpwb-brand&post=38244"},{"taxonomy":"product_cat","embeddable":true,"href":"https:\/\/www.autonvaraosahaku.fi\/index.php?rest_route=%2Fwp%2Fv2%2Fproduct_cat&post=38244"},{"taxonomy":"product_tag","embeddable":true,"href":"https:\/\/www.autonvaraosahaku.fi\/index.php?rest_route=%2Fwp%2Fv2%2Fproduct_tag&post=38244"}],"curies":[{"name":"wp","href":"https:\/\/api.w.org\/{rel}","templated":true}]}}