{"id":38274,"date":"2021-02-21T16:37:13","date_gmt":"2021-02-21T16:37:13","guid":{"rendered":"https:\/\/www.autonvaraosahaku.fi\/?product=ridex-13d0037-vetoakseli"},"modified":"2021-02-21T16:37:16","modified_gmt":"2021-02-21T16:37:16","slug":"ridex-13d0037-vetoakseli","status":"publish","type":"product","link":"https:\/\/www.autonvaraosahaku.fi\/?product=ridex-13d0037-vetoakseli","title":{"rendered":"RIDEX 13D0037 Vetoakseli"},"content":{"rendered":"<p>Ulkohammastus, py\u00f6r\u00e4npuoli: 28; Ulkohammastus tasauspy\u00f6r\u00e4st\u00f6puoli: 25; Pituus (mm): 710; Tiivisteen l\u00e4pimitta [mm]: 63; Nivelen l\u00e4pimitta py\u00f6r\u00e4puoli [mm]: 100; Nivelen l\u00e4pimitta vaihteistopuoli [mm]: 100; Kierremitta: M28x1.5; Vaihto-osa: ; Vaihteistomalli: Schaltgetriebe; FIAT: DUCATO Kasten 290,DUCATO Pritsche\/Fahrgestell 290,DUCATO Kasten 280,DUCATO Pritsche\/Fahrgestell 280,DUCATO Panorama 280,DUCATO Panorama 290,TALENTO Pritsche\/Fahrgestell 290,TALENTO Bus 290,TALENTO Kasten 290; CITRO\u00cbN: C25 Bus 280_, 290_,C25 Pritsche\/Fahrgestell 280_, 290_,C25 Kasten 280_, 290_; PEUGEOT: J5 Pritsche\/Fahrgestell 280L,J5 Pritsche\/Fahrgestell 290L,J5 Kasten 280L,J5 Bus 290P,J5 Kasten 290L,J5 Bus 280P; 32727N, 95606803, 96184031, 71783071, 71783072, 95555116, 9559529280, 9607411480, 9617303280, 3272F9, 327360, 327477<\/p>\n","protected":false},"excerpt":{"rendered":"<p>RIDEX Vetoakseli 13D0037  FIAT,CITRO\u00cbN,PEUGEOT,DUCATO Kasten 290,DUCATO Pritsche\/Fahrgestell 290,DUCATO Kasten 280,DUCATO Pritsche\/Fahrgestell 280<\/p>\n","protected":false},"featured_media":0,"template":"","meta":{"site-sidebar-layout":"default","site-content-layout":"default","ast-global-header-display":"","ast-main-header-display":"","ast-hfb-above-header-display":"","ast-hfb-below-header-display":"","ast-hfb-mobile-header-display":"","site-post-title":"","ast-breadcrumbs-content":"","ast-featured-img":"","footer-sml-layout":"","theme-transparent-header-meta":"","adv-header-id-meta":"","stick-header-meta":"","header-above-stick-meta":"","header-main-stick-meta":"","header-below-stick-meta":""},"pwb-brand":[157],"product_cat":[215],"product_tag":[],"class_list":{"0":"post-38274","1":"product","2":"type-product","3":"status-publish","5":"pwb-brand-ridex","6":"product_cat-vetoakseli","7":"desktop-align-left","8":"tablet-align-left","9":"mobile-align-left","11":"first","12":"instock","13":"product-type-external"},"brands":[{"id":157,"name":"RIDEX","slug":"ridex"}],"_links":{"self":[{"href":"https:\/\/www.autonvaraosahaku.fi\/index.php?rest_route=\/wp\/v2\/product\/38274","targetHints":{"allow":["GET"]}}],"collection":[{"href":"https:\/\/www.autonvaraosahaku.fi\/index.php?rest_route=\/wp\/v2\/product"}],"about":[{"href":"https:\/\/www.autonvaraosahaku.fi\/index.php?rest_route=\/wp\/v2\/types\/product"}],"wp:attachment":[{"href":"https:\/\/www.autonvaraosahaku.fi\/index.php?rest_route=%2Fwp%2Fv2%2Fmedia&parent=38274"}],"wp:term":[{"taxonomy":"pwb-brand","embeddable":true,"href":"https:\/\/www.autonvaraosahaku.fi\/index.php?rest_route=%2Fwp%2Fv2%2Fpwb-brand&post=38274"},{"taxonomy":"product_cat","embeddable":true,"href":"https:\/\/www.autonvaraosahaku.fi\/index.php?rest_route=%2Fwp%2Fv2%2Fproduct_cat&post=38274"},{"taxonomy":"product_tag","embeddable":true,"href":"https:\/\/www.autonvaraosahaku.fi\/index.php?rest_route=%2Fwp%2Fv2%2Fproduct_tag&post=38274"}],"curies":[{"name":"wp","href":"https:\/\/api.w.org\/{rel}","templated":true}]}}