{"id":38282,"date":"2021-02-21T16:37:18","date_gmt":"2021-02-21T16:37:18","guid":{"rendered":"https:\/\/www.autonvaraosahaku.fi\/?product=hella-8an-355-790-331-jarrusatula"},"modified":"2021-02-21T16:37:18","modified_gmt":"2021-02-21T16:37:18","slug":"hella-8an-355-790-331-jarrusatula","status":"publish","type":"product","link":"https:\/\/www.autonvaraosahaku.fi\/?product=hella-8an-355-790-331-jarrusatula","title":{"rendered":"HELLA 8AN 355 790-331 Jarrusatula"},"content":{"rendered":"<p>Reik\u00e4-\u00d8 [mm]: 54; Jarrusatulatyyppi: Jarrusatula; Materiaali: Harmaa valurauta; Lis\u00e4tarvike\/lis\u00e4tieto: Ilman pidikett\u00e4; Jarruj\u00e4rjestelm\u00e4: LUCAS-TRW; parilliset tuotenumerot: 8AN 355 790-341; Rungonpalautus vapaaehtoinen: ; Pantiton uusi osa: , ; Teknisten tietojen numero: AN9033; Asennuspuoli: Vorderachse; VW: GOLF III 1H1,PASSAT Variant 3A5, 35I,GOLF III Cabriolet 1E7,GOLF Mk III Cabriolet 1E7,GOLF III Variant 1H5,PASSAT 3A2, 35I,CORRADO 53I,CADDY II Kasten 9K9A,POLO Variant 6KV5,POLO CLASSIC 6KV2,VENTO 1H2,CADDY II Kombi 9K9B,GOLF III Van 1H1; AUDI: 80 8C, B4,80 89, 89Q, 8A, B3,80 Avant 8C, B4,90 89, 89Q, 8A, B3; SEAT: IBIZA II 6K1,CORDOBA 6K1, 6K2,CORDOBA Vario 6K1,TOLEDO I 1L,INCA 6K9; 357615123A, 357615123AX, 357615124AX, 443615123, 893615124, 357615123A, 357615123AX, 357615124AX, 443615123, 893615124, 357615123A, 357615123AX, 443615123, 893615124, 357615123A, 357615123AX, 357615124AX, 443615123, 893615124<\/p>\n","protected":false},"excerpt":{"rendered":"<p>HELLA Jarrusatula 8AN 355 790-331  VW,AUDI,SEAT,GOLF III 1H1,PASSAT Variant 3A5, 35I,GOLF III Cabriolet 1E7,GOLF Mk III Cabriolet 1E7<\/p>\n","protected":false},"featured_media":0,"template":"","meta":{"site-sidebar-layout":"default","site-content-layout":"default","ast-global-header-display":"","ast-main-header-display":"","ast-hfb-above-header-display":"","ast-hfb-below-header-display":"","ast-hfb-mobile-header-display":"","site-post-title":"","ast-breadcrumbs-content":"","ast-featured-img":"","footer-sml-layout":"","theme-transparent-header-meta":"","adv-header-id-meta":"","stick-header-meta":"","header-above-stick-meta":"","header-main-stick-meta":"","header-below-stick-meta":""},"pwb-brand":[24],"product_cat":[177],"product_tag":[],"class_list":{"0":"post-38282","1":"product","2":"type-product","3":"status-publish","5":"pwb-brand-hella","6":"product_cat-jarrusatula","7":"desktop-align-left","8":"tablet-align-left","9":"mobile-align-left","11":"first","12":"instock","13":"product-type-external"},"brands":[{"id":24,"name":"HELLA","slug":"hella"}],"_links":{"self":[{"href":"https:\/\/www.autonvaraosahaku.fi\/index.php?rest_route=\/wp\/v2\/product\/38282","targetHints":{"allow":["GET"]}}],"collection":[{"href":"https:\/\/www.autonvaraosahaku.fi\/index.php?rest_route=\/wp\/v2\/product"}],"about":[{"href":"https:\/\/www.autonvaraosahaku.fi\/index.php?rest_route=\/wp\/v2\/types\/product"}],"wp:attachment":[{"href":"https:\/\/www.autonvaraosahaku.fi\/index.php?rest_route=%2Fwp%2Fv2%2Fmedia&parent=38282"}],"wp:term":[{"taxonomy":"pwb-brand","embeddable":true,"href":"https:\/\/www.autonvaraosahaku.fi\/index.php?rest_route=%2Fwp%2Fv2%2Fpwb-brand&post=38282"},{"taxonomy":"product_cat","embeddable":true,"href":"https:\/\/www.autonvaraosahaku.fi\/index.php?rest_route=%2Fwp%2Fv2%2Fproduct_cat&post=38282"},{"taxonomy":"product_tag","embeddable":true,"href":"https:\/\/www.autonvaraosahaku.fi\/index.php?rest_route=%2Fwp%2Fv2%2Fproduct_tag&post=38282"}],"curies":[{"name":"wp","href":"https:\/\/api.w.org\/{rel}","templated":true}]}}