{"id":38347,"date":"2021-02-21T16:37:33","date_gmt":"2021-02-21T16:37:33","guid":{"rendered":"https:\/\/www.autonvaraosahaku.fi\/?product=vaico-v24-7191-oljynsuodatin"},"modified":"2021-02-21T16:37:35","modified_gmt":"2021-02-21T16:37:35","slug":"vaico-v24-7191-oljynsuodatin","status":"publish","type":"product","link":"https:\/\/www.autonvaraosahaku.fi\/?product=vaico-v24-7191-oljynsuodatin","title":{"rendered":"VAICO V24-7191 \u00d6ljynsuodatin"},"content":{"rendered":"<p>Ulkol\u00e4pimitta 1 [mm]: 66; Sis\u00e4l\u00e4pimitta 1 [mm]: 26; Korkeus 1 (mm): 97; Sis\u00e4l\u00e4pimitta 2 [mm]: 37; lis\u00e4tieto: CST99; Varustelumahdollisuudet: Ufi; OPEL: COMBO Kasten\/Kombi X12,COMBO Tour X12,CORSA E,CORSA E Van; FIAT: DOBLO Kasten\/Kombi 263,QUBO 225,DOBLO Gro\u00dfraumlimousine 152, 263,FIORINO Kasten\/Kombi 225,DOBLO Pritsche\/Fahrgestell 263,500X; PEUGEOT: BIPPER AA_,BIPPER Tepee; CITRO\u00cbN: NEMO Kasten AA_,NEMO Kombi; ALFA ROMEO: MITO 955; VAUXHALL: COMBO Mk III D Kasten\/Kombi,CORSA Mk IV E; 6000626025<\/p>\n","protected":false},"excerpt":{"rendered":"<p>VAICO \u00d6ljynsuodatin V24-7191  OPEL,FIAT,PEUGEOT,COMBO Kasten\/Kombi X12,COMBO Tour X12,CORSA E,CORSA E Van,DOBLO Kasten\/Kombi 263,QUBO 225<\/p>\n","protected":false},"featured_media":0,"template":"","meta":{"site-sidebar-layout":"default","site-content-layout":"default","ast-global-header-display":"","ast-main-header-display":"","ast-hfb-above-header-display":"","ast-hfb-below-header-display":"","ast-hfb-mobile-header-display":"","site-post-title":"","ast-breadcrumbs-content":"","ast-featured-img":"","footer-sml-layout":"","theme-transparent-header-meta":"","adv-header-id-meta":"","stick-header-meta":"","header-above-stick-meta":"","header-main-stick-meta":"","header-below-stick-meta":""},"pwb-brand":[330],"product_cat":[30],"product_tag":[],"class_list":{"0":"post-38347","1":"product","2":"type-product","3":"status-publish","5":"pwb-brand-vaico","6":"product_cat-oljynsuodatin","7":"desktop-align-left","8":"tablet-align-left","9":"mobile-align-left","11":"first","12":"instock","13":"product-type-external"},"brands":[{"id":330,"name":"VAICO","slug":"vaico"}],"_links":{"self":[{"href":"https:\/\/www.autonvaraosahaku.fi\/index.php?rest_route=\/wp\/v2\/product\/38347","targetHints":{"allow":["GET"]}}],"collection":[{"href":"https:\/\/www.autonvaraosahaku.fi\/index.php?rest_route=\/wp\/v2\/product"}],"about":[{"href":"https:\/\/www.autonvaraosahaku.fi\/index.php?rest_route=\/wp\/v2\/types\/product"}],"wp:attachment":[{"href":"https:\/\/www.autonvaraosahaku.fi\/index.php?rest_route=%2Fwp%2Fv2%2Fmedia&parent=38347"}],"wp:term":[{"taxonomy":"pwb-brand","embeddable":true,"href":"https:\/\/www.autonvaraosahaku.fi\/index.php?rest_route=%2Fwp%2Fv2%2Fpwb-brand&post=38347"},{"taxonomy":"product_cat","embeddable":true,"href":"https:\/\/www.autonvaraosahaku.fi\/index.php?rest_route=%2Fwp%2Fv2%2Fproduct_cat&post=38347"},{"taxonomy":"product_tag","embeddable":true,"href":"https:\/\/www.autonvaraosahaku.fi\/index.php?rest_route=%2Fwp%2Fv2%2Fproduct_tag&post=38347"}],"curies":[{"name":"wp","href":"https:\/\/api.w.org\/{rel}","templated":true}]}}