{"id":38349,"date":"2021-02-21T16:37:33","date_gmt":"2021-02-21T16:37:33","guid":{"rendered":"https:\/\/www.autonvaraosahaku.fi\/?product=esen-skv-94skv056-lammityslaitteen-puhaltimen-vastus"},"modified":"2021-02-21T16:37:35","modified_gmt":"2021-02-21T16:37:35","slug":"esen-skv-94skv056-lammityslaitteen-puhaltimen-vastus","status":"publish","type":"product","link":"https:\/\/www.autonvaraosahaku.fi\/?product=esen-skv-94skv056-lammityslaitteen-puhaltimen-vastus","title":{"rendered":"ESEN SKV 94SKV056 L\u00e4mmityslaitteen puhaltimen vastus"},"content":{"rendered":"<p>J\u00e4nnite (V): 12; Paino [kg]: 0,11; K\u00e4ytt\u00f6: S\u00e4hk\u00f6inen; VW: SHARAN 7M8, 7M9, 7M6; FORD: GALAXY WGR; SEAT: ALHAMBRA 7V8, 7V9; 7M0959263, 7M0959263C, 7M0959263G, 1104837, 95NW18B647BD, 7M0959263, 7M0959263C, 7M0959263G, 7M0959263, 7M0959263C, 7M0959263G, 7M0959263, 7M0959263C, 7M0959263G; Vastus, Sis\u00e4ilmantuuletin<\/p>\n","protected":false},"excerpt":{"rendered":"<p>ESEN SKV L\u00e4mmityslaitteen Puhaltimen Vastus 94SKV056 Vastus, Sis\u00e4ilmantuuletin VW,FORD,SEAT,SHARAN 7M8, 7M9, 7M6,GALAXY WGR,ALHAMBRA 7V8, 7V9<\/p>\n","protected":false},"featured_media":0,"template":"","meta":{"site-sidebar-layout":"default","site-content-layout":"default","ast-global-header-display":"","ast-main-header-display":"","ast-hfb-above-header-display":"","ast-hfb-below-header-display":"","ast-hfb-mobile-header-display":"","site-post-title":"","ast-breadcrumbs-content":"","ast-featured-img":"","footer-sml-layout":"","theme-transparent-header-meta":"","adv-header-id-meta":"","stick-header-meta":"","header-above-stick-meta":"","header-main-stick-meta":"","header-below-stick-meta":""},"pwb-brand":[384],"product_cat":[134],"product_tag":[],"class_list":{"0":"post-38349","1":"product","2":"type-product","3":"status-publish","5":"pwb-brand-esen-skv","6":"product_cat-lammityslaitteen-puhaltimen-vastus","7":"desktop-align-left","8":"tablet-align-left","9":"mobile-align-left","11":"first","12":"instock","13":"product-type-external"},"brands":[{"id":384,"name":"ESEN SKV","slug":"esen-skv"}],"_links":{"self":[{"href":"https:\/\/www.autonvaraosahaku.fi\/index.php?rest_route=\/wp\/v2\/product\/38349","targetHints":{"allow":["GET"]}}],"collection":[{"href":"https:\/\/www.autonvaraosahaku.fi\/index.php?rest_route=\/wp\/v2\/product"}],"about":[{"href":"https:\/\/www.autonvaraosahaku.fi\/index.php?rest_route=\/wp\/v2\/types\/product"}],"wp:attachment":[{"href":"https:\/\/www.autonvaraosahaku.fi\/index.php?rest_route=%2Fwp%2Fv2%2Fmedia&parent=38349"}],"wp:term":[{"taxonomy":"pwb-brand","embeddable":true,"href":"https:\/\/www.autonvaraosahaku.fi\/index.php?rest_route=%2Fwp%2Fv2%2Fpwb-brand&post=38349"},{"taxonomy":"product_cat","embeddable":true,"href":"https:\/\/www.autonvaraosahaku.fi\/index.php?rest_route=%2Fwp%2Fv2%2Fproduct_cat&post=38349"},{"taxonomy":"product_tag","embeddable":true,"href":"https:\/\/www.autonvaraosahaku.fi\/index.php?rest_route=%2Fwp%2Fv2%2Fproduct_tag&post=38349"}],"curies":[{"name":"wp","href":"https:\/\/api.w.org\/{rel}","templated":true}]}}