{"id":38363,"date":"2021-02-21T16:37:38","date_gmt":"2021-02-21T16:37:38","guid":{"rendered":"https:\/\/www.autonvaraosahaku.fi\/?product=beru-zs563-sytytyspuola"},"modified":"2021-02-21T16:37:39","modified_gmt":"2021-02-21T16:37:39","slug":"beru-zs563-sytytyspuola","status":"publish","type":"product","link":"https:\/\/www.autonvaraosahaku.fi\/?product=beru-zs563-sytytyspuola","title":{"rendered":"BERU ZS563 Sytytyspuola"},"content":{"rendered":"<p>Liittimet: DIN+M5; Sytytyspuola: Liit\u00e4nt\u00e4 DIN; Liittimi\u00e4: 1; J\u00e4nnite (V): 12; Napojen m\u00e4\u00e4r\u00e4: 2; Varusteet: ajoneuvoille virranjakajalla; Liitinkierre: M5; Valmistusvuosi alkaen: 06\/1973; VW: TRANSPORTER III Bus,KAEFER,KAEFER Cabriolet 15,TRANSPORTER III Kasten,TRANSPORTER II Bus,TRANSPORTER III Pritsche\/Fahrgestell,POLO 86,411412,SAFARI,1500,1600 Variant 36,1500,1600 31,DERBY 86C, 80,DERBY 86,1500,1600 Schr\u00e4gheck 31,TRANSPORTER II Kasten,SANTANA 32B,TRANSPORTER I Pritsche\/Fahrgestell 26,TRANSPORTER II Pritsche\/Fahrgestell,TRANSPORTER I Kasten 21, 23; AUDI: 80 81, 85, B2,80 80, 82, B1,50 86; SKODA: 105,120 742,100,105,120 744,110,RAPID 120G, 130G, 135G,110 Coupe; BMW: 02 E10,3 E21,5 E12,02 Touring E6,02 Cabriolet E10; SEAT: IBIZA I 021A,TERRA Kasten 024A,127 127A,124,600 D,TERRA 24,133,850,128,132; LADA: NIVA 2121,1200-1600,1200-1500 Kombi,NOVA 2105,TOSCANA 2107,NOVA Kombi 2104; NISSAN: BLUEBIRD Station Wagon WU11,BLUEBIRD U11,CHERRY III N12,CHERRY II Coupe N10,BLUEBIRD 910,CHERRY II Hatchback N10,BLUEBIRD Traveller W910,BLUEBIRD Stufenheck 910,CHERRY II Traveller VN10; HONDA: ACCORD II AC, AD; LAND ROVER: 90\/110 DHMC; VOLVO: 240 Kombi P245,240 P242, P244,P 121,140 142, 144,P 122 S AMAZON,140 Kombi 145; 105266507900, 510897, 89203107100000, 12131350051, 12131357296, 12131359637, 12138630004, 2495531, DM21208B, 315447, 345061, 4071394, 4261940, 4324184, 4384184, 82303852, 1505155, 5006104, 71OM12KO18E2A, A71012KO18E2A, A790X12KO18CA, 30500634015, 30500634671, 30500642000, 981360005, 982511535, 982513509, 210137050560, 0001580003, 0001580203, 0001583203, 0001583403, 0001583803, 6071580003, MD001800, MD001804, MD017612, 2243314800, 2243314805, 2243314806, 2243314810, 2243314811, 2243314815, 2243314816, 2243314900, 2243314905, 2243331300, 2243331303, 2243358000, 2243378500, 2243378510, 2243379011, 2243379012, 22433L1610, 22433L6801, 3768150901, 1208009, 1208011, 1208013, 1208014, 1208018, 1208079, 12787707, 97136325, 97174554, 597010, 597026, 61660210900, 92860250200, 0854243200, 0854269800, 0854337600, 7700552370, 7700737461, 7700738322, 7700742132, 7701348252, 7308604, 7308737, 8522328, 9010757, 829884110, 9150589080, 9091902004, 9091902007, 9091902008, 9091902013, 9091902014, 9091902&#8230;<\/p>\n","protected":false},"excerpt":{"rendered":"<p>BERU Sytytyspuola ZS563  VW,AUDI,SKODA,TRANSPORTER III Bus,KAEFER,KAEFER Cabriolet 15,TRANSPORTER III Kasten,TRANSPORTER II Bus<\/p>\n","protected":false},"featured_media":0,"template":"","meta":{"site-sidebar-layout":"default","site-content-layout":"default","ast-global-header-display":"","ast-main-header-display":"","ast-hfb-above-header-display":"","ast-hfb-below-header-display":"","ast-hfb-mobile-header-display":"","site-post-title":"","ast-breadcrumbs-content":"","ast-featured-img":"","footer-sml-layout":"","theme-transparent-header-meta":"","adv-header-id-meta":"","stick-header-meta":"","header-above-stick-meta":"","header-main-stick-meta":"","header-below-stick-meta":""},"pwb-brand":[327],"product_cat":[25],"product_tag":[],"class_list":{"0":"post-38363","1":"product","2":"type-product","3":"status-publish","5":"pwb-brand-beru","6":"product_cat-sytytyspuola","7":"desktop-align-left","8":"tablet-align-left","9":"mobile-align-left","11":"first","12":"instock","13":"product-type-external"},"brands":[{"id":327,"name":"BERU","slug":"beru"}],"_links":{"self":[{"href":"https:\/\/www.autonvaraosahaku.fi\/index.php?rest_route=\/wp\/v2\/product\/38363","targetHints":{"allow":["GET"]}}],"collection":[{"href":"https:\/\/www.autonvaraosahaku.fi\/index.php?rest_route=\/wp\/v2\/product"}],"about":[{"href":"https:\/\/www.autonvaraosahaku.fi\/index.php?rest_route=\/wp\/v2\/types\/product"}],"wp:attachment":[{"href":"https:\/\/www.autonvaraosahaku.fi\/index.php?rest_route=%2Fwp%2Fv2%2Fmedia&parent=38363"}],"wp:term":[{"taxonomy":"pwb-brand","embeddable":true,"href":"https:\/\/www.autonvaraosahaku.fi\/index.php?rest_route=%2Fwp%2Fv2%2Fpwb-brand&post=38363"},{"taxonomy":"product_cat","embeddable":true,"href":"https:\/\/www.autonvaraosahaku.fi\/index.php?rest_route=%2Fwp%2Fv2%2Fproduct_cat&post=38363"},{"taxonomy":"product_tag","embeddable":true,"href":"https:\/\/www.autonvaraosahaku.fi\/index.php?rest_route=%2Fwp%2Fv2%2Fproduct_tag&post=38363"}],"curies":[{"name":"wp","href":"https:\/\/api.w.org\/{rel}","templated":true}]}}