{"id":38380,"date":"2021-02-21T16:37:43","date_gmt":"2021-02-21T16:37:43","guid":{"rendered":"https:\/\/www.autonvaraosahaku.fi\/?product=jp-group-1419900100-egr-venttiili"},"modified":"2021-02-21T16:37:43","modified_gmt":"2021-02-21T16:37:43","slug":"jp-group-1419900100-egr-venttiili","status":"publish","type":"product","link":"https:\/\/www.autonvaraosahaku.fi\/?product=jp-group-1419900100-egr-venttiili","title":{"rendered":"JP GROUP 1419900100 Egr venttiili"},"content":{"rendered":"<p>K\u00e4ytt\u00f6: Pneumaattinen; Lis\u00e4tarvike\/lis\u00e4tieto: Tiivisteill\u00e4; Varusteet: ajoneuvoille diesel-hiukkasfiltterill\u00e4 (DPF); Pakokaasunormi: Euro 4 (D4); BMW: 3 Touring E91,3 E90,5 E60,1 E87,5 Touring E61,X3 E83,1 E81,X5 E70,X5 E53,3 Coupe E92,3 Cabriolet E93,7 E65, E66, E67,X6 E71, E72,6 E63,6 Cabriolet E64; 11717793484, 11717804351, 11717804352, 11717804380, 11717804382; Venttiili, Pakokaasun Kierr\u00e4tys<\/p>\n","protected":false},"excerpt":{"rendered":"<p>JP GROUP EGR Venttiili JP Group 1419900100 Venttiili, Pakokaasun Kierr\u00e4tys BMW,3 Touring E91,3 E90,5 E60,1 E87,5 Touring E61,X3 E83,1 E81,X5 E70<\/p>\n","protected":false},"featured_media":0,"template":"","meta":{"site-sidebar-layout":"default","site-content-layout":"default","ast-global-header-display":"","ast-main-header-display":"","ast-hfb-above-header-display":"","ast-hfb-below-header-display":"","ast-hfb-mobile-header-display":"","site-post-title":"","ast-breadcrumbs-content":"","ast-featured-img":"","footer-sml-layout":"","theme-transparent-header-meta":"","adv-header-id-meta":"","stick-header-meta":"","header-above-stick-meta":"","header-main-stick-meta":"","header-below-stick-meta":""},"pwb-brand":[131],"product_cat":[35],"product_tag":[],"class_list":{"0":"post-38380","1":"product","2":"type-product","3":"status-publish","5":"pwb-brand-jp-group","6":"product_cat-egr-venttiili","7":"desktop-align-left","8":"tablet-align-left","9":"mobile-align-left","11":"first","12":"instock","13":"product-type-external"},"brands":[{"id":131,"name":"JP GROUP","slug":"jp-group"}],"_links":{"self":[{"href":"https:\/\/www.autonvaraosahaku.fi\/index.php?rest_route=\/wp\/v2\/product\/38380","targetHints":{"allow":["GET"]}}],"collection":[{"href":"https:\/\/www.autonvaraosahaku.fi\/index.php?rest_route=\/wp\/v2\/product"}],"about":[{"href":"https:\/\/www.autonvaraosahaku.fi\/index.php?rest_route=\/wp\/v2\/types\/product"}],"wp:attachment":[{"href":"https:\/\/www.autonvaraosahaku.fi\/index.php?rest_route=%2Fwp%2Fv2%2Fmedia&parent=38380"}],"wp:term":[{"taxonomy":"pwb-brand","embeddable":true,"href":"https:\/\/www.autonvaraosahaku.fi\/index.php?rest_route=%2Fwp%2Fv2%2Fpwb-brand&post=38380"},{"taxonomy":"product_cat","embeddable":true,"href":"https:\/\/www.autonvaraosahaku.fi\/index.php?rest_route=%2Fwp%2Fv2%2Fproduct_cat&post=38380"},{"taxonomy":"product_tag","embeddable":true,"href":"https:\/\/www.autonvaraosahaku.fi\/index.php?rest_route=%2Fwp%2Fv2%2Fproduct_tag&post=38380"}],"curies":[{"name":"wp","href":"https:\/\/api.w.org\/{rel}","templated":true}]}}