{"id":38390,"date":"2021-02-21T16:37:43","date_gmt":"2021-02-21T16:37:43","guid":{"rendered":"https:\/\/www.autonvaraosahaku.fi\/?product=elwis-royal-8452010-nokka-akselin-tiiviste"},"modified":"2021-02-21T16:37:45","modified_gmt":"2021-02-21T16:37:45","slug":"elwis-royal-8452010-nokka-akselin-tiiviste","status":"publish","type":"product","link":"https:\/\/www.autonvaraosahaku.fi\/?product=elwis-royal-8452010-nokka-akselin-tiiviste","title":{"rendered":"ELWIS ROYAL 8452010 Nokka akselin tiiviste"},"content":{"rendered":"<p>Tarvittava kappalem\u00e4\u00e4r\u00e4: 1; Leveys (mm): 8; Materiaali: MVQ (silikooni\/kautsu); Sis\u00e4l\u00e4pimitta [mm]: 32; Ulkol\u00e4pimitta [mm]: 47; DAEWOO: KALOS KLAS,MATIZ KLYA,MATIZ Kasten KLA4,TICO KLY3; SUZUKI: SAMURAI SJ,SWIFT II Schr\u00e4gheck EA, MA,VITARA ET, TA,VITARA Cabrio ET, TA,SJ 413,LJ 80,BALENO EG,BALENO Schr\u00e4gheck EG,SJ 410 Cabrio,SJ 410,JIMNY SJ, JA, JB,SWIFT I AA,SWIFT Cabriolet SF413,SUPER CARRY Bus ED,CARRY Kasten ST90V,CARRY Pick-up,SAMURAI Gel\u00e4ndewagen offen SJ,CARRY Kasten,SUPER CARRY Kasten ED; CHEVROLET: MATIZ M200, M250,AVEO Schr\u00e4gheck T250, T255,AVEO Stufenheck T250, T255,SPARK M200 M250,SPARK M150,AVEO Schr\u00e4gheck T200; 0928332022, 91120283, 91120284, 94535472, 96051420, 0928332002, 0928332003, 0928332016, 0928332022, 0928332025, 0928332026; Akselitiiviste, Nokka-Akseli<\/p>\n","protected":false},"excerpt":{"rendered":"<p>ELWIS ROYAL Nokka Akselin Tiiviste 8452010 Akselitiiviste, Nokka-Akseli DAEWOO,SUZUKI,CHEVROLET,KALOS KLAS,MATIZ KLYA,MATIZ Kasten KLA4,TICO KLY3<\/p>\n","protected":false},"featured_media":0,"template":"","meta":{"site-sidebar-layout":"default","site-content-layout":"default","ast-global-header-display":"","ast-main-header-display":"","ast-hfb-above-header-display":"","ast-hfb-below-header-display":"","ast-hfb-mobile-header-display":"","site-post-title":"","ast-breadcrumbs-content":"","ast-featured-img":"","footer-sml-layout":"","theme-transparent-header-meta":"","adv-header-id-meta":"","stick-header-meta":"","header-above-stick-meta":"","header-main-stick-meta":"","header-below-stick-meta":""},"pwb-brand":[120],"product_cat":[122],"product_tag":[],"class_list":{"0":"post-38390","1":"product","2":"type-product","3":"status-publish","5":"pwb-brand-elwis-royal","6":"product_cat-nokka-akselin-tiiviste","7":"desktop-align-left","8":"tablet-align-left","9":"mobile-align-left","11":"first","12":"instock","13":"product-type-external"},"brands":[{"id":120,"name":"ELWIS ROYAL","slug":"elwis-royal"}],"_links":{"self":[{"href":"https:\/\/www.autonvaraosahaku.fi\/index.php?rest_route=\/wp\/v2\/product\/38390","targetHints":{"allow":["GET"]}}],"collection":[{"href":"https:\/\/www.autonvaraosahaku.fi\/index.php?rest_route=\/wp\/v2\/product"}],"about":[{"href":"https:\/\/www.autonvaraosahaku.fi\/index.php?rest_route=\/wp\/v2\/types\/product"}],"wp:attachment":[{"href":"https:\/\/www.autonvaraosahaku.fi\/index.php?rest_route=%2Fwp%2Fv2%2Fmedia&parent=38390"}],"wp:term":[{"taxonomy":"pwb-brand","embeddable":true,"href":"https:\/\/www.autonvaraosahaku.fi\/index.php?rest_route=%2Fwp%2Fv2%2Fpwb-brand&post=38390"},{"taxonomy":"product_cat","embeddable":true,"href":"https:\/\/www.autonvaraosahaku.fi\/index.php?rest_route=%2Fwp%2Fv2%2Fproduct_cat&post=38390"},{"taxonomy":"product_tag","embeddable":true,"href":"https:\/\/www.autonvaraosahaku.fi\/index.php?rest_route=%2Fwp%2Fv2%2Fproduct_tag&post=38390"}],"curies":[{"name":"wp","href":"https:\/\/api.w.org\/{rel}","templated":true}]}}