{"id":38404,"date":"2021-02-21T16:37:48","date_gmt":"2021-02-21T16:37:48","guid":{"rendered":"https:\/\/www.autonvaraosahaku.fi\/?product=ridex-78b0774-jarrusatula"},"modified":"2021-02-21T16:37:49","modified_gmt":"2021-02-21T16:37:49","slug":"ridex-78b0774-jarrusatula","status":"publish","type":"product","link":"https:\/\/www.autonvaraosahaku.fi\/?product=ridex-78b0774-jarrusatula","title":{"rendered":"RIDEX 78B0774 Jarrusatula"},"content":{"rendered":"<p>L\u00e4pimitta 1\/l\u00e4pimitta 2 [mm]: 38,0; Jarruj\u00e4rjestelm\u00e4: NISSIN; Jarrulevypaksuudelle [mm]: 9; Materiaali: Harmaa valurauta; Jarrusatulatyyppi: Jarrusatula (1-m\u00e4nt\u00e4), Jarrusatula, sis. rak. jarrusatulalla; Liittimi\u00e4: 1; Asennuspuoli: Taakse, vasen, Hinterachse; HONDA: ACCORD VIII CU,ACCORD VIII Kombi; 43019TA0A01, 43019TA0A02, 43019TA0A51, 43019TA0A81<\/p>\n","protected":false},"excerpt":{"rendered":"<p>RIDEX Jarrusatula 78B0774  HONDA,ACCORD VIII CU,ACCORD VIII Kombi<\/p>\n","protected":false},"featured_media":0,"template":"","meta":{"site-sidebar-layout":"default","site-content-layout":"default","ast-global-header-display":"","ast-main-header-display":"","ast-hfb-above-header-display":"","ast-hfb-below-header-display":"","ast-hfb-mobile-header-display":"","site-post-title":"","ast-breadcrumbs-content":"","ast-featured-img":"","footer-sml-layout":"","theme-transparent-header-meta":"","adv-header-id-meta":"","stick-header-meta":"","header-above-stick-meta":"","header-main-stick-meta":"","header-below-stick-meta":""},"pwb-brand":[157],"product_cat":[177],"product_tag":[],"class_list":{"0":"post-38404","1":"product","2":"type-product","3":"status-publish","5":"pwb-brand-ridex","6":"product_cat-jarrusatula","7":"desktop-align-left","8":"tablet-align-left","9":"mobile-align-left","11":"first","12":"instock","13":"product-type-external"},"brands":[{"id":157,"name":"RIDEX","slug":"ridex"}],"_links":{"self":[{"href":"https:\/\/www.autonvaraosahaku.fi\/index.php?rest_route=\/wp\/v2\/product\/38404","targetHints":{"allow":["GET"]}}],"collection":[{"href":"https:\/\/www.autonvaraosahaku.fi\/index.php?rest_route=\/wp\/v2\/product"}],"about":[{"href":"https:\/\/www.autonvaraosahaku.fi\/index.php?rest_route=\/wp\/v2\/types\/product"}],"wp:attachment":[{"href":"https:\/\/www.autonvaraosahaku.fi\/index.php?rest_route=%2Fwp%2Fv2%2Fmedia&parent=38404"}],"wp:term":[{"taxonomy":"pwb-brand","embeddable":true,"href":"https:\/\/www.autonvaraosahaku.fi\/index.php?rest_route=%2Fwp%2Fv2%2Fpwb-brand&post=38404"},{"taxonomy":"product_cat","embeddable":true,"href":"https:\/\/www.autonvaraosahaku.fi\/index.php?rest_route=%2Fwp%2Fv2%2Fproduct_cat&post=38404"},{"taxonomy":"product_tag","embeddable":true,"href":"https:\/\/www.autonvaraosahaku.fi\/index.php?rest_route=%2Fwp%2Fv2%2Fproduct_tag&post=38404"}],"curies":[{"name":"wp","href":"https:\/\/api.w.org\/{rel}","templated":true}]}}