{"id":38412,"date":"2021-02-21T16:37:48","date_gmt":"2021-02-21T16:37:48","guid":{"rendered":"https:\/\/www.autonvaraosahaku.fi\/?product=autofren-seinsa-d1120-muut-luokat"},"modified":"2021-02-21T16:37:51","modified_gmt":"2021-02-21T16:37:51","slug":"autofren-seinsa-d1120-muut-luokat","status":"publish","type":"product","link":"https:\/\/www.autonvaraosahaku.fi\/?product=autofren-seinsa-d1120-muut-luokat","title":{"rendered":"AUTOFREN SEINSA D1120 Muut luokat"},"content":{"rendered":"<p>L\u00e4pimitta [mm]: 19; Jarruj\u00e4rjestelm\u00e4: ATE; Erittely: SIN ABS; CITRO\u00cbN: AX ZA-_; PEUGEOT: 106 II 1,306 Schr\u00e4gheck 7A, 7C, N3, N5,106 I 1A, 1C,205 II 20A\/C,205 I Cabriolet 741B, 20D,309 II 3C, 3A,205 I 741A\/C,205 Kasten; RENAULT: CLIO II BB0\/1\/2_, CB0\/1\/2_,MEGANE II Kombi KM0\/1_,MEGANE II Coup\u00e9-Cabriolet EM0\/1_,MEGANE II BM0\/1_, CM0\/1_,CLIO I B\/C57_, 5\/357_,MEGANE II Stufenheck LM0\/1_,CLIO II Kasten SB0\/1\/2_,19 II B\/C53_,19 II Cabriolet D53_, 853_,SUPER 5 B\/C40_,RAPID Kasten F40_, G40_,19 I B\/C53_,9 L42_,19 II Chamade L53_,11 B\/C37_,19 I Chamade L53_,CLIO I Kasten S57_,19 I Cabriolet D53_,21 B48_,19 II Kasten S53_,19 I Kasten S53_,SUPER 5 Kasten S40_; 95651016, 95669039, 463390, 463391, 7701202214<\/p>\n","protected":false},"excerpt":{"rendered":"<p>AUTOFREN SEINSA Korjaussarja, Jarrup\u00e4\u00e4sylinteri D1120  CITRO\u00cbN,PEUGEOT,RENAULT,AX ZA-_,106 II 1,306 Schr\u00e4gheck 7A, 7C, N3, N5,106 I 1A, 1C<\/p>\n","protected":false},"featured_media":0,"template":"","meta":{"site-sidebar-layout":"default","site-content-layout":"default","ast-global-header-display":"","ast-main-header-display":"","ast-hfb-above-header-display":"","ast-hfb-below-header-display":"","ast-hfb-mobile-header-display":"","site-post-title":"","ast-breadcrumbs-content":"","ast-featured-img":"","footer-sml-layout":"","theme-transparent-header-meta":"","adv-header-id-meta":"","stick-header-meta":"","header-above-stick-meta":"","header-main-stick-meta":"","header-below-stick-meta":""},"pwb-brand":[243],"product_cat":[37],"product_tag":[],"class_list":{"0":"post-38412","1":"product","2":"type-product","3":"status-publish","5":"pwb-brand-autofren-seinsa","6":"product_cat-muut-luokat","7":"desktop-align-left","8":"tablet-align-left","9":"mobile-align-left","11":"first","12":"instock","13":"product-type-external"},"brands":[{"id":243,"name":"AUTOFREN SEINSA","slug":"autofren-seinsa"}],"_links":{"self":[{"href":"https:\/\/www.autonvaraosahaku.fi\/index.php?rest_route=\/wp\/v2\/product\/38412","targetHints":{"allow":["GET"]}}],"collection":[{"href":"https:\/\/www.autonvaraosahaku.fi\/index.php?rest_route=\/wp\/v2\/product"}],"about":[{"href":"https:\/\/www.autonvaraosahaku.fi\/index.php?rest_route=\/wp\/v2\/types\/product"}],"wp:attachment":[{"href":"https:\/\/www.autonvaraosahaku.fi\/index.php?rest_route=%2Fwp%2Fv2%2Fmedia&parent=38412"}],"wp:term":[{"taxonomy":"pwb-brand","embeddable":true,"href":"https:\/\/www.autonvaraosahaku.fi\/index.php?rest_route=%2Fwp%2Fv2%2Fpwb-brand&post=38412"},{"taxonomy":"product_cat","embeddable":true,"href":"https:\/\/www.autonvaraosahaku.fi\/index.php?rest_route=%2Fwp%2Fv2%2Fproduct_cat&post=38412"},{"taxonomy":"product_tag","embeddable":true,"href":"https:\/\/www.autonvaraosahaku.fi\/index.php?rest_route=%2Fwp%2Fv2%2Fproduct_tag&post=38412"}],"curies":[{"name":"wp","href":"https:\/\/api.w.org\/{rel}","templated":true}]}}