{"id":38415,"date":"2021-02-21T16:37:48","date_gmt":"2021-02-21T16:37:48","guid":{"rendered":"https:\/\/www.autonvaraosahaku.fi\/?product=master-sport-8200234651-set-8-ms-nokka-akselin-tiiviste"},"modified":"2021-02-21T16:37:51","modified_gmt":"2021-02-21T16:37:51","slug":"master-sport-8200234651-set-8-ms-nokka-akselin-tiiviste","status":"publish","type":"product","link":"https:\/\/www.autonvaraosahaku.fi\/?product=master-sport-8200234651-set-8-ms-nokka-akselin-tiiviste","title":{"rendered":"MASTER-SPORT 8200234651-SET\/8\/-MS Nokka akselin tiiviste"},"content":{"rendered":"<p>Paksuus [mm]: 10; Asennuspuoli: Sisempi; Muoto: O-muoto; Sis\u00e4l\u00e4pimitta [mm]: 7; Ulkol\u00e4pimitta [mm]: 9,8; Nettopaino [kg]: 0,02; Bruttopaino [kg]: 0,04; DACIA: SANDERO,LOGAN MCV KS_,LOGAN LS_,LOGAN EXPRESS FS_,LOGAN Pick-up US_,SOLENZA; RENAULT: CLIO II BB0\/1\/2_, CB0\/1\/2_,SC\u00c9NIC II JM0\/1_,KANGOO KC0\/1_,ESPACE IV JK0\/1_,LAGUNA II Grandtour KG0\/1_,MEGANE II Kombi KM0\/1_,SC\u00c9NIC I JA0\/1_,MEGANE II Coup\u00e9-Cabriolet EM0\/1_,ESPACE III JE0_,MEGANE Scenic JA0\/1_,LAGUNA II BG0\/1_,MEGANE II BM0\/1_, CM0\/1_,TRAFIC II Bus JL,MEGANE I BA0\/1_,MASTER II Kasten FD,TRAFIC II Kasten FL,KANGOO Express FC0\/1_,GRAND SC\u00c9NIC II JM0\/1_,MEGANE I Grandtour KA0\/1_,MEGANE I Cabriolet EA0\/1_,LAGUNA I B56_, 556_,CLIO I B\/C57_, 5\/357_,LAGUNA I Grandtour K56_,MEGANE II Stufenheck LM0\/1_,MEGANE I Classic LA0\/1_,MEGANE I Coach DA0\/1_,MASTER II Bus JD,RAPID Kasten F40_, G40_,THALIA I LB0\/1\/2_,TRAFIC II Pritsche\/Fahrgestell EL,SPORT SPIDER EF0_,LOGAN I Kombi KS_,LOGAN I LS_; 8200234651, 7700103872, 7700736465, 8200234651; Akselitiiviste, Nokka-Akseli<\/p>\n","protected":false},"excerpt":{"rendered":"<p>MASTER-SPORT Nokka Akselin Tiiviste 8200234651-SET\/8\/-MS Akselitiiviste, Nokka-Akseli DACIA,RENAULT,SANDERO,LOGAN MCV KS_,LOGAN LS_,LOGAN EXPRESS FS_<\/p>\n","protected":false},"featured_media":0,"template":"","meta":{"site-sidebar-layout":"default","site-content-layout":"default","ast-global-header-display":"","ast-main-header-display":"","ast-hfb-above-header-display":"","ast-hfb-below-header-display":"","ast-hfb-mobile-header-display":"","site-post-title":"","ast-breadcrumbs-content":"","ast-featured-img":"","footer-sml-layout":"","theme-transparent-header-meta":"","adv-header-id-meta":"","stick-header-meta":"","header-above-stick-meta":"","header-main-stick-meta":"","header-below-stick-meta":""},"pwb-brand":[61],"product_cat":[122],"product_tag":[],"class_list":{"0":"post-38415","1":"product","2":"type-product","3":"status-publish","5":"pwb-brand-master-sport","6":"product_cat-nokka-akselin-tiiviste","7":"desktop-align-left","8":"tablet-align-left","9":"mobile-align-left","11":"first","12":"instock","13":"product-type-external"},"brands":[{"id":61,"name":"MASTER-SPORT","slug":"master-sport"}],"_links":{"self":[{"href":"https:\/\/www.autonvaraosahaku.fi\/index.php?rest_route=\/wp\/v2\/product\/38415","targetHints":{"allow":["GET"]}}],"collection":[{"href":"https:\/\/www.autonvaraosahaku.fi\/index.php?rest_route=\/wp\/v2\/product"}],"about":[{"href":"https:\/\/www.autonvaraosahaku.fi\/index.php?rest_route=\/wp\/v2\/types\/product"}],"wp:attachment":[{"href":"https:\/\/www.autonvaraosahaku.fi\/index.php?rest_route=%2Fwp%2Fv2%2Fmedia&parent=38415"}],"wp:term":[{"taxonomy":"pwb-brand","embeddable":true,"href":"https:\/\/www.autonvaraosahaku.fi\/index.php?rest_route=%2Fwp%2Fv2%2Fpwb-brand&post=38415"},{"taxonomy":"product_cat","embeddable":true,"href":"https:\/\/www.autonvaraosahaku.fi\/index.php?rest_route=%2Fwp%2Fv2%2Fproduct_cat&post=38415"},{"taxonomy":"product_tag","embeddable":true,"href":"https:\/\/www.autonvaraosahaku.fi\/index.php?rest_route=%2Fwp%2Fv2%2Fproduct_tag&post=38415"}],"curies":[{"name":"wp","href":"https:\/\/api.w.org\/{rel}","templated":true}]}}