{"id":38467,"date":"2021-02-21T16:38:03","date_gmt":"2021-02-21T16:38:03","guid":{"rendered":"https:\/\/www.autonvaraosahaku.fi\/?product=optimal-g3-933s1-alapallonivel"},"modified":"2021-02-21T16:38:05","modified_gmt":"2021-02-21T16:38:05","slug":"optimal-g3-933s1-alapallonivel","status":"publish","type":"product","link":"https:\/\/www.autonvaraosahaku.fi\/?product=optimal-g3-933s1-alapallonivel","title":{"rendered":"OPTIMAL G3-933S1 Alapallonivel"},"content":{"rendered":"<p>Asennuspuoli: Etuakseli, Molemminpuolin; Kartiomitta (mm): 13; Ulkokierre [mm]: M12 x 1,50 RHT M; Korvaava tuote\/korvaava tiedote 2: Kiinnitysmateriaalilla; Tarvittava kappalem\u00e4\u00e4r\u00e4: 4; Kiinnitysmalli: Riippuva; Vaihtoehtoinen korjaussarja: G3-933S2, G3-933; Kiinnityspisteiden l\u00e4pimitta [mm]: 10,5; SMART: CITY-COUPE 450,CABRIO 450,FORTWO Coupe 450,ROADSTER 452,FORTWO Cabrio 450,ROADSTER Coupe 452,CROSSBLADE 450; 0002271V009000000, 0014224V00200, 0014224V002000000, 0015642V002000000, Q0002271V009000000, Q0014224V00200, Q0014224V002000000, Q0015642V002000000; Pallonivel<\/p>\n","protected":false},"excerpt":{"rendered":"<p>OPTIMAL Alapallonivel G3-933S1 Pallonivel SMART,CITY-COUPE 450,CABRIO 450,FORTWO Coupe 450,ROADSTER 452,FORTWO Cabrio 450,ROADSTER Coupe 452<\/p>\n","protected":false},"featured_media":0,"template":"","meta":{"site-sidebar-layout":"default","site-content-layout":"default","ast-global-header-display":"","ast-main-header-display":"","ast-hfb-above-header-display":"","ast-hfb-below-header-display":"","ast-hfb-mobile-header-display":"","site-post-title":"","ast-breadcrumbs-content":"","ast-featured-img":"","footer-sml-layout":"","theme-transparent-header-meta":"","adv-header-id-meta":"","stick-header-meta":"","header-above-stick-meta":"","header-main-stick-meta":"","header-below-stick-meta":""},"pwb-brand":[307],"product_cat":[93],"product_tag":[],"class_list":{"0":"post-38467","1":"product","2":"type-product","3":"status-publish","5":"pwb-brand-optimal","6":"product_cat-alapallonivel","7":"desktop-align-left","8":"tablet-align-left","9":"mobile-align-left","11":"first","12":"instock","13":"product-type-external"},"brands":[{"id":307,"name":"OPTIMAL","slug":"optimal"}],"_links":{"self":[{"href":"https:\/\/www.autonvaraosahaku.fi\/index.php?rest_route=\/wp\/v2\/product\/38467","targetHints":{"allow":["GET"]}}],"collection":[{"href":"https:\/\/www.autonvaraosahaku.fi\/index.php?rest_route=\/wp\/v2\/product"}],"about":[{"href":"https:\/\/www.autonvaraosahaku.fi\/index.php?rest_route=\/wp\/v2\/types\/product"}],"wp:attachment":[{"href":"https:\/\/www.autonvaraosahaku.fi\/index.php?rest_route=%2Fwp%2Fv2%2Fmedia&parent=38467"}],"wp:term":[{"taxonomy":"pwb-brand","embeddable":true,"href":"https:\/\/www.autonvaraosahaku.fi\/index.php?rest_route=%2Fwp%2Fv2%2Fpwb-brand&post=38467"},{"taxonomy":"product_cat","embeddable":true,"href":"https:\/\/www.autonvaraosahaku.fi\/index.php?rest_route=%2Fwp%2Fv2%2Fproduct_cat&post=38467"},{"taxonomy":"product_tag","embeddable":true,"href":"https:\/\/www.autonvaraosahaku.fi\/index.php?rest_route=%2Fwp%2Fv2%2Fproduct_tag&post=38467"}],"curies":[{"name":"wp","href":"https:\/\/api.w.org\/{rel}","templated":true}]}}