{"id":38472,"date":"2021-02-21T16:38:03","date_gmt":"2021-02-21T16:38:03","guid":{"rendered":"https:\/\/www.autonvaraosahaku.fi\/?product=meyle-614-036-0012-tyhjakayntimoottori"},"modified":"2021-02-21T16:38:06","modified_gmt":"2021-02-21T16:38:06","slug":"meyle-614-036-0012-tyhjakayntimoottori","status":"publish","type":"product","link":"https:\/\/www.autonvaraosahaku.fi\/?product=meyle-614-036-0012-tyhjakayntimoottori","title":{"rendered":"MEYLE 614 036 0012 Tyhj\u00e4k\u00e4yntimoottori"},"content":{"rendered":"<p>K\u00e4ytt\u00f6: S\u00e4hk\u00f6inen; Sis\u00e4\u00e4n\/ulosmeno aukkojen lukum\u00e4\u00e4r\u00e4: 2; Sis\u00e4\u00e4ntulol\u00e4pimitta [mm]: 18,2; Ulostulon l\u00e4pimitta [mm]: 18,2; Kotelomateriaali: Alumiini; lis\u00e4tieto: ORIGINAL Quality; Valmistusvuosi alkaen: 01\/1988; OPEL: OMEGA A 16_, 17_, 19_,ASTRA F CC 53_, 54_, 58_, 59_,OMEGA B Caravan 21_, 22_, 23_,OMEGA B 25_, 26_, 27_,ASTRA F Caravan 51_, 52_,CALIBRA A 85_,VECTRA A 86_, 87_,ASTRA F Cabriolet 53_B,ASTRA F 56_, 57_,KADETT E CC 33_, 34_, 43_, 44_,SINTRA,FRONTERA A Sport 5_SUD2,CORSA A CC 93_, 94_, 98_, 99_,FRONTERA A 5_MWL4,VECTRA A CC 88_, 89_,KADETT E Cabriolet 43B_,ASCONA C 81_, 86_, 87_, 88_,SENATOR B 29_,OMEGA A Caravan 66_, 67_,KADETT E 39_, 49_,ASCONA C CC 84_, 89_,KADETT E Caravan 35_, 36_, 45_, 46_; VOLVO: V70 I LV,940 II Kombi 945,940 Kombi 945,240 Kombi P245,740 Kombi 745,740 744,240 P242, P244,480 E,440 K 445,S70 LS,460 L 464,940 944,960 Kombi 965,940 II 944,960 964; SAAB: 9000 Schr\u00e4gheck,900 I Cabriolet,900 I Combi Coupe,900 II Cabriolet,900 II,900 I AC4, AM4,9000,900 II Coupe; ALFA ROMEO: SPIDER 916S_,SPIDER 115,GTV 916C_,164 164; RENAULT: 19 I Chamade L53_; CITRO\u00cbN: BX XB-_; PEUGEOT: 309 II 3C, 3A,405 I 15B; VAUXHALL: CALIBRA,ASTRA Mk III F CC,OMEGA B,ASTRA Mk II CC,FRONTERA Mk I A,CAVALIER Mk III 87,FRONTERA Mk I A Sport,ASTRA Mk III F Estate,CAVALIER Mk III CC,OMEGA B Estate,CAVALIER Mk II CC,CARLTON Mk III; 195321101701, 034542, 91540797, 96008036, 0837101, 837101, 034542, 91540797, 96008036, 7700271089, 7586019, 0837101, 837101, 1389618, 1398618, 3450181; Tyhj\u00e4k\u00e4yntiventtiili,Tyhj\u00e4k\u00e4yntis\u00e4\u00e4din,Kuormaventtiili, Ilmankierto<\/p>\n","protected":false},"excerpt":{"rendered":"<p>MEYLE Tyhj\u00e4k\u00e4yntimoottori 614 036 0012 Tyhj\u00e4k\u00e4yntiventtiili,Tyhj\u00e4k\u00e4yntis\u00e4\u00e4din OPEL,VOLVO,SAAB,OMEGA A 16_, 17_, 19_,ASTRA F CC 53_, 54_, 58_, 59_<\/p>\n","protected":false},"featured_media":0,"template":"","meta":{"site-sidebar-layout":"default","site-content-layout":"default","ast-global-header-display":"","ast-main-header-display":"","ast-hfb-above-header-display":"","ast-hfb-below-header-display":"","ast-hfb-mobile-header-display":"","site-post-title":"","ast-breadcrumbs-content":"","ast-featured-img":"","footer-sml-layout":"","theme-transparent-header-meta":"","adv-header-id-meta":"","stick-header-meta":"","header-above-stick-meta":"","header-main-stick-meta":"","header-below-stick-meta":""},"pwb-brand":[84],"product_cat":[254],"product_tag":[],"class_list":{"0":"post-38472","1":"product","2":"type-product","3":"status-publish","5":"pwb-brand-meyle","6":"product_cat-tyhjakayntimoottori","7":"desktop-align-left","8":"tablet-align-left","9":"mobile-align-left","11":"first","12":"instock","13":"product-type-external"},"brands":[{"id":84,"name":"MEYLE","slug":"meyle"}],"_links":{"self":[{"href":"https:\/\/www.autonvaraosahaku.fi\/index.php?rest_route=\/wp\/v2\/product\/38472","targetHints":{"allow":["GET"]}}],"collection":[{"href":"https:\/\/www.autonvaraosahaku.fi\/index.php?rest_route=\/wp\/v2\/product"}],"about":[{"href":"https:\/\/www.autonvaraosahaku.fi\/index.php?rest_route=\/wp\/v2\/types\/product"}],"wp:attachment":[{"href":"https:\/\/www.autonvaraosahaku.fi\/index.php?rest_route=%2Fwp%2Fv2%2Fmedia&parent=38472"}],"wp:term":[{"taxonomy":"pwb-brand","embeddable":true,"href":"https:\/\/www.autonvaraosahaku.fi\/index.php?rest_route=%2Fwp%2Fv2%2Fpwb-brand&post=38472"},{"taxonomy":"product_cat","embeddable":true,"href":"https:\/\/www.autonvaraosahaku.fi\/index.php?rest_route=%2Fwp%2Fv2%2Fproduct_cat&post=38472"},{"taxonomy":"product_tag","embeddable":true,"href":"https:\/\/www.autonvaraosahaku.fi\/index.php?rest_route=%2Fwp%2Fv2%2Fproduct_tag&post=38472"}],"curies":[{"name":"wp","href":"https:\/\/api.w.org\/{rel}","templated":true}]}}