{"id":38474,"date":"2021-02-21T16:38:03","date_gmt":"2021-02-21T16:38:03","guid":{"rendered":"https:\/\/www.autonvaraosahaku.fi\/?product=blic-6102-10-2002269p-sivupeilin-lasi"},"modified":"2021-02-21T16:38:06","modified_gmt":"2021-02-21T16:38:06","slug":"blic-6102-10-2002269p-sivupeilin-lasi","status":"publish","type":"product","link":"https:\/\/www.autonvaraosahaku.fi\/?product=blic-6102-10-2002269p-sivupeilin-lasi","title":{"rendered":"BLIC 6102-10-2002269P Sivupeilin lasi"},"content":{"rendered":"<p>Asennuspuoli: Vasen; Laatu: CERTIFIED QUALITY; Pituus (cm): 19,2; Leveys (cm): 12,2; Korkeus (cm): 4,3; Vain jnk. yhteydess\u00e4: OEM; Vasen \/ oikea liikenne: Ohjaus vasemmalla; Ulko-\/sis\u00e4peili: L\u00e4mmitetty, Asf\u00e4\u00e4rinen; Lasin v\u00e4ri: Sininen; Valmistusvuosi alkaen: 10\/2003; VW: GOLF V 1K1,PASSAT Variant 3C5,GOLF PLUS 5M1, 521,PASSAT Variant 3B6,PASSAT 3C2,SHARAN 7M8, 7M9, 7M6,GOLF V Variant 1K5,PASSAT 3B3; SKODA: SUPERB 3U4; SEAT: ALHAMBRA 7V8, 7V9; 7M3857521F; Peililasi, Ulkopeili<\/p>\n","protected":false},"excerpt":{"rendered":"<p>BLIC Sivupeilin Lasi 6102-10-2002269P Peililasi, Ulkopeili VW,SKODA,SEAT,GOLF V 1K1,PASSAT Variant 3C5,GOLF PLUS 5M1, 521,PASSAT Variant 3B6<\/p>\n","protected":false},"featured_media":0,"template":"","meta":{"site-sidebar-layout":"default","site-content-layout":"default","ast-global-header-display":"","ast-main-header-display":"","ast-hfb-above-header-display":"","ast-hfb-below-header-display":"","ast-hfb-mobile-header-display":"","site-post-title":"","ast-breadcrumbs-content":"","ast-featured-img":"","footer-sml-layout":"","theme-transparent-header-meta":"","adv-header-id-meta":"","stick-header-meta":"","header-above-stick-meta":"","header-main-stick-meta":"","header-below-stick-meta":""},"pwb-brand":[297],"product_cat":[196],"product_tag":[],"class_list":{"0":"post-38474","1":"product","2":"type-product","3":"status-publish","5":"pwb-brand-blic","6":"product_cat-sivupeilin-lasi","7":"desktop-align-left","8":"tablet-align-left","9":"mobile-align-left","11":"first","12":"instock","13":"product-type-external"},"brands":[{"id":297,"name":"BLIC","slug":"blic"}],"_links":{"self":[{"href":"https:\/\/www.autonvaraosahaku.fi\/index.php?rest_route=\/wp\/v2\/product\/38474","targetHints":{"allow":["GET"]}}],"collection":[{"href":"https:\/\/www.autonvaraosahaku.fi\/index.php?rest_route=\/wp\/v2\/product"}],"about":[{"href":"https:\/\/www.autonvaraosahaku.fi\/index.php?rest_route=\/wp\/v2\/types\/product"}],"wp:attachment":[{"href":"https:\/\/www.autonvaraosahaku.fi\/index.php?rest_route=%2Fwp%2Fv2%2Fmedia&parent=38474"}],"wp:term":[{"taxonomy":"pwb-brand","embeddable":true,"href":"https:\/\/www.autonvaraosahaku.fi\/index.php?rest_route=%2Fwp%2Fv2%2Fpwb-brand&post=38474"},{"taxonomy":"product_cat","embeddable":true,"href":"https:\/\/www.autonvaraosahaku.fi\/index.php?rest_route=%2Fwp%2Fv2%2Fproduct_cat&post=38474"},{"taxonomy":"product_tag","embeddable":true,"href":"https:\/\/www.autonvaraosahaku.fi\/index.php?rest_route=%2Fwp%2Fv2%2Fproduct_tag&post=38474"}],"curies":[{"name":"wp","href":"https:\/\/api.w.org\/{rel}","templated":true}]}}