{"id":38533,"date":"2021-02-21T16:38:18","date_gmt":"2021-02-21T16:38:18","guid":{"rendered":"https:\/\/www.autonvaraosahaku.fi\/?product=vaico-v46-1162-hammaspyora"},"modified":"2021-02-21T16:38:21","modified_gmt":"2021-02-21T16:38:21","slug":"vaico-v46-1162-hammaspyora","status":"publish","type":"product","link":"https:\/\/www.autonvaraosahaku.fi\/?product=vaico-v46-1162-hammaspyora","title":{"rendered":"VAICO V46-1162 Hammaspy\u00f6r\u00e4"},"content":{"rendered":"<p>Hammasluku: 38; Asennuspuoli: Imupuoli; Ulkol\u00e4pimitta [mm]: 119; Moottorin jakop\u00e4\u00e4: Hammashihnat; Korvaava tuote\/korvaava tiedote 2: Ruuvilla; Paino [kg]: 0,922; Pakkausleveys [cm]: 17; Pakkauskorkeus [mm]: 8,5; Pakkaussyvyys [cm]: 17,5; Moottorinumerosta: 061214; RENAULT: CLIO III BR0\/1, CR0\/1,SC\u00c9NIC II JM0\/1_,TWINGO II CN0_,MEGANE III Grandtour KZ0\/1,MODUS \/ GRAND MODUS F\/JP0_,LAGUNA II Grandtour KG0\/1_,MEGANE II Kombi KM0\/1_,MEGANE II Coup\u00e9-Cabriolet EM0\/1_,LAGUNA III Grandtour KT0\/1,MEGANE III Schr\u00e4gheck BZ0_,LAGUNA II BG0\/1_,MEGANE II BM0\/1_, CM0\/1_,GRAND SC\u00c9NIC III JZ0\/1_,MEGANE III Coupe DZ0\/1_,GRAND SC\u00c9NIC II JM0\/1_,LAGUNA III BT0\/1,MEGANE II Stufenheck LM0\/1_,MEGANE CC EZ0\/1_,FLUENCE L30_; 7701474362, 7701478079, 7701478505; Nokka-Akselin Ajoituss\u00e4\u00e4din<\/p>\n","protected":false},"excerpt":{"rendered":"<p>VAICO Nokka-Akselin Hammaspy\u00f6r\u00e4 V46-1162 Nokka-Akselin Ajoituss\u00e4\u00e4din RENAULT,CLIO III BR0\/1, CR0\/1,SC\u00c9NIC II JM0\/1_,TWINGO II CN0_<\/p>\n","protected":false},"featured_media":0,"template":"","meta":{"site-sidebar-layout":"default","site-content-layout":"default","ast-global-header-display":"","ast-main-header-display":"","ast-hfb-above-header-display":"","ast-hfb-below-header-display":"","ast-hfb-mobile-header-display":"","site-post-title":"","ast-breadcrumbs-content":"","ast-featured-img":"","footer-sml-layout":"","theme-transparent-header-meta":"","adv-header-id-meta":"","stick-header-meta":"","header-above-stick-meta":"","header-main-stick-meta":"","header-below-stick-meta":""},"pwb-brand":[330],"product_cat":[261],"product_tag":[],"class_list":{"0":"post-38533","1":"product","2":"type-product","3":"status-publish","5":"pwb-brand-vaico","6":"product_cat-hammaspyora","7":"desktop-align-left","8":"tablet-align-left","9":"mobile-align-left","11":"first","12":"instock","13":"product-type-external"},"brands":[{"id":330,"name":"VAICO","slug":"vaico"}],"_links":{"self":[{"href":"https:\/\/www.autonvaraosahaku.fi\/index.php?rest_route=\/wp\/v2\/product\/38533","targetHints":{"allow":["GET"]}}],"collection":[{"href":"https:\/\/www.autonvaraosahaku.fi\/index.php?rest_route=\/wp\/v2\/product"}],"about":[{"href":"https:\/\/www.autonvaraosahaku.fi\/index.php?rest_route=\/wp\/v2\/types\/product"}],"wp:attachment":[{"href":"https:\/\/www.autonvaraosahaku.fi\/index.php?rest_route=%2Fwp%2Fv2%2Fmedia&parent=38533"}],"wp:term":[{"taxonomy":"pwb-brand","embeddable":true,"href":"https:\/\/www.autonvaraosahaku.fi\/index.php?rest_route=%2Fwp%2Fv2%2Fpwb-brand&post=38533"},{"taxonomy":"product_cat","embeddable":true,"href":"https:\/\/www.autonvaraosahaku.fi\/index.php?rest_route=%2Fwp%2Fv2%2Fproduct_cat&post=38533"},{"taxonomy":"product_tag","embeddable":true,"href":"https:\/\/www.autonvaraosahaku.fi\/index.php?rest_route=%2Fwp%2Fv2%2Fproduct_tag&post=38533"}],"curies":[{"name":"wp","href":"https:\/\/api.w.org\/{rel}","templated":true}]}}