{"id":38541,"date":"2021-02-21T16:38:23","date_gmt":"2021-02-21T16:38:23","guid":{"rendered":"https:\/\/www.autonvaraosahaku.fi\/?product=elring-928-580-kierretulppa"},"modified":"2021-02-21T16:38:24","modified_gmt":"2021-02-21T16:38:24","slug":"elring-928-580-kierretulppa","status":"publish","type":"product","link":"https:\/\/www.autonvaraosahaku.fi\/?product=elring-928-580-kierretulppa","title":{"rendered":"ELRING 928.580 Kierretulppa"},"content":{"rendered":"<p>Sis\u00e4l\u00e4pimitta [mm]: 13,8; Ulkol\u00e4pimitta [mm]: 19; Paksuus [mm]: 2,3; Materiaali: Ter\u00e4s; CHEVROLET: MATIZ M200, M250,SPARK M300,AVEO Schr\u00e4gheck T250, T255,AVEO Stufenheck T250, T255,SPARK M200 M250,SPARK M150,AVEO Schr\u00e4gheck T200; DAEWOO: KALOS KLAS,MATIZ KLYA,MATIZ Kasten KLA4,TICO KLY3; SUZUKI: LJ 80,ALTO HA11,ALTO,ALTO SS80,CARRY Kasten ST90V,ALTO CM11, CL11, CP11, CN11, CP21, CN21, CM21, CL21, CS22,; 94525246, 09168A14012; Tiiviste, \u00d6ljynlaskutulppa<\/p>\n","protected":false},"excerpt":{"rendered":"<p>ELRING \u00d6ljytulpan Tiiviste 928.580 Tiiviste, \u00d6ljynlaskutulppa CHEVROLET,DAEWOO,SUZUKI,MATIZ M200, M250,SPARK M300,AVEO Schr\u00e4gheck T250, T255<\/p>\n","protected":false},"featured_media":0,"template":"","meta":{"site-sidebar-layout":"default","site-content-layout":"default","ast-global-header-display":"","ast-main-header-display":"","ast-hfb-above-header-display":"","ast-hfb-below-header-display":"","ast-hfb-mobile-header-display":"","site-post-title":"","ast-breadcrumbs-content":"","ast-featured-img":"","footer-sml-layout":"","theme-transparent-header-meta":"","adv-header-id-meta":"","stick-header-meta":"","header-above-stick-meta":"","header-main-stick-meta":"","header-below-stick-meta":""},"pwb-brand":[26],"product_cat":[40],"product_tag":[],"class_list":{"0":"post-38541","1":"product","2":"type-product","3":"status-publish","5":"pwb-brand-elring","6":"product_cat-kierretulppa","7":"desktop-align-left","8":"tablet-align-left","9":"mobile-align-left","11":"first","12":"instock","13":"product-type-external"},"brands":[{"id":26,"name":"ELRING","slug":"elring"}],"_links":{"self":[{"href":"https:\/\/www.autonvaraosahaku.fi\/index.php?rest_route=\/wp\/v2\/product\/38541","targetHints":{"allow":["GET"]}}],"collection":[{"href":"https:\/\/www.autonvaraosahaku.fi\/index.php?rest_route=\/wp\/v2\/product"}],"about":[{"href":"https:\/\/www.autonvaraosahaku.fi\/index.php?rest_route=\/wp\/v2\/types\/product"}],"wp:attachment":[{"href":"https:\/\/www.autonvaraosahaku.fi\/index.php?rest_route=%2Fwp%2Fv2%2Fmedia&parent=38541"}],"wp:term":[{"taxonomy":"pwb-brand","embeddable":true,"href":"https:\/\/www.autonvaraosahaku.fi\/index.php?rest_route=%2Fwp%2Fv2%2Fpwb-brand&post=38541"},{"taxonomy":"product_cat","embeddable":true,"href":"https:\/\/www.autonvaraosahaku.fi\/index.php?rest_route=%2Fwp%2Fv2%2Fproduct_cat&post=38541"},{"taxonomy":"product_tag","embeddable":true,"href":"https:\/\/www.autonvaraosahaku.fi\/index.php?rest_route=%2Fwp%2Fv2%2Fproduct_tag&post=38541"}],"curies":[{"name":"wp","href":"https:\/\/api.w.org\/{rel}","templated":true}]}}