{"id":38575,"date":"2021-02-21T16:38:28","date_gmt":"2021-02-21T16:38:28","guid":{"rendered":"https:\/\/www.autonvaraosahaku.fi\/?product=quick-brake-105-0827-muut-luokat"},"modified":"2021-02-21T16:38:31","modified_gmt":"2021-02-21T16:38:31","slug":"quick-brake-105-0827-muut-luokat","status":"publish","type":"product","link":"https:\/\/www.autonvaraosahaku.fi\/?product=quick-brake-105-0827-muut-luokat","title":{"rendered":"QUICK BRAKE 105-0827 Muut luokat"},"content":{"rendered":"<p>Asennuspuoli: Hinterachse; NISSAN: NOTE E11,TIIDA Schr\u00e4gheck,TIIDA Stufenheck SC11X; TOYOTA: YARIS SCP9_, NSP9_, KSP9_, NCP9_, ZSP9_,RAV 4 III ACA3_, ACE_, ALA3_, GSA3_, ZSA3_,YARIS NHP13_, NSP13_, NCP13_, KSP13_, NLP13_,VIOS\/YARIS Stufenheck ZSP9_, NCP9_; Tarvikesarja K\u00e4sijarru<\/p>\n","protected":false},"excerpt":{"rendered":"<p>QUICK BRAKE Tarvikesarja Jarrukeng\u00e4t 105-0827 Tarvikesarja K\u00e4sijarru NISSAN,TOYOTA,NOTE E11,TIIDA Schr\u00e4gheck,TIIDA Stufenheck SC11X<\/p>\n","protected":false},"featured_media":0,"template":"","meta":{"site-sidebar-layout":"default","site-content-layout":"default","ast-global-header-display":"","ast-main-header-display":"","ast-hfb-above-header-display":"","ast-hfb-below-header-display":"","ast-hfb-mobile-header-display":"","site-post-title":"","ast-breadcrumbs-content":"","ast-featured-img":"","footer-sml-layout":"","theme-transparent-header-meta":"","adv-header-id-meta":"","stick-header-meta":"","header-above-stick-meta":"","header-main-stick-meta":"","header-below-stick-meta":""},"pwb-brand":[376],"product_cat":[37],"product_tag":[],"class_list":{"0":"post-38575","1":"product","2":"type-product","3":"status-publish","5":"pwb-brand-quick-brake","6":"product_cat-muut-luokat","7":"desktop-align-left","8":"tablet-align-left","9":"mobile-align-left","11":"first","12":"instock","13":"product-type-external"},"brands":[{"id":376,"name":"QUICK BRAKE","slug":"quick-brake"}],"_links":{"self":[{"href":"https:\/\/www.autonvaraosahaku.fi\/index.php?rest_route=\/wp\/v2\/product\/38575","targetHints":{"allow":["GET"]}}],"collection":[{"href":"https:\/\/www.autonvaraosahaku.fi\/index.php?rest_route=\/wp\/v2\/product"}],"about":[{"href":"https:\/\/www.autonvaraosahaku.fi\/index.php?rest_route=\/wp\/v2\/types\/product"}],"wp:attachment":[{"href":"https:\/\/www.autonvaraosahaku.fi\/index.php?rest_route=%2Fwp%2Fv2%2Fmedia&parent=38575"}],"wp:term":[{"taxonomy":"pwb-brand","embeddable":true,"href":"https:\/\/www.autonvaraosahaku.fi\/index.php?rest_route=%2Fwp%2Fv2%2Fpwb-brand&post=38575"},{"taxonomy":"product_cat","embeddable":true,"href":"https:\/\/www.autonvaraosahaku.fi\/index.php?rest_route=%2Fwp%2Fv2%2Fproduct_cat&post=38575"},{"taxonomy":"product_tag","embeddable":true,"href":"https:\/\/www.autonvaraosahaku.fi\/index.php?rest_route=%2Fwp%2Fv2%2Fproduct_tag&post=38575"}],"curies":[{"name":"wp","href":"https:\/\/api.w.org\/{rel}","templated":true}]}}