{"id":38600,"date":"2021-02-21T16:38:39","date_gmt":"2021-02-21T16:38:39","guid":{"rendered":"https:\/\/www.autonvaraosahaku.fi\/?product=maxgear-49-1428-vetonivelen-suojakumi"},"modified":"2021-02-21T16:38:39","modified_gmt":"2021-02-21T16:38:39","slug":"maxgear-49-1428-vetonivelen-suojakumi","status":"publish","type":"product","link":"https:\/\/www.autonvaraosahaku.fi\/?product=maxgear-49-1428-vetonivelen-suojakumi","title":{"rendered":"MAXGEAR 49-1428 Vetonivelen suojakumi"},"content":{"rendered":"<p>Asennuspuoli: Py\u00f6r\u00e4n puoli; Materiaali: NBR (nitriili-butadi-kumi); Sis\u00e4l\u00e4pimitta 2 [mm]: 80; Korkeus (mm): 107; Sis\u00e4l\u00e4pimitta 1 [mm]: 26,3; Paino [kg]: 0,194; M\u00e4\u00e4r\u00e4: 4; Vaihteistomalli: Schaltgetriebe; VW: GOLF IV 1J1,GOLF V 1K1,GOLF VI 5K1,GOLF PLUS 5M1, 521,GOLF IV Variant 1J5,GOLF VI Variant AJ5,GOLF V Variant 1K5,BORA 1J2,NEW BEETLE 9C1, 1C1,BORA Kombi 1J6,NEW BEETLE Cabriolet 1Y7,GOLF IV Van 1J1; AUDI: A3 8L1,TT 8N3,TT Roadster 8N9; MAZDA: 6 Station Wagon GY,CX-5 KE, GH,6 Kombi GH,CX-7 ER,6 Hatchback GG,6 GG,6 Kombi GJ, GH,6 Schr\u00e4gheck GH,6 GH,6 Stufenheck GJ, GH; SKODA: OCTAVIA Combi 1Z5,OCTAVIA Combi 1U5,OCTAVIA 1Z3,OCTAVIA 1U2; SEAT: LEON 1P1,LEON 1M1,ALTEA 5P1,ALTEA XL 5P5, 5P8,TOLEDO II 1M2,TOLEDO III 5P2; GP3422530A<\/p>\n","protected":false},"excerpt":{"rendered":"<p>MAXGEAR Paljekumisarja, Vetoakseli 49-1428  VW,AUDI,MAZDA,GOLF IV 1J1,GOLF V 1K1,GOLF VI 5K1,GOLF PLUS 5M1, 521,GOLF IV Variant 1J5<\/p>\n","protected":false},"featured_media":0,"template":"","meta":{"site-sidebar-layout":"default","site-content-layout":"default","ast-global-header-display":"","ast-main-header-display":"","ast-hfb-above-header-display":"","ast-hfb-below-header-display":"","ast-hfb-mobile-header-display":"","site-post-title":"","ast-breadcrumbs-content":"","ast-featured-img":"","footer-sml-layout":"","theme-transparent-header-meta":"","adv-header-id-meta":"","stick-header-meta":"","header-above-stick-meta":"","header-main-stick-meta":"","header-below-stick-meta":""},"pwb-brand":[48],"product_cat":[42],"product_tag":[],"class_list":{"0":"post-38600","1":"product","2":"type-product","3":"status-publish","5":"pwb-brand-maxgear","6":"product_cat-vetonivelen-suojakumi","7":"desktop-align-left","8":"tablet-align-left","9":"mobile-align-left","11":"first","12":"instock","13":"product-type-external"},"brands":[{"id":48,"name":"MAXGEAR","slug":"maxgear"}],"_links":{"self":[{"href":"https:\/\/www.autonvaraosahaku.fi\/index.php?rest_route=\/wp\/v2\/product\/38600","targetHints":{"allow":["GET"]}}],"collection":[{"href":"https:\/\/www.autonvaraosahaku.fi\/index.php?rest_route=\/wp\/v2\/product"}],"about":[{"href":"https:\/\/www.autonvaraosahaku.fi\/index.php?rest_route=\/wp\/v2\/types\/product"}],"wp:attachment":[{"href":"https:\/\/www.autonvaraosahaku.fi\/index.php?rest_route=%2Fwp%2Fv2%2Fmedia&parent=38600"}],"wp:term":[{"taxonomy":"pwb-brand","embeddable":true,"href":"https:\/\/www.autonvaraosahaku.fi\/index.php?rest_route=%2Fwp%2Fv2%2Fpwb-brand&post=38600"},{"taxonomy":"product_cat","embeddable":true,"href":"https:\/\/www.autonvaraosahaku.fi\/index.php?rest_route=%2Fwp%2Fv2%2Fproduct_cat&post=38600"},{"taxonomy":"product_tag","embeddable":true,"href":"https:\/\/www.autonvaraosahaku.fi\/index.php?rest_route=%2Fwp%2Fv2%2Fproduct_tag&post=38600"}],"curies":[{"name":"wp","href":"https:\/\/api.w.org\/{rel}","templated":true}]}}