{"id":38615,"date":"2021-02-21T16:38:39","date_gmt":"2021-02-21T16:38:39","guid":{"rendered":"https:\/\/www.autonvaraosahaku.fi\/?product=era-880018a-sytytyspuola"},"modified":"2021-02-21T16:38:42","modified_gmt":"2021-02-21T16:38:42","slug":"era-880018a-sytytyspuola","status":"publish","type":"product","link":"https:\/\/www.autonvaraosahaku.fi\/?product=era-880018a-sytytyspuola","title":{"rendered":"ERA 880018A Sytytyspuola"},"content":{"rendered":"<p>Paino [kg]: 0,465; Reikien m\u00e4\u00e4r\u00e4: 3; Liittimi\u00e4: 3; sylinterille: 1 &#8211; 4; Moottorinumero: K7M 702; LAND ROVER: DISCOVERY I LJ, LG; VOLVO: V40 Kombi VW,S40 I VS; RENAULT: MEGANE Scenic JA0\/1_,MEGANE I BA0\/1_,MEGANE I Grandtour KA0\/1_,MEGANE I Cabriolet EA0\/1_,LAGUNA I B56_, 556_,LAGUNA I Grandtour K56_,MEGANE I Classic LA0\/1_,MEGANE I Coach DA0\/1_,SAFRANE II B54_; NEC10047, NEC10049, GCL206, 70863020, 70863302<\/p>\n","protected":false},"excerpt":{"rendered":"<p>ERA Sytytyspuola 880018A  LAND ROVER,VOLVO,RENAULT,DISCOVERY I LJ, LG,V40 Kombi VW,S40 I VS,MEGANE Scenic JA0\/1_,MEGANE I BA0\/1_<\/p>\n","protected":false},"featured_media":0,"template":"","meta":{"site-sidebar-layout":"default","site-content-layout":"default","ast-global-header-display":"","ast-main-header-display":"","ast-hfb-above-header-display":"","ast-hfb-below-header-display":"","ast-hfb-mobile-header-display":"","site-post-title":"","ast-breadcrumbs-content":"","ast-featured-img":"","footer-sml-layout":"","theme-transparent-header-meta":"","adv-header-id-meta":"","stick-header-meta":"","header-above-stick-meta":"","header-main-stick-meta":"","header-below-stick-meta":""},"pwb-brand":[64],"product_cat":[25],"product_tag":[],"class_list":{"0":"post-38615","1":"product","2":"type-product","3":"status-publish","5":"pwb-brand-era","6":"product_cat-sytytyspuola","7":"desktop-align-left","8":"tablet-align-left","9":"mobile-align-left","11":"first","12":"instock","13":"product-type-external"},"brands":[{"id":64,"name":"ERA","slug":"era"}],"_links":{"self":[{"href":"https:\/\/www.autonvaraosahaku.fi\/index.php?rest_route=\/wp\/v2\/product\/38615","targetHints":{"allow":["GET"]}}],"collection":[{"href":"https:\/\/www.autonvaraosahaku.fi\/index.php?rest_route=\/wp\/v2\/product"}],"about":[{"href":"https:\/\/www.autonvaraosahaku.fi\/index.php?rest_route=\/wp\/v2\/types\/product"}],"wp:attachment":[{"href":"https:\/\/www.autonvaraosahaku.fi\/index.php?rest_route=%2Fwp%2Fv2%2Fmedia&parent=38615"}],"wp:term":[{"taxonomy":"pwb-brand","embeddable":true,"href":"https:\/\/www.autonvaraosahaku.fi\/index.php?rest_route=%2Fwp%2Fv2%2Fpwb-brand&post=38615"},{"taxonomy":"product_cat","embeddable":true,"href":"https:\/\/www.autonvaraosahaku.fi\/index.php?rest_route=%2Fwp%2Fv2%2Fproduct_cat&post=38615"},{"taxonomy":"product_tag","embeddable":true,"href":"https:\/\/www.autonvaraosahaku.fi\/index.php?rest_route=%2Fwp%2Fv2%2Fproduct_tag&post=38615"}],"curies":[{"name":"wp","href":"https:\/\/api.w.org\/{rel}","templated":true}]}}