{"id":38616,"date":"2021-02-21T16:38:39","date_gmt":"2021-02-21T16:38:39","guid":{"rendered":"https:\/\/www.autonvaraosahaku.fi\/?product=hella-6pu-013-122-631-kampiakselin-asentotunnistin"},"modified":"2021-02-21T16:38:42","modified_gmt":"2021-02-21T16:38:42","slug":"hella-6pu-013-122-631-kampiakselin-asentotunnistin","status":"publish","type":"product","link":"https:\/\/www.autonvaraosahaku.fi\/?product=hella-6pu-013-122-631-kampiakselin-asentotunnistin","title":{"rendered":"HELLA 6PU 013 122-631 Kampiakselin asentotunnistin"},"content":{"rendered":"<p>Napojen m\u00e4\u00e4r\u00e4: 3; Tunnistinmalli: Hall-anturi; Korvaava tuote\/korvaava tiedote 2: Tiivisterenkaalla; NISSAN: MICRA III K12,NOTE E11,ALMERA TINO V10,ALMERA II Hatchback N16,PRIMERA Kombi WP12,PRIMERA P12,MICRA C+C K12,PRIMERA Hatchback P12,ALMERA Mk II N16; INFINITI: FX,QX56; 1F1E6C315BA, 1F1Z6C315BA, 1F1Z6C315BB, 4F1Z6C315AA, F11Z6C315BA, F69E6C315AA, F69Z6C315AA, 237314M50B, 237314M50B; Kampiakselin Anturi,Impulssianturi, Kampiakseli<\/p>\n","protected":false},"excerpt":{"rendered":"<p>HELLA Kampiakselin Asentotunnistin 6PU 013 122-631 Kampiakselin Anturi,Impulssianturi, Kampiakseli NISSAN,INFINITI,MICRA III K12,NOTE E11<\/p>\n","protected":false},"featured_media":0,"template":"","meta":{"site-sidebar-layout":"default","site-content-layout":"default","ast-global-header-display":"","ast-main-header-display":"","ast-hfb-above-header-display":"","ast-hfb-below-header-display":"","ast-hfb-mobile-header-display":"","site-post-title":"","ast-breadcrumbs-content":"","ast-featured-img":"","footer-sml-layout":"","theme-transparent-header-meta":"","adv-header-id-meta":"","stick-header-meta":"","header-above-stick-meta":"","header-main-stick-meta":"","header-below-stick-meta":""},"pwb-brand":[24],"product_cat":[184],"product_tag":[],"class_list":{"0":"post-38616","1":"product","2":"type-product","3":"status-publish","5":"pwb-brand-hella","6":"product_cat-kampiakselin-asentotunnistin","7":"desktop-align-left","8":"tablet-align-left","9":"mobile-align-left","11":"first","12":"instock","13":"product-type-external"},"brands":[{"id":24,"name":"HELLA","slug":"hella"}],"_links":{"self":[{"href":"https:\/\/www.autonvaraosahaku.fi\/index.php?rest_route=\/wp\/v2\/product\/38616","targetHints":{"allow":["GET"]}}],"collection":[{"href":"https:\/\/www.autonvaraosahaku.fi\/index.php?rest_route=\/wp\/v2\/product"}],"about":[{"href":"https:\/\/www.autonvaraosahaku.fi\/index.php?rest_route=\/wp\/v2\/types\/product"}],"wp:attachment":[{"href":"https:\/\/www.autonvaraosahaku.fi\/index.php?rest_route=%2Fwp%2Fv2%2Fmedia&parent=38616"}],"wp:term":[{"taxonomy":"pwb-brand","embeddable":true,"href":"https:\/\/www.autonvaraosahaku.fi\/index.php?rest_route=%2Fwp%2Fv2%2Fpwb-brand&post=38616"},{"taxonomy":"product_cat","embeddable":true,"href":"https:\/\/www.autonvaraosahaku.fi\/index.php?rest_route=%2Fwp%2Fv2%2Fproduct_cat&post=38616"},{"taxonomy":"product_tag","embeddable":true,"href":"https:\/\/www.autonvaraosahaku.fi\/index.php?rest_route=%2Fwp%2Fv2%2Fproduct_tag&post=38616"}],"curies":[{"name":"wp","href":"https:\/\/api.w.org\/{rel}","templated":true}]}}