{"id":38618,"date":"2021-02-21T16:38:39","date_gmt":"2021-02-21T16:38:39","guid":{"rendered":"https:\/\/www.autonvaraosahaku.fi\/?product=maxgear-26-1244-polttoainesuodatin"},"modified":"2021-02-21T16:38:42","modified_gmt":"2021-02-21T16:38:42","slug":"maxgear-26-1244-polttoainesuodatin","status":"publish","type":"product","link":"https:\/\/www.autonvaraosahaku.fi\/?product=maxgear-26-1244-polttoainesuodatin","title":{"rendered":"MAXGEAR 26-1244 Polttoainesuodatin"},"content":{"rendered":"<p>Ulkol\u00e4pimitta [mm]: 76; Sis\u00e4l\u00e4pimitta [mm]: 10; Ulkol\u00e4pimitta 1 [mm]: 67; Korkeus (mm): 83; Valmistusvuoteen: 12\/2012; CHEVROLET: CAPTIVA C100, C140; JEEP: GRAND CHEROKEE IV WK, WK2,CHEROKEE KL; OPEL: ANTARA; LANCIA: THEMA LX; VAUXHALL: ANTARA J26, H26; 04726067AA, K04726067AA, 4818693, 4820437<\/p>\n","protected":false},"excerpt":{"rendered":"<p>MAXGEAR Polttoainesuodatin 26-1244  CHEVROLET,JEEP,OPEL,CAPTIVA C100, C140,GRAND CHEROKEE IV WK, WK2,CHEROKEE KL,ANTARA,THEMA LX,ANTARA J26, H26<\/p>\n","protected":false},"featured_media":0,"template":"","meta":{"site-sidebar-layout":"default","site-content-layout":"default","ast-global-header-display":"","ast-main-header-display":"","ast-hfb-above-header-display":"","ast-hfb-below-header-display":"","ast-hfb-mobile-header-display":"","site-post-title":"","ast-breadcrumbs-content":"","ast-featured-img":"","footer-sml-layout":"","theme-transparent-header-meta":"","adv-header-id-meta":"","stick-header-meta":"","header-above-stick-meta":"","header-main-stick-meta":"","header-below-stick-meta":""},"pwb-brand":[48],"product_cat":[29],"product_tag":[],"class_list":{"0":"post-38618","1":"product","2":"type-product","3":"status-publish","5":"pwb-brand-maxgear","6":"product_cat-polttoainesuodatin","7":"desktop-align-left","8":"tablet-align-left","9":"mobile-align-left","11":"first","12":"instock","13":"product-type-external"},"brands":[{"id":48,"name":"MAXGEAR","slug":"maxgear"}],"_links":{"self":[{"href":"https:\/\/www.autonvaraosahaku.fi\/index.php?rest_route=\/wp\/v2\/product\/38618","targetHints":{"allow":["GET"]}}],"collection":[{"href":"https:\/\/www.autonvaraosahaku.fi\/index.php?rest_route=\/wp\/v2\/product"}],"about":[{"href":"https:\/\/www.autonvaraosahaku.fi\/index.php?rest_route=\/wp\/v2\/types\/product"}],"wp:attachment":[{"href":"https:\/\/www.autonvaraosahaku.fi\/index.php?rest_route=%2Fwp%2Fv2%2Fmedia&parent=38618"}],"wp:term":[{"taxonomy":"pwb-brand","embeddable":true,"href":"https:\/\/www.autonvaraosahaku.fi\/index.php?rest_route=%2Fwp%2Fv2%2Fpwb-brand&post=38618"},{"taxonomy":"product_cat","embeddable":true,"href":"https:\/\/www.autonvaraosahaku.fi\/index.php?rest_route=%2Fwp%2Fv2%2Fproduct_cat&post=38618"},{"taxonomy":"product_tag","embeddable":true,"href":"https:\/\/www.autonvaraosahaku.fi\/index.php?rest_route=%2Fwp%2Fv2%2Fproduct_tag&post=38618"}],"curies":[{"name":"wp","href":"https:\/\/api.w.org\/{rel}","templated":true}]}}