{"id":38619,"date":"2021-02-21T16:38:44","date_gmt":"2021-02-21T16:38:44","guid":{"rendered":"https:\/\/www.autonvaraosahaku.fi\/?product=era-775264a-polttoainepumppu"},"modified":"2021-02-21T16:38:44","modified_gmt":"2021-02-21T16:38:44","slug":"era-775264a-polttoainepumppu","status":"publish","type":"product","link":"https:\/\/www.autonvaraosahaku.fi\/?product=era-775264a-polttoainepumppu","title":{"rendered":"ERA 775264A Polttoainepumppu"},"content":{"rendered":"<p>Alustanumerosta: 6K-W-516001, 6K-Y-502795; Paine (bar): 4; K\u00e4ytt\u00f6: S\u00e4hk\u00f6inen; Liittimi\u00e4: 4; Siirtom\u00e4\u00e4r\u00e4 (l\/h): 120; Versio: Pierburg; VW: POLO 9N_,POLO 6N2,POLO 6N1,POLO 86C, 80,POLO Coupe 86C, 80,POLO Variant 6KV5,POLO CLASSIC 6KV2,POLO Kasten 6NF,POLO CLASSIC 86C, 80,POLO Kasten 86CF; SEAT: IBIZA IV 6L1,IBIZA II 6K1,CORDOBA 6K1, 6K2,CORDOBA Vario 6K1,CORDOBA 6L2; 6N0919051N, 6N0919051R, 6N0919087F, 6N0919673B; Polttoaineen Sy\u00f6tt\u00f6yksikk\u00f6<\/p>\n","protected":false},"excerpt":{"rendered":"<p>ERA Polttoainepumppu 775264A Polttoaineen Sy\u00f6tt\u00f6yksikk\u00f6 VW,SEAT,POLO 9N_,POLO 6N2,POLO 6N1,POLO 86C, 80,POLO Coupe 86C, 80,POLO Variant 6KV5<\/p>\n","protected":false},"featured_media":0,"template":"","meta":{"site-sidebar-layout":"default","site-content-layout":"default","ast-global-header-display":"","ast-main-header-display":"","ast-hfb-above-header-display":"","ast-hfb-below-header-display":"","ast-hfb-mobile-header-display":"","site-post-title":"","ast-breadcrumbs-content":"","ast-featured-img":"","footer-sml-layout":"","theme-transparent-header-meta":"","adv-header-id-meta":"","stick-header-meta":"","header-above-stick-meta":"","header-main-stick-meta":"","header-below-stick-meta":""},"pwb-brand":[64],"product_cat":[73],"product_tag":[],"class_list":{"0":"post-38619","1":"product","2":"type-product","3":"status-publish","5":"pwb-brand-era","6":"product_cat-polttoainepumppu","7":"desktop-align-left","8":"tablet-align-left","9":"mobile-align-left","11":"first","12":"instock","13":"product-type-external"},"brands":[{"id":64,"name":"ERA","slug":"era"}],"_links":{"self":[{"href":"https:\/\/www.autonvaraosahaku.fi\/index.php?rest_route=\/wp\/v2\/product\/38619","targetHints":{"allow":["GET"]}}],"collection":[{"href":"https:\/\/www.autonvaraosahaku.fi\/index.php?rest_route=\/wp\/v2\/product"}],"about":[{"href":"https:\/\/www.autonvaraosahaku.fi\/index.php?rest_route=\/wp\/v2\/types\/product"}],"wp:attachment":[{"href":"https:\/\/www.autonvaraosahaku.fi\/index.php?rest_route=%2Fwp%2Fv2%2Fmedia&parent=38619"}],"wp:term":[{"taxonomy":"pwb-brand","embeddable":true,"href":"https:\/\/www.autonvaraosahaku.fi\/index.php?rest_route=%2Fwp%2Fv2%2Fpwb-brand&post=38619"},{"taxonomy":"product_cat","embeddable":true,"href":"https:\/\/www.autonvaraosahaku.fi\/index.php?rest_route=%2Fwp%2Fv2%2Fproduct_cat&post=38619"},{"taxonomy":"product_tag","embeddable":true,"href":"https:\/\/www.autonvaraosahaku.fi\/index.php?rest_route=%2Fwp%2Fv2%2Fproduct_tag&post=38619"}],"curies":[{"name":"wp","href":"https:\/\/api.w.org\/{rel}","templated":true}]}}