{"id":38626,"date":"2021-02-21T16:38:44","date_gmt":"2021-02-21T16:38:44","guid":{"rendered":"https:\/\/www.autonvaraosahaku.fi\/?product=mannol-mn7906-5-moottorioljy"},"modified":"2021-02-21T16:38:45","modified_gmt":"2021-02-21T16:38:45","slug":"mannol-mn7906-5-moottorioljy","status":"publish","type":"product","link":"https:\/\/www.autonvaraosahaku.fi\/?product=mannol-mn7906-5-moottorioljy","title":{"rendered":"MANNOL MN7906-5 Moottori\u00f6ljy"},"content":{"rendered":"<p>Viskositeettiluokka SAE: 5W-20; Erittely: API SN, ILSAC GF-5; Tilavuus (litra): 5; Valmistajan hyv\u00e4ksym\u00e4: Ford WSS-M2C945-A, Ford WSS-M2C945-B, Ford WSS-M2C930-A, Ford WSS-M2C925-A, dexos1; \u00d6ljy: Synteettinen \u00f6ljy; Tuotelinja: ENERGY ULTRA JP; API-m\u00e4\u00e4rittely: ilman sis\u00e4\u00e4nrakennettua \u00f6ljyl\u00e4mp\u00f6tilan sensoria; MAZDA: CX-5 KE, GH,3 BM,3 Stufenheck BM; NISSAN: MICRA IV K13; KIA: CEE&#8217;D SW ED,CEE&#8217;D Schr\u00e4gheck ED,PRO CEE&#8217;D ED; LEXUS: IS II GSE2_, ALE2_, USE2_,RX GYL1_, GGL15, AGL10,CT ZWA1_,IS III GSE3_, AVE3_,LS UVF4_, USF4_,GS GRL1_, GWL1_,IS C GSE2_,NX ZGZ1_, AGZ1_, AYZ1_,RC GSC1_, USC1_; LAND ROVER: RANGE ROVER SPORT LS,RANGE ROVER III LM,DISCOVERY IV LA,RANGE ROVER SPORT LW,RANGE ROVER IV LG; HYUNDAI: i10 IA,i10 Stufenheck; DAIHATSU: CHARADE; SUZUKI: SX4 S-Cross,IGNIS MF,SWIFT V AZ,BALENO FW, EW; JAGUAR: XF _J05_, CC9,XF SPORTBRAKE CC9,XK Coupe QQ6_, _J43_,XK Cabriolet _J43_,XJ X35_, _J12_, _J24_,F-TYPE Cabriolet,F-TYPE Coupe; TOYOTA: AYGO WNB1_, KGB1_,YARIS NHP13_, NSP13_, NCP13_, KSP13_, NLP13_,AURIS NZE18_, ZRE18_,AURIS TOURING SPORTS ADE18_, ZWE18_, ZRE18_,IQ KPJ1_, NGJ1_, KGJ1_, NUJ1_,PRIUS ZVW3_,GT 86 Coupe ZN6_,RAV 4 IV ZSA4_, ALA4_,LAND CRUISER VDJ20_, UZJ20_,COROLLA Stufenheck NRE18_, ZRE17_, ZRE18_, NDE18_,AYGO PAB4_, KGB4_,C-HR _X1_,PRIUS _W5_<\/p>\n","protected":false},"excerpt":{"rendered":"<p>MANNOL Moottori\u00f6ljy MN7906-5<\/p>\n","protected":false},"featured_media":0,"template":"","meta":{"site-sidebar-layout":"default","site-content-layout":"default","ast-global-header-display":"","ast-main-header-display":"","ast-hfb-above-header-display":"","ast-hfb-below-header-display":"","ast-hfb-mobile-header-display":"","site-post-title":"","ast-breadcrumbs-content":"","ast-featured-img":"","footer-sml-layout":"","theme-transparent-header-meta":"","adv-header-id-meta":"","stick-header-meta":"","header-above-stick-meta":"","header-main-stick-meta":"","header-below-stick-meta":""},"pwb-brand":[167],"product_cat":[129],"product_tag":[],"class_list":{"0":"post-38626","1":"product","2":"type-product","3":"status-publish","5":"pwb-brand-mannol","6":"product_cat-moottorioljy","7":"desktop-align-left","8":"tablet-align-left","9":"mobile-align-left","11":"first","12":"instock","13":"product-type-external"},"brands":[{"id":167,"name":"MANNOL","slug":"mannol"}],"_links":{"self":[{"href":"https:\/\/www.autonvaraosahaku.fi\/index.php?rest_route=\/wp\/v2\/product\/38626","targetHints":{"allow":["GET"]}}],"collection":[{"href":"https:\/\/www.autonvaraosahaku.fi\/index.php?rest_route=\/wp\/v2\/product"}],"about":[{"href":"https:\/\/www.autonvaraosahaku.fi\/index.php?rest_route=\/wp\/v2\/types\/product"}],"wp:attachment":[{"href":"https:\/\/www.autonvaraosahaku.fi\/index.php?rest_route=%2Fwp%2Fv2%2Fmedia&parent=38626"}],"wp:term":[{"taxonomy":"pwb-brand","embeddable":true,"href":"https:\/\/www.autonvaraosahaku.fi\/index.php?rest_route=%2Fwp%2Fv2%2Fpwb-brand&post=38626"},{"taxonomy":"product_cat","embeddable":true,"href":"https:\/\/www.autonvaraosahaku.fi\/index.php?rest_route=%2Fwp%2Fv2%2Fproduct_cat&post=38626"},{"taxonomy":"product_tag","embeddable":true,"href":"https:\/\/www.autonvaraosahaku.fi\/index.php?rest_route=%2Fwp%2Fv2%2Fproduct_tag&post=38626"}],"curies":[{"name":"wp","href":"https:\/\/api.w.org\/{rel}","templated":true}]}}