{"id":38645,"date":"2021-02-21T16:38:48","date_gmt":"2021-02-21T16:38:48","guid":{"rendered":"https:\/\/www.autonvaraosahaku.fi\/?product=filtron-ar-224-ilmansuodatin"},"modified":"2021-02-21T16:38:50","modified_gmt":"2021-02-21T16:38:50","slug":"filtron-ar-224-ilmansuodatin","status":"publish","type":"product","link":"https:\/\/www.autonvaraosahaku.fi\/?product=filtron-ar-224-ilmansuodatin","title":{"rendered":"FILTRON AR 224 Ilmansuodatin"},"content":{"rendered":"<p>Korkeus (mm): 56; Sis\u00e4l\u00e4pimitta [mm]: 174; Ulkol\u00e4pimitta [mm]: 227, 227; FORD: TRANSIT Bus V_ _,CAPRI III GECP,TRANSIT Kasten V_ _,TRANSIT Pritsche\/Fahrgestell V_ _,CAPRI II GECP,GRANADA GGTL, GGFL,GRANADA Coupe GGCL,GRANADA Kombi GGNL; DACIA: LOGAN MCV KS_; RENAULT: LOGAN I LS_; 7955272, 7971649, 7972407, 1228081, 5042978, 5042987, 1485888, 1501831, 1501833, 1503831, 1503833, 213E9601B, 712F9601BA, EFA340, 7955272, 7964051, 7971649, 7972407, 7987983<\/p>\n","protected":false},"excerpt":{"rendered":"<p>FILTRON Ilmansuodatin AR 224  FORD,DACIA,RENAULT,TRANSIT Bus V_ _,CAPRI III GECP,TRANSIT Kasten V_ _,TRANSIT Pritsche\/Fahrgestell V_ _,CAPRI II GECP<\/p>\n","protected":false},"featured_media":0,"template":"","meta":{"site-sidebar-layout":"default","site-content-layout":"default","ast-global-header-display":"","ast-main-header-display":"","ast-hfb-above-header-display":"","ast-hfb-below-header-display":"","ast-hfb-mobile-header-display":"","site-post-title":"","ast-breadcrumbs-content":"","ast-featured-img":"","footer-sml-layout":"","theme-transparent-header-meta":"","adv-header-id-meta":"","stick-header-meta":"","header-above-stick-meta":"","header-main-stick-meta":"","header-below-stick-meta":""},"pwb-brand":[359],"product_cat":[31],"product_tag":[],"class_list":{"0":"post-38645","1":"product","2":"type-product","3":"status-publish","5":"pwb-brand-filtron","6":"product_cat-ilmansuodatin","7":"desktop-align-left","8":"tablet-align-left","9":"mobile-align-left","11":"first","12":"instock","13":"product-type-external"},"brands":[{"id":359,"name":"FILTRON","slug":"filtron"}],"_links":{"self":[{"href":"https:\/\/www.autonvaraosahaku.fi\/index.php?rest_route=\/wp\/v2\/product\/38645","targetHints":{"allow":["GET"]}}],"collection":[{"href":"https:\/\/www.autonvaraosahaku.fi\/index.php?rest_route=\/wp\/v2\/product"}],"about":[{"href":"https:\/\/www.autonvaraosahaku.fi\/index.php?rest_route=\/wp\/v2\/types\/product"}],"wp:attachment":[{"href":"https:\/\/www.autonvaraosahaku.fi\/index.php?rest_route=%2Fwp%2Fv2%2Fmedia&parent=38645"}],"wp:term":[{"taxonomy":"pwb-brand","embeddable":true,"href":"https:\/\/www.autonvaraosahaku.fi\/index.php?rest_route=%2Fwp%2Fv2%2Fpwb-brand&post=38645"},{"taxonomy":"product_cat","embeddable":true,"href":"https:\/\/www.autonvaraosahaku.fi\/index.php?rest_route=%2Fwp%2Fv2%2Fproduct_cat&post=38645"},{"taxonomy":"product_tag","embeddable":true,"href":"https:\/\/www.autonvaraosahaku.fi\/index.php?rest_route=%2Fwp%2Fv2%2Fproduct_tag&post=38645"}],"curies":[{"name":"wp","href":"https:\/\/api.w.org\/{rel}","templated":true}]}}