{"id":38657,"date":"2021-02-21T16:38:48","date_gmt":"2021-02-21T16:38:48","guid":{"rendered":"https:\/\/www.autonvaraosahaku.fi\/?product=ipsa-pi086900-manta"},"modified":"2021-02-21T16:38:52","modified_gmt":"2021-02-21T16:38:52","slug":"ipsa-pi086900-manta","status":"publish","type":"product","link":"https:\/\/www.autonvaraosahaku.fi\/?product=ipsa-pi086900-manta","title":{"rendered":"IPSA PI086900 M\u00e4nt\u00e4"},"content":{"rendered":"<p>Sylinterin halkaisija [mm]: 82,51; Vakiomitta (STD): ; Ruuvi-\u00d8 [mm]: 23; Pultinpituus [mm]: 53; Syvennys 1 [mm]: 6,2; Syvennysl\u00e4pimitta [mm]: 50; Venttiilitilasyvyys 1 [mm]: 3,7; Lis\u00e4tarvike\/lis\u00e4tieto: M\u00e4nn\u00e4nrenkailla; TECDOC-moottorinumero: 22181; VW: GOLF V 1K1,GOLF VI 5K1,PASSAT Variant 3C5,PASSAT 3C2,TIGUAN 5N_,PASSAT Variant 365,TRANSPORTER V Bus 7HB, 7HJ, 7EB, 7EJ, 7EF,GOLF VI Variant AJ5,GOLF V Variant 1K5,MULTIVAN V 7HM, 7HN, 7HF, 7EF, 7EM, 7EN,EOS 1F7, 1F8,SCIROCCO 137, 138,TRANSPORTER V Kasten 7HA, 7HH, 7EA, 7EH,PASSAT CC 357,SHARAN 7N1, 7N2,JETTA III 1K2,PASSAT 362,CC 358,GOLF VI Cabriolet 517,BEETLE 5C1,JETTA IV 162, 163,TRANSPORTER V Pritsche\/Fahrgestell 7JD, 7JE, 7JL, 7JY, 7JZ,,PASSAT ALLTRACK 365,BEETLE Cabriolet 5C7,MULTIVAN VI SGF, SGM, SGN,TRANSPORTER VI Bus SGB, SGG, SGJ,TRANSPORTER VI Kasten SGA, SGH,TRANSPORTER VI Pritsche\/Fahrgestell SFD, SFE, SFL, SFZ; AUDI: A4 Avant 8K5, B8,A3 8P1,A3 Sportback 8PA,A4 8K2, B8,Q5 8R,A6 Avant 4G5, C7, 4GD,A5 8T3,A5 Sportback 8TA,TT 8J3,Q3 8U,A6 4G2, C7, 4GC,A4 Allroad 8KH, B8,A5 Cabriolet 8F7,TT Roadster 8J9,A8 4H_,A3 Cabriolet 8P7; SKODA: OCTAVIA Combi 1Z5,SUPERB Kombi 3T5,OCTAVIA 1Z3,SUPERB 3T4; SEAT: LEON 1P1,ALTEA XL 5P5, 5P8,ALHAMBRA 710, 711; M\u00e4nn\u00e4t<\/p>\n","protected":false},"excerpt":{"rendered":"<p>IPSA M\u00e4nt\u00e4 PI086900 M\u00e4nn\u00e4t VW,AUDI,SKODA,GOLF V 1K1,GOLF VI 5K1,PASSAT Variant 3C5,PASSAT 3C2,TIGUAN 5N_,PASSAT Variant 365<\/p>\n","protected":false},"featured_media":0,"template":"","meta":{"site-sidebar-layout":"default","site-content-layout":"default","ast-global-header-display":"","ast-main-header-display":"","ast-hfb-above-header-display":"","ast-hfb-below-header-display":"","ast-hfb-mobile-header-display":"","site-post-title":"","ast-breadcrumbs-content":"","ast-featured-img":"","footer-sml-layout":"","theme-transparent-header-meta":"","adv-header-id-meta":"","stick-header-meta":"","header-above-stick-meta":"","header-main-stick-meta":"","header-below-stick-meta":""},"pwb-brand":[360],"product_cat":[434],"product_tag":[],"class_list":{"0":"post-38657","1":"product","2":"type-product","3":"status-publish","5":"pwb-brand-ipsa","6":"product_cat-manta","7":"desktop-align-left","8":"tablet-align-left","9":"mobile-align-left","11":"first","12":"instock","13":"product-type-external"},"brands":[{"id":360,"name":"IPSA","slug":"ipsa"}],"_links":{"self":[{"href":"https:\/\/www.autonvaraosahaku.fi\/index.php?rest_route=\/wp\/v2\/product\/38657","targetHints":{"allow":["GET"]}}],"collection":[{"href":"https:\/\/www.autonvaraosahaku.fi\/index.php?rest_route=\/wp\/v2\/product"}],"about":[{"href":"https:\/\/www.autonvaraosahaku.fi\/index.php?rest_route=\/wp\/v2\/types\/product"}],"wp:attachment":[{"href":"https:\/\/www.autonvaraosahaku.fi\/index.php?rest_route=%2Fwp%2Fv2%2Fmedia&parent=38657"}],"wp:term":[{"taxonomy":"pwb-brand","embeddable":true,"href":"https:\/\/www.autonvaraosahaku.fi\/index.php?rest_route=%2Fwp%2Fv2%2Fpwb-brand&post=38657"},{"taxonomy":"product_cat","embeddable":true,"href":"https:\/\/www.autonvaraosahaku.fi\/index.php?rest_route=%2Fwp%2Fv2%2Fproduct_cat&post=38657"},{"taxonomy":"product_tag","embeddable":true,"href":"https:\/\/www.autonvaraosahaku.fi\/index.php?rest_route=%2Fwp%2Fv2%2Fproduct_tag&post=38657"}],"curies":[{"name":"wp","href":"https:\/\/api.w.org\/{rel}","templated":true}]}}