{"id":38688,"date":"2021-02-21T16:38:58","date_gmt":"2021-02-21T16:38:58","guid":{"rendered":"https:\/\/www.autonvaraosahaku.fi\/?product=ridex-reman-3902i0152r-polttoainesuutin"},"modified":"2021-02-21T16:39:01","modified_gmt":"2021-02-21T16:39:01","slug":"ridex-reman-3902i0152r-polttoainesuutin","status":"publish","type":"product","link":"https:\/\/www.autonvaraosahaku.fi\/?product=ridex-reman-3902i0152r-polttoainesuutin","title":{"rendered":"RIDEX REMAN 3902I0152R Polttoainesuutin"},"content":{"rendered":"<p>K\u00e4ytt\u00f6: s\u00e4hk\u00f6ohjattu; Paino [g]: 560; Moottorinumero: A 17 DTJ; OPEL: CORSA D,ZAFIRA B A05,ASTRA H Caravan L35,MERIVA,ASTRA H L48,ASTRA J Sports Tourer,ASTRA J,ASTRA H GTC L08,MERIVA B,ZAFIRA B Van,ASTRA GTC J,ASTRA J Stufenheck,ASTRA H Stufenheck L69,ASTRA H Kasten L70; VAUXHALL: CORSA Mk III D L_8,ZAFIRA Mk II B M75,ASTRA Mk V H CC,ASTRA Mk V H Estate,ASTRA Mk VI J CC,ASTRA Mk VI J,MERIVA Mk II B,ASTRA Mk VI J Sedan,ASTRA Mk VI J Estate,ASTRAVAN Mk V H; 8973762700, 8973762701, 8973762702, 8973762703, 8973762704, 8973762705, 8973762706, 8973762707, 8973762708, 8973762709, 5821102, 97376270; Ruiskutussuutin,Ruiskusuutin,Pumppusuutin<\/p>\n","protected":false},"excerpt":{"rendered":"<p>RIDEX REMAN Polttoainesuutin 3902I0152R Ruiskutussuutin,Ruiskusuutin OPEL,VAUXHALL,CORSA D,ZAFIRA B A05,ASTRA H Caravan L35,MERIVA,ASTRA H L48<\/p>\n","protected":false},"featured_media":0,"template":"","meta":{"site-sidebar-layout":"default","site-content-layout":"default","ast-global-header-display":"","ast-main-header-display":"","ast-hfb-above-header-display":"","ast-hfb-below-header-display":"","ast-hfb-mobile-header-display":"","site-post-title":"","ast-breadcrumbs-content":"","ast-featured-img":"","footer-sml-layout":"","theme-transparent-header-meta":"","adv-header-id-meta":"","stick-header-meta":"","header-above-stick-meta":"","header-main-stick-meta":"","header-below-stick-meta":""},"pwb-brand":[457],"product_cat":[346],"product_tag":[],"class_list":{"0":"post-38688","1":"product","2":"type-product","3":"status-publish","5":"pwb-brand-ridex-reman","6":"product_cat-polttoainesuutin","7":"desktop-align-left","8":"tablet-align-left","9":"mobile-align-left","11":"first","12":"instock","13":"product-type-external"},"brands":[{"id":457,"name":"RIDEX REMAN","slug":"ridex-reman"}],"_links":{"self":[{"href":"https:\/\/www.autonvaraosahaku.fi\/index.php?rest_route=\/wp\/v2\/product\/38688","targetHints":{"allow":["GET"]}}],"collection":[{"href":"https:\/\/www.autonvaraosahaku.fi\/index.php?rest_route=\/wp\/v2\/product"}],"about":[{"href":"https:\/\/www.autonvaraosahaku.fi\/index.php?rest_route=\/wp\/v2\/types\/product"}],"wp:attachment":[{"href":"https:\/\/www.autonvaraosahaku.fi\/index.php?rest_route=%2Fwp%2Fv2%2Fmedia&parent=38688"}],"wp:term":[{"taxonomy":"pwb-brand","embeddable":true,"href":"https:\/\/www.autonvaraosahaku.fi\/index.php?rest_route=%2Fwp%2Fv2%2Fpwb-brand&post=38688"},{"taxonomy":"product_cat","embeddable":true,"href":"https:\/\/www.autonvaraosahaku.fi\/index.php?rest_route=%2Fwp%2Fv2%2Fproduct_cat&post=38688"},{"taxonomy":"product_tag","embeddable":true,"href":"https:\/\/www.autonvaraosahaku.fi\/index.php?rest_route=%2Fwp%2Fv2%2Fproduct_tag&post=38688"}],"curies":[{"name":"wp","href":"https:\/\/api.w.org\/{rel}","templated":true}]}}