{"id":38692,"date":"2021-02-21T16:38:58","date_gmt":"2021-02-21T16:38:58","guid":{"rendered":"https:\/\/www.autonvaraosahaku.fi\/?product=pemco-pm0620-1-moottorioljy"},"modified":"2021-02-21T16:39:01","modified_gmt":"2021-02-21T16:39:01","slug":"pemco-pm0620-1-moottorioljy","status":"publish","type":"product","link":"https:\/\/www.autonvaraosahaku.fi\/?product=pemco-pm0620-1-moottorioljy","title":{"rendered":"PEMCO PM0620-1 Moottori\u00f6ljy"},"content":{"rendered":"<p>Versio: iTWIN 620; \u00d6ljy: Mineraali\u00f6ljy; Erittely: API TC, JASO FB, ISO-L-EGB; Ajoneuvon tyyppi: Moottoripy\u00f6r\u00e4; Tilavuus (litra): 1; Pakkaustyyppi: Pullo; Moottorimalli: 2-Stroke; J\u00e4\u00e4hdytystapa: Ilmaj\u00e4\u00e4hdytteinen; API-m\u00e4\u00e4rittely: TC<\/p>\n","protected":false},"excerpt":{"rendered":"<p>PEMCO Moottori\u00f6ljy PM0620-1<\/p>\n","protected":false},"featured_media":0,"template":"","meta":{"site-sidebar-layout":"default","site-content-layout":"default","ast-global-header-display":"","ast-main-header-display":"","ast-hfb-above-header-display":"","ast-hfb-below-header-display":"","ast-hfb-mobile-header-display":"","site-post-title":"","ast-breadcrumbs-content":"","ast-featured-img":"","footer-sml-layout":"","theme-transparent-header-meta":"","adv-header-id-meta":"","stick-header-meta":"","header-above-stick-meta":"","header-main-stick-meta":"","header-below-stick-meta":""},"pwb-brand":[352],"product_cat":[129],"product_tag":[],"class_list":{"0":"post-38692","1":"product","2":"type-product","3":"status-publish","5":"pwb-brand-pemco","6":"product_cat-moottorioljy","7":"desktop-align-left","8":"tablet-align-left","9":"mobile-align-left","11":"first","12":"instock","13":"product-type-external"},"brands":[{"id":352,"name":"PEMCO","slug":"pemco"}],"_links":{"self":[{"href":"https:\/\/www.autonvaraosahaku.fi\/index.php?rest_route=\/wp\/v2\/product\/38692","targetHints":{"allow":["GET"]}}],"collection":[{"href":"https:\/\/www.autonvaraosahaku.fi\/index.php?rest_route=\/wp\/v2\/product"}],"about":[{"href":"https:\/\/www.autonvaraosahaku.fi\/index.php?rest_route=\/wp\/v2\/types\/product"}],"wp:attachment":[{"href":"https:\/\/www.autonvaraosahaku.fi\/index.php?rest_route=%2Fwp%2Fv2%2Fmedia&parent=38692"}],"wp:term":[{"taxonomy":"pwb-brand","embeddable":true,"href":"https:\/\/www.autonvaraosahaku.fi\/index.php?rest_route=%2Fwp%2Fv2%2Fpwb-brand&post=38692"},{"taxonomy":"product_cat","embeddable":true,"href":"https:\/\/www.autonvaraosahaku.fi\/index.php?rest_route=%2Fwp%2Fv2%2Fproduct_cat&post=38692"},{"taxonomy":"product_tag","embeddable":true,"href":"https:\/\/www.autonvaraosahaku.fi\/index.php?rest_route=%2Fwp%2Fv2%2Fproduct_tag&post=38692"}],"curies":[{"name":"wp","href":"https:\/\/api.w.org\/{rel}","templated":true}]}}