{"id":38700,"date":"2021-02-21T16:39:04","date_gmt":"2021-02-21T16:39:04","guid":{"rendered":"https:\/\/www.autonvaraosahaku.fi\/?product=arexons-5435-muut-luokat"},"modified":"2021-02-21T16:39:04","modified_gmt":"2021-02-21T16:39:04","slug":"arexons-5435-muut-luokat","status":"publish","type":"product","link":"https:\/\/www.autonvaraosahaku.fi\/?product=arexons-5435-muut-luokat","title":{"rendered":"AREXONS 5435 Muut luokat"},"content":{"rendered":"<p>Pakkaustyyppi: Ruiskutuspullo; Sis\u00e4lt\u00f6 [ml]: 350; K\u00e4ytt\u00f6l\u00e4mp\u00f6tila alkaen [\u00b0C]: +5; K\u00e4ytt\u00f6l\u00e4mp\u00f6tila enint\u00e4\u00e4n [\u00b0C]: +50; Yleisk\u00e4ytt\u00f6inen: Kyll\u00e4; Paino [g]: 400<\/p>\n","protected":false},"excerpt":{"rendered":"<p>AREXONS Ilmastointilaitteen Puhdistus-\/Desinfiointiaine 5435<\/p>\n","protected":false},"featured_media":0,"template":"","meta":{"site-sidebar-layout":"default","site-content-layout":"default","ast-global-header-display":"","ast-main-header-display":"","ast-hfb-above-header-display":"","ast-hfb-below-header-display":"","ast-hfb-mobile-header-display":"","site-post-title":"","ast-breadcrumbs-content":"","ast-featured-img":"","footer-sml-layout":"","theme-transparent-header-meta":"","adv-header-id-meta":"","stick-header-meta":"","header-above-stick-meta":"","header-main-stick-meta":"","header-below-stick-meta":""},"pwb-brand":[507],"product_cat":[37],"product_tag":[],"class_list":{"0":"post-38700","1":"product","2":"type-product","3":"status-publish","5":"pwb-brand-arexons","6":"product_cat-muut-luokat","7":"desktop-align-left","8":"tablet-align-left","9":"mobile-align-left","11":"first","12":"instock","13":"product-type-external"},"brands":[{"id":507,"name":"AREXONS","slug":"arexons"}],"_links":{"self":[{"href":"https:\/\/www.autonvaraosahaku.fi\/index.php?rest_route=\/wp\/v2\/product\/38700","targetHints":{"allow":["GET"]}}],"collection":[{"href":"https:\/\/www.autonvaraosahaku.fi\/index.php?rest_route=\/wp\/v2\/product"}],"about":[{"href":"https:\/\/www.autonvaraosahaku.fi\/index.php?rest_route=\/wp\/v2\/types\/product"}],"wp:attachment":[{"href":"https:\/\/www.autonvaraosahaku.fi\/index.php?rest_route=%2Fwp%2Fv2%2Fmedia&parent=38700"}],"wp:term":[{"taxonomy":"pwb-brand","embeddable":true,"href":"https:\/\/www.autonvaraosahaku.fi\/index.php?rest_route=%2Fwp%2Fv2%2Fpwb-brand&post=38700"},{"taxonomy":"product_cat","embeddable":true,"href":"https:\/\/www.autonvaraosahaku.fi\/index.php?rest_route=%2Fwp%2Fv2%2Fproduct_cat&post=38700"},{"taxonomy":"product_tag","embeddable":true,"href":"https:\/\/www.autonvaraosahaku.fi\/index.php?rest_route=%2Fwp%2Fv2%2Fproduct_tag&post=38700"}],"curies":[{"name":"wp","href":"https:\/\/api.w.org\/{rel}","templated":true}]}}