{"id":38752,"date":"2021-02-21T16:39:14","date_gmt":"2021-02-21T16:39:14","guid":{"rendered":"https:\/\/www.autonvaraosahaku.fi\/?product=electric-life-zr-za901-l-ikkunannostin"},"modified":"2021-02-21T16:39:16","modified_gmt":"2021-02-21T16:39:16","slug":"electric-life-zr-za901-l-ikkunannostin","status":"publish","type":"product","link":"https:\/\/www.autonvaraosahaku.fi\/?product=electric-life-zr-za901-l-ikkunannostin","title":{"rendered":"ELECTRIC LIFE ZR ZA901 L Ikkunannostin"},"content":{"rendered":"<p>Asennuspuoli: Vasen; K\u00e4ytt\u00f6: K\u00e4sik\u00e4ytt\u00f6inen; Oviluku: 2; Ikkunannostimet: Kierrejohdollinen lasinnostin; Vuosimallista: 1998; IVECO: DAILY III Pritsche\/Fahrgestell,DAILY III Kasten\/Kombi; OPEL: MOVANO Kasten F9,MOVANO Combi J9,MOVANO Pritsche\/Fahrgestell U9, E9,MOVANO Kipper H9; RENAULT: MASTER II Kasten FD,MASTER II Pritsche\/Fahrgestell ED\/HD\/UD,MASTER II Bus JD; RENAULT TRUCKS: MASCOTT Pritsche\/Fahrgestell,MASCOTT Kasten\/Kombi; 500314249, 504205269, 5802133034, 4401254, 4500490, 9160790, 7700351293, 7700352490; Lasinnostin<\/p>\n","protected":false},"excerpt":{"rendered":"<p>ELECTRIC LIFE Ikkunannostin ZR ZA901 L Lasinnostin IVECO,OPEL,RENAULT,DAILY III Pritsche\/Fahrgestell,DAILY III Kasten\/Kombi,MOVANO Kasten F9<\/p>\n","protected":false},"featured_media":0,"template":"","meta":{"site-sidebar-layout":"default","site-content-layout":"default","ast-global-header-display":"","ast-main-header-display":"","ast-hfb-above-header-display":"","ast-hfb-below-header-display":"","ast-hfb-mobile-header-display":"","site-post-title":"","ast-breadcrumbs-content":"","ast-featured-img":"","footer-sml-layout":"","theme-transparent-header-meta":"","adv-header-id-meta":"","stick-header-meta":"","header-above-stick-meta":"","header-main-stick-meta":"","header-below-stick-meta":""},"pwb-brand":[454],"product_cat":[203],"product_tag":[],"class_list":{"0":"post-38752","1":"product","2":"type-product","3":"status-publish","5":"pwb-brand-electric-life","6":"product_cat-ikkunannostin","7":"desktop-align-left","8":"tablet-align-left","9":"mobile-align-left","11":"first","12":"instock","13":"product-type-external"},"brands":[{"id":454,"name":"ELECTRIC LIFE","slug":"electric-life"}],"_links":{"self":[{"href":"https:\/\/www.autonvaraosahaku.fi\/index.php?rest_route=\/wp\/v2\/product\/38752","targetHints":{"allow":["GET"]}}],"collection":[{"href":"https:\/\/www.autonvaraosahaku.fi\/index.php?rest_route=\/wp\/v2\/product"}],"about":[{"href":"https:\/\/www.autonvaraosahaku.fi\/index.php?rest_route=\/wp\/v2\/types\/product"}],"wp:attachment":[{"href":"https:\/\/www.autonvaraosahaku.fi\/index.php?rest_route=%2Fwp%2Fv2%2Fmedia&parent=38752"}],"wp:term":[{"taxonomy":"pwb-brand","embeddable":true,"href":"https:\/\/www.autonvaraosahaku.fi\/index.php?rest_route=%2Fwp%2Fv2%2Fpwb-brand&post=38752"},{"taxonomy":"product_cat","embeddable":true,"href":"https:\/\/www.autonvaraosahaku.fi\/index.php?rest_route=%2Fwp%2Fv2%2Fproduct_cat&post=38752"},{"taxonomy":"product_tag","embeddable":true,"href":"https:\/\/www.autonvaraosahaku.fi\/index.php?rest_route=%2Fwp%2Fv2%2Fproduct_tag&post=38752"}],"curies":[{"name":"wp","href":"https:\/\/api.w.org\/{rel}","templated":true}]}}