{"id":38776,"date":"2021-02-21T16:39:19","date_gmt":"2021-02-21T16:39:19","guid":{"rendered":"https:\/\/www.autonvaraosahaku.fi\/?product=mapco-126501-pyorannapa"},"modified":"2021-02-21T16:39:22","modified_gmt":"2021-02-21T16:39:22","slug":"mapco-126501-pyorannapa","status":"publish","type":"product","link":"https:\/\/www.autonvaraosahaku.fi\/?product=mapco-126501-pyorannapa","title":{"rendered":"MAPCO 126501 Py\u00f6r\u00e4nnapa"},"content":{"rendered":"<p>Vanne, aukkoja: 5; Asennuspuoli: etuakseli molemminpuoleinen; Hammasluku: 28; Leveys (mm): 68; Kierremitta: M12x1.5; keskitt\u00e4misl\u00e4pimitta [mm]: 70; Reik\u00e4ympyr\u00e4-\u00d8 [mm]: 114,3; Ulkol\u00e4pimitta 1 [mm]: 45; Ulkol\u00e4pimitta 2 [mm]: 146; Valmistusvuosi alkaen: 01\/1997; HONDA: CR-V II RD_,ACCORD VI CG, CK,CR-V I RD,PRELUDE V BB,ACCORD VI Hatchback CH,ACCORD VI Coupe CG,ACCORD VI Aerodeck CF,ELEMENT; 44600S47000, 44600S87A00; Py\u00f6r\u00e4n Napa<\/p>\n","protected":false},"excerpt":{"rendered":"<p>MAPCO Py\u00f6r\u00e4nnapa 126501 Py\u00f6r\u00e4n Napa HONDA,CR-V II RD_,ACCORD VI CG, CK,CR-V I RD,PRELUDE V BB,ACCORD VI Hatchback CH,ACCORD VI Coupe CG<\/p>\n","protected":false},"featured_media":0,"template":"","meta":{"site-sidebar-layout":"default","site-content-layout":"default","ast-global-header-display":"","ast-main-header-display":"","ast-hfb-above-header-display":"","ast-hfb-below-header-display":"","ast-hfb-mobile-header-display":"","site-post-title":"","ast-breadcrumbs-content":"","ast-featured-img":"","footer-sml-layout":"","theme-transparent-header-meta":"","adv-header-id-meta":"","stick-header-meta":"","header-above-stick-meta":"","header-main-stick-meta":"","header-below-stick-meta":""},"pwb-brand":[36],"product_cat":[257],"product_tag":[],"class_list":{"0":"post-38776","1":"product","2":"type-product","3":"status-publish","5":"pwb-brand-mapco","6":"product_cat-pyorannapa","7":"desktop-align-left","8":"tablet-align-left","9":"mobile-align-left","11":"first","12":"instock","13":"product-type-external"},"brands":[{"id":36,"name":"MAPCO","slug":"mapco"}],"_links":{"self":[{"href":"https:\/\/www.autonvaraosahaku.fi\/index.php?rest_route=\/wp\/v2\/product\/38776","targetHints":{"allow":["GET"]}}],"collection":[{"href":"https:\/\/www.autonvaraosahaku.fi\/index.php?rest_route=\/wp\/v2\/product"}],"about":[{"href":"https:\/\/www.autonvaraosahaku.fi\/index.php?rest_route=\/wp\/v2\/types\/product"}],"wp:attachment":[{"href":"https:\/\/www.autonvaraosahaku.fi\/index.php?rest_route=%2Fwp%2Fv2%2Fmedia&parent=38776"}],"wp:term":[{"taxonomy":"pwb-brand","embeddable":true,"href":"https:\/\/www.autonvaraosahaku.fi\/index.php?rest_route=%2Fwp%2Fv2%2Fpwb-brand&post=38776"},{"taxonomy":"product_cat","embeddable":true,"href":"https:\/\/www.autonvaraosahaku.fi\/index.php?rest_route=%2Fwp%2Fv2%2Fproduct_cat&post=38776"},{"taxonomy":"product_tag","embeddable":true,"href":"https:\/\/www.autonvaraosahaku.fi\/index.php?rest_route=%2Fwp%2Fv2%2Fproduct_tag&post=38776"}],"curies":[{"name":"wp","href":"https:\/\/api.w.org\/{rel}","templated":true}]}}