{"id":38788,"date":"2021-02-21T16:39:24","date_gmt":"2021-02-21T16:39:24","guid":{"rendered":"https:\/\/www.autonvaraosahaku.fi\/?product=hella-6px-358-141-221-peruutustutka-anturit"},"modified":"2021-02-21T16:39:26","modified_gmt":"2021-02-21T16:39:26","slug":"hella-6px-358-141-221-peruutustutka-anturit","status":"publish","type":"product","link":"https:\/\/www.autonvaraosahaku.fi\/?product=hella-6px-358-141-221-peruutustutka-anturit","title":{"rendered":"HELLA 6PX 358 141-221 Peruutustutka anturit"},"content":{"rendered":"<p>Napojen m\u00e4\u00e4r\u00e4: 3; Kemialliset ominaisuudet: maalattavissa; Asennusmalli: Liitos; Kopan v\u00e4ri: Musta; Muoto: Kulmikas; Lis\u00e4tarvike\/lis\u00e4tieto: Kiinnitysrenkaalla; Asennuspuoli: innen; PEUGEOT: 307 3A\/C,607 9D, 9U,PARTNER Tepee,PARTNER Kasten,PARTNER Pritsche\/Fahrgestell; CITRO\u00cbN: C3 I FC_,BERLINGO B9,C5 III Break TD_,C4 Picasso I UD_,C4 Grand Picasso I UA_,C5 II Break RE_,C3 Picasso,C5 III RD_,C5 II RC_,BERLINGO Kasten B9,C6 TD_,BERLINGO Pritsche\/Fahrgestell B9; 1611735580, 20102722, 6590A5, 6590EF, 9663821577, 20102722, 6590A5, 6590EF, 9663821577; Tunnistin, Et\u00e4isyystunnistin<\/p>\n","protected":false},"excerpt":{"rendered":"<p>HELLA Peruutustutka Anturit 6PX 358 141-221 Tunnistin, Et\u00e4isyystunnistin PEUGEOT,CITRO\u00cbN,307 3A\/C,607 9D, 9U,PARTNER Tepee,PARTNER Kasten<\/p>\n","protected":false},"featured_media":0,"template":"","meta":{"site-sidebar-layout":"default","site-content-layout":"default","ast-global-header-display":"","ast-main-header-display":"","ast-hfb-above-header-display":"","ast-hfb-below-header-display":"","ast-hfb-mobile-header-display":"","site-post-title":"","ast-breadcrumbs-content":"","ast-featured-img":"","footer-sml-layout":"","theme-transparent-header-meta":"","adv-header-id-meta":"","stick-header-meta":"","header-above-stick-meta":"","header-main-stick-meta":"","header-below-stick-meta":""},"pwb-brand":[24],"product_cat":[217],"product_tag":[],"class_list":{"0":"post-38788","1":"product","2":"type-product","3":"status-publish","5":"pwb-brand-hella","6":"product_cat-peruutustutka-anturit","7":"desktop-align-left","8":"tablet-align-left","9":"mobile-align-left","11":"first","12":"instock","13":"product-type-external"},"brands":[{"id":24,"name":"HELLA","slug":"hella"}],"_links":{"self":[{"href":"https:\/\/www.autonvaraosahaku.fi\/index.php?rest_route=\/wp\/v2\/product\/38788","targetHints":{"allow":["GET"]}}],"collection":[{"href":"https:\/\/www.autonvaraosahaku.fi\/index.php?rest_route=\/wp\/v2\/product"}],"about":[{"href":"https:\/\/www.autonvaraosahaku.fi\/index.php?rest_route=\/wp\/v2\/types\/product"}],"wp:attachment":[{"href":"https:\/\/www.autonvaraosahaku.fi\/index.php?rest_route=%2Fwp%2Fv2%2Fmedia&parent=38788"}],"wp:term":[{"taxonomy":"pwb-brand","embeddable":true,"href":"https:\/\/www.autonvaraosahaku.fi\/index.php?rest_route=%2Fwp%2Fv2%2Fpwb-brand&post=38788"},{"taxonomy":"product_cat","embeddable":true,"href":"https:\/\/www.autonvaraosahaku.fi\/index.php?rest_route=%2Fwp%2Fv2%2Fproduct_cat&post=38788"},{"taxonomy":"product_tag","embeddable":true,"href":"https:\/\/www.autonvaraosahaku.fi\/index.php?rest_route=%2Fwp%2Fv2%2Fproduct_tag&post=38788"}],"curies":[{"name":"wp","href":"https:\/\/api.w.org\/{rel}","templated":true}]}}