{"id":38826,"date":"2021-02-21T16:39:34","date_gmt":"2021-02-21T16:39:34","guid":{"rendered":"https:\/\/www.autonvaraosahaku.fi\/?product=ridex-3405b0359-jarrulevyt"},"modified":"2021-02-21T16:39:36","modified_gmt":"2021-02-21T16:39:36","slug":"ridex-3405b0359-jarrulevyt","status":"publish","type":"product","link":"https:\/\/www.autonvaraosahaku.fi\/?product=ridex-3405b0359-jarrulevyt","title":{"rendered":"RIDEX 3405B0359 Jarrulevyt"},"content":{"rendered":"<p>Asennuspuoli: Taka-akseli; Jarrulevytyyppi: Vakiomalli; Ulkol\u00e4pimitta [mm]: 264; Jarrulevyn paksuus (mm): 10, 15,3; V\u00e4himm\u00e4ispaksuus (mm): 8; Korkeus (mm): 42; Sis\u00e4l\u00e4pimitta [mm]: 145; Reik\u00e4-\u00d8 [mm]: 14; Reikien m\u00e4\u00e4r\u00e4: 4; Reik\u00e4ympyr\u00e4-\u00d8 [mm]: 100; keskitt\u00e4misl\u00e4pimitta [mm]: 57; Jarruj\u00e4rjestelm\u00e4: Lucas \/ TRW; Leveys (mm): 95; Kulumisenilmaisimen liitos: akustisella kulumavaroittimella; Valmistusvuoteen: 05\/2010; OPEL: CORSA C F08, F68,ASTRA H Caravan L35,MERIVA,ASTRA G CC F48_, F08_,ASTRA H L48,ASTRA H GTC L08,ASTRA H TwinTop L67,ASTRA G Coupe F07_,COMBO Kasten\/Kombi,ASTRA G Stufenheck F69_,COMBO Tour,CORSA C Kasten F08, W5L,ASTRA H Stufenheck L69,COMBO 71_,ASTRA G Kasten F70; VAUXHALL: ASTRA Mk V H CC,CORSA Mk II C W5L, F08,ASTRA Mk V H Estate,ASTRA Mk V H Convertible,CORSAVAN Mk II C,MERIVA Mk I A,ASTRAVAN Mk V H,ASTRAVAN Mk IV G,COMBO TOUR Mk II C F25,COMBO Mk II C Kasten\/Kombi F25<\/p>\n","protected":false},"excerpt":{"rendered":"<p>RIDEX Jarrupalasarja Levyjarru 3405B0359  OPEL,VAUXHALL,CORSA C F08, F68,ASTRA H Caravan L35,MERIVA,ASTRA G CC F48_, F08_,ASTRA H L48,ASTRA H GTC L08<\/p>\n","protected":false},"featured_media":0,"template":"","meta":{"site-sidebar-layout":"default","site-content-layout":"default","ast-global-header-display":"","ast-main-header-display":"","ast-hfb-above-header-display":"","ast-hfb-below-header-display":"","ast-hfb-mobile-header-display":"","site-post-title":"","ast-breadcrumbs-content":"","ast-featured-img":"","footer-sml-layout":"","theme-transparent-header-meta":"","adv-header-id-meta":"","stick-header-meta":"","header-above-stick-meta":"","header-main-stick-meta":"","header-below-stick-meta":""},"pwb-brand":[157],"product_cat":[66],"product_tag":[],"class_list":{"0":"post-38826","1":"product","2":"type-product","3":"status-publish","5":"pwb-brand-ridex","6":"product_cat-jarrulevyt","7":"desktop-align-left","8":"tablet-align-left","9":"mobile-align-left","11":"first","12":"instock","13":"product-type-external"},"brands":[{"id":157,"name":"RIDEX","slug":"ridex"}],"_links":{"self":[{"href":"https:\/\/www.autonvaraosahaku.fi\/index.php?rest_route=\/wp\/v2\/product\/38826","targetHints":{"allow":["GET"]}}],"collection":[{"href":"https:\/\/www.autonvaraosahaku.fi\/index.php?rest_route=\/wp\/v2\/product"}],"about":[{"href":"https:\/\/www.autonvaraosahaku.fi\/index.php?rest_route=\/wp\/v2\/types\/product"}],"wp:attachment":[{"href":"https:\/\/www.autonvaraosahaku.fi\/index.php?rest_route=%2Fwp%2Fv2%2Fmedia&parent=38826"}],"wp:term":[{"taxonomy":"pwb-brand","embeddable":true,"href":"https:\/\/www.autonvaraosahaku.fi\/index.php?rest_route=%2Fwp%2Fv2%2Fpwb-brand&post=38826"},{"taxonomy":"product_cat","embeddable":true,"href":"https:\/\/www.autonvaraosahaku.fi\/index.php?rest_route=%2Fwp%2Fv2%2Fproduct_cat&post=38826"},{"taxonomy":"product_tag","embeddable":true,"href":"https:\/\/www.autonvaraosahaku.fi\/index.php?rest_route=%2Fwp%2Fv2%2Fproduct_tag&post=38826"}],"curies":[{"name":"wp","href":"https:\/\/api.w.org\/{rel}","templated":true}]}}