{"id":38840,"date":"2021-02-21T16:39:39","date_gmt":"2021-02-21T16:39:39","guid":{"rendered":"https:\/\/www.autonvaraosahaku.fi\/?product=febi-bilstein-102775-muut-luokat"},"modified":"2021-02-21T16:39:40","modified_gmt":"2021-02-21T16:39:40","slug":"febi-bilstein-102775-muut-luokat","status":"publish","type":"product","link":"https:\/\/www.autonvaraosahaku.fi\/?product=febi-bilstein-102775-muut-luokat","title":{"rendered":"FEBI BILSTEIN 102775 Muut luokat"},"content":{"rendered":"<p>Pituus (mm): 118; Liittimi\u00e4: 2; Asennuspuoli: Molemminpuolin; Paino [kg]: 0,180, 0,180; TECDOC-moottorinumero: 25563; BMW: 1 F20,3 Touring F31,3 F30, F35, F80,1 F21; MINI: MINI R56,MINI CLUBMAN R55,MINI Cabriolet R57,MINI COUNTRYMAN R60,MINI Coupe R58,MINI Roadster R59,MINI PACEMAN R61; 11367564734, 11367566652, 11367587760, 11367604292, 11368610388, 1628924280, 1922R7, 1922V5, 1922V9, V758776080, 1628924280, 1922R7, 1922V5, 1922V9, V758776080, 11367564734, 11367566652, 11367587760, 11367604292, 11368610388, 003639451, 03639451, 095525930, 3639451, 95525930, 1628924280, 1922R7, 1922V5, 1922V9, V758776080, 003639451, 03639451, 095525930, 3639451, 95525930<\/p>\n","protected":false},"excerpt":{"rendered":"<p>FEBI BILSTEIN S\u00e4\u00e4t\u00f6venttiili, Nokka-Akselin Ajoitus (Vvt) febi Plus 102775  BMW,MINI,1 F20,3 Touring F31,3 F30, F35, F80,1 F21,MINI R56<\/p>\n","protected":false},"featured_media":0,"template":"","meta":{"site-sidebar-layout":"default","site-content-layout":"default","ast-global-header-display":"","ast-main-header-display":"","ast-hfb-above-header-display":"","ast-hfb-below-header-display":"","ast-hfb-mobile-header-display":"","site-post-title":"","ast-breadcrumbs-content":"","ast-featured-img":"","footer-sml-layout":"","theme-transparent-header-meta":"","adv-header-id-meta":"","stick-header-meta":"","header-above-stick-meta":"","header-main-stick-meta":"","header-below-stick-meta":""},"pwb-brand":[50],"product_cat":[37],"product_tag":[],"class_list":{"0":"post-38840","1":"product","2":"type-product","3":"status-publish","5":"pwb-brand-febi-bilstein","6":"product_cat-muut-luokat","7":"desktop-align-left","8":"tablet-align-left","9":"mobile-align-left","11":"first","12":"instock","13":"product-type-external"},"brands":[{"id":50,"name":"FEBI BILSTEIN","slug":"febi-bilstein"}],"_links":{"self":[{"href":"https:\/\/www.autonvaraosahaku.fi\/index.php?rest_route=\/wp\/v2\/product\/38840","targetHints":{"allow":["GET"]}}],"collection":[{"href":"https:\/\/www.autonvaraosahaku.fi\/index.php?rest_route=\/wp\/v2\/product"}],"about":[{"href":"https:\/\/www.autonvaraosahaku.fi\/index.php?rest_route=\/wp\/v2\/types\/product"}],"wp:attachment":[{"href":"https:\/\/www.autonvaraosahaku.fi\/index.php?rest_route=%2Fwp%2Fv2%2Fmedia&parent=38840"}],"wp:term":[{"taxonomy":"pwb-brand","embeddable":true,"href":"https:\/\/www.autonvaraosahaku.fi\/index.php?rest_route=%2Fwp%2Fv2%2Fpwb-brand&post=38840"},{"taxonomy":"product_cat","embeddable":true,"href":"https:\/\/www.autonvaraosahaku.fi\/index.php?rest_route=%2Fwp%2Fv2%2Fproduct_cat&post=38840"},{"taxonomy":"product_tag","embeddable":true,"href":"https:\/\/www.autonvaraosahaku.fi\/index.php?rest_route=%2Fwp%2Fv2%2Fproduct_tag&post=38840"}],"curies":[{"name":"wp","href":"https:\/\/api.w.org\/{rel}","templated":true}]}}