{"id":38881,"date":"2021-02-21T16:39:49","date_gmt":"2021-02-21T16:39:49","guid":{"rendered":"https:\/\/www.autonvaraosahaku.fi\/?product=ngk-2756-sytytystulpat"},"modified":"2021-02-21T16:39:50","modified_gmt":"2021-02-21T16:39:50","slug":"ngk-2756-sytytystulpat","status":"publish","type":"product","link":"https:\/\/www.autonvaraosahaku.fi\/?product=ngk-2756-sytytystulpat","title":{"rendered":"NGK 2756 Sytytystulpat"},"content":{"rendered":"<p>Avainv\u00e4li: 16; Ulkokierre [mm]: 14,0; Kierteen pituus (mm): 19,0; Sytytystulppa: kiinte\u00e4 SAE-liitin, Nikkeli-keskielektrodi, 1-maaelektroodi, H\u00e4iri\u00f6npoisto, 5 k-ohm, suoralla istukalla; Kipin\u00e4et\u00e4isyys [mm]: 3,0; Valmistusvuosi alkaen: 10\/1992; MAZDA: 323 F VI BJ,PREMACY CP,MX-5 I NA,DEMIO DW,323 P V BA,626 IV Hatchback GE,MX-3 EC,FAMILIA VI BJ,XEDOS 6 CA,323 C IV BG,FAMILIA IV BF,XEDOS 9 TA,626 IV GE,FAMILIA V BA,FAMILIA V BG8,121 II DB,MX-6 GE,626 III GD,FAMILIA IV BG,626 III Hatchback GD,626 III Coupe GD,E-SERIE Kasten SR2,626 III Station Wagon GV,MPV I LV; CHEVROLET: NUBIRA Kombi,KALOS,LACETTI J200,AVEO Stufenheck T250, T255,NUBIRA Stufenheck; DAEWOO: KALOS KLAS,LANOS KLAT,LACETTI Schr\u00e4gheck KLAN,NUBIRA Stufenheck KLAN,KALOS Stufenheck KLAS,NUBIRA Wagon KLAN,NUBIRA Wagon KLAJ,LANOS Stufenheck KLAT,NEXIA KLETN,NUBIRA Stufenheck KLAJ,ESPERO KLEJ,NUBIRA KLAJ,NEXIA Stufenheck KLETN; NISSAN: MICRA II K11,ALMERA TINO V10,ALMERA II Hatchback N16,PRIMERA P11,PRIMERA Traveller WP11,PRIMERA Hatchback P11,PICK UP D22,ALMERA Mk II N16; KIA: SPORTAGE K00,RETONA CE,SHUMA FB,SEPHIA FB; HONDA: JAZZ II GD,JAZZ III GE,CIVIC VI Hatchback EJ, EK,CIVIC VI Fastback MA, MB,CRX III EH, EG,CIVIC V Hatchback EG,CIVIC IV Hatchback EC, ED, EE,CIVIC VI Stufenheck EJ, EK,CIVIC VI Coupe EJ, EM1,CIVIC V Coupe EJ,CIVIC V Stufenheck EG, EH,CIVIC IV Stufenheck ED; DAIHATSU: FEROZA Soft Top F300,SPORTRAK F300,GRAN MOVE G3,CHARADE IV G200, G202,CHARADE III G100, G101, G102,APPLAUSE II A101,APPLAUSE I A101, A111,CHARADE IV Stufenheck G203,CHARADE III Stufenheck G102; ROVER: 400 Tourer XW; SUZUKI: JIMNY FJ,GRAND VITARA I FT,WAGON R+ MM,LIANA Schr\u00e4gheck,LIANA ER,WAGON R+ EM,BALENO Kombi EG,BALENO EG,BALENO Schr\u00e4gheck EG,GRAND VITARA I Cabriolet GT,JIMNY Gel\u00e4ndewagen offen SN; SUBARU: FORESTER SG,FORESTER SF,IMPREZA Stufenheck GD,LEGACY IV Station Wagon BL, BP, B13_,IMPREZA Station Wagon GG,LEGACY III Station Wagon BE, BH,JUSTY II JMA, MS,IMPREZA Stufenheck GC,LEGACY II Station Wagon BD, BG,IMPREZA Station Wagon GF,LEGACY IV BL, BP,LEGACY III BE, BH,LEGACY I Station Wagon BC, BJF,LEGACY II BD, BG,IMPREZA Coupe GFC,VIVIO,LEGACY I BC; 9004851099000, 9004851100, 9004851100000, 9807956140, 980795614B, 980795614E, 980795615E, 0K01C18110, 2240110P16, 2240150Y06, 5861239520, 8943283720, 8943283740, 0K01C18110, 9009870005, 9009870040, 9009870047, 90919YZZAC, 000018BP03, 1A5318110, 1Y0A18110, B66018110, B66718110, BP0318110, BP0418110, BPY318110, MS851357, MS851358, MS851388, MS851728, 2240110P16, 2240150Y06, 22401AA310, 22401AA320, 22401KA010, 22401KA030, 0948200494, 0948200508, 9009870005, 9009870040, 9009870047, 90919YZZAC; Tulpat,Sytytystulppa<\/p>\n","protected":false},"excerpt":{"rendered":"<p>NGK Sytytystulpat 2756 Tulpat,Sytytystulppa MAZDA,CHEVROLET,DAEWOO,323 F VI BJ,PREMACY CP,MX-5 I NA,DEMIO DW,323 P V BA,626 IV Hatchback GE,MX-3 EC<\/p>\n","protected":false},"featured_media":0,"template":"","meta":{"site-sidebar-layout":"default","site-content-layout":"default","ast-global-header-display":"","ast-main-header-display":"","ast-hfb-above-header-display":"","ast-hfb-below-header-display":"","ast-hfb-mobile-header-display":"","site-post-title":"","ast-breadcrumbs-content":"","ast-featured-img":"","footer-sml-layout":"","theme-transparent-header-meta":"","adv-header-id-meta":"","stick-header-meta":"","header-above-stick-meta":"","header-main-stick-meta":"","header-below-stick-meta":""},"pwb-brand":[189],"product_cat":[165],"product_tag":[],"class_list":{"0":"post-38881","1":"product","2":"type-product","3":"status-publish","5":"pwb-brand-ngk","6":"product_cat-sytytystulpat","7":"desktop-align-left","8":"tablet-align-left","9":"mobile-align-left","11":"first","12":"instock","13":"product-type-external"},"brands":[{"id":189,"name":"NGK","slug":"ngk"}],"_links":{"self":[{"href":"https:\/\/www.autonvaraosahaku.fi\/index.php?rest_route=\/wp\/v2\/product\/38881","targetHints":{"allow":["GET"]}}],"collection":[{"href":"https:\/\/www.autonvaraosahaku.fi\/index.php?rest_route=\/wp\/v2\/product"}],"about":[{"href":"https:\/\/www.autonvaraosahaku.fi\/index.php?rest_route=\/wp\/v2\/types\/product"}],"wp:attachment":[{"href":"https:\/\/www.autonvaraosahaku.fi\/index.php?rest_route=%2Fwp%2Fv2%2Fmedia&parent=38881"}],"wp:term":[{"taxonomy":"pwb-brand","embeddable":true,"href":"https:\/\/www.autonvaraosahaku.fi\/index.php?rest_route=%2Fwp%2Fv2%2Fpwb-brand&post=38881"},{"taxonomy":"product_cat","embeddable":true,"href":"https:\/\/www.autonvaraosahaku.fi\/index.php?rest_route=%2Fwp%2Fv2%2Fproduct_cat&post=38881"},{"taxonomy":"product_tag","embeddable":true,"href":"https:\/\/www.autonvaraosahaku.fi\/index.php?rest_route=%2Fwp%2Fv2%2Fproduct_tag&post=38881"}],"curies":[{"name":"wp","href":"https:\/\/api.w.org\/{rel}","templated":true}]}}