{"id":38890,"date":"2021-02-21T16:39:49","date_gmt":"2021-02-21T16:39:49","guid":{"rendered":"https:\/\/www.autonvaraosahaku.fi\/?product=ngk-4511-sytytystulpat"},"modified":"2021-02-21T16:39:52","modified_gmt":"2021-02-21T16:39:52","slug":"ngk-4511-sytytystulpat","status":"publish","type":"product","link":"https:\/\/www.autonvaraosahaku.fi\/?product=ngk-4511-sytytystulpat","title":{"rendered":"NGK 4511 Sytytystulpat"},"content":{"rendered":"<p>Avainv\u00e4li: 20,8 mm; Ulkokierre [mm]: 14,0; Kierteen pituus (mm): 12,7; Sytytystulppa: Kierre-SAE-liitin, Nikkeli-keskielektrodi, 1-maaelektroodi, Ei h\u00e4iri\u00f6npoistoa, suoralla istukalla; Kipin\u00e4et\u00e4isyys [mm]: 3,5; K\u00e4rkiv\u00e4li (mm): 0,7; SKODA: 105,120 742,105,120 744,130,RAPID 120G, 130G, 135G; SEAT: 600 D; OPEL: KADETT B,MANTA A 58_, 59_,REKORD C,ADMIRAL A,KADETT B Coupe,REKORD D,COMMODORE A,COMMODORE A Coupe,MANTA B CC 53_, 55_,COMMODORE B Coupe,COMMODORE B,REKORD C Coupe,REKORD B,REKORD D Coupe,KADETT B Caravan,REKORD D Caravan,REKORD B Coupe,REKORD B Caravan; DACIA: 1310 Stufenheck U, X,1300; VOLVO: 240 Kombi P245,240 P242, P244,440 K 445,P 544,340-360 343, 345,164,140 142, 144,66,P 122 S AMAZON,140 Kombi 145,P 122 S AMAZON Kombi; FORD: TRANSIT Kasten 81E,TRANSIT Bus 72E, 73E,TAUNUS 17M Turnier 21,TAUNUS 17M Turnier 35F,TAUNUS 12M 11G,TAUNUS 17M Turnier 36F,TAUNUS 12M 12G,TAUNUS 12M Turnier 15G,TAUNUS 12M Coupe 13G; RENAULT: 4 112_,5 122_,4 Kasten R21_, R23_,12,6 118_,5 Kasten 238_,12 Variable 117_,ESTAFETTE 213_,RODEO 6,15 130_,12 Kasten,RODEO 4,RODEO 5; FIAT: 500; CITRO\u00cbN: 2 CV,CX II,CX I MA,DS,CX II Break,CX I Break MA,MEHARI,DS Break,DS Cabriolet; PORSCHE: 356 Coupe,356 Cabriolet\/Speedster; 7554445, 7554445, 596280, 596290, 5962A3, 756761, 95496692, ZCT000011, 7700587168, 7701366057, 7701366267, 7701366515, 9993409685100, 9993409691100, 7554445, 7554445, 9807656719, 980765671902, 9807656721, 7554445, 9009820515, 7554445, 596280, 596290, 5962A3, 756761, 95496692, ZCT000011, 7700587168, 7701366057, 7701366267, 7701366515, 0948200059, 0948200074, 0948200084, 0948200188, 0948200259, 0948200531, 9009820515; Tulpat,Sytytystulppa<\/p>\n","protected":false},"excerpt":{"rendered":"<p>NGK Sytytystulpat 4511 Tulpat,Sytytystulppa SKODA,SEAT,OPEL,105,120 742,105,120 744,130,RAPID 120G, 130G, 135G,600 D,KADETT B,MANTA A 58_, 59_<\/p>\n","protected":false},"featured_media":0,"template":"","meta":{"site-sidebar-layout":"default","site-content-layout":"default","ast-global-header-display":"","ast-main-header-display":"","ast-hfb-above-header-display":"","ast-hfb-below-header-display":"","ast-hfb-mobile-header-display":"","site-post-title":"","ast-breadcrumbs-content":"","ast-featured-img":"","footer-sml-layout":"","theme-transparent-header-meta":"","adv-header-id-meta":"","stick-header-meta":"","header-above-stick-meta":"","header-main-stick-meta":"","header-below-stick-meta":""},"pwb-brand":[189],"product_cat":[165],"product_tag":[],"class_list":{"0":"post-38890","1":"product","2":"type-product","3":"status-publish","5":"pwb-brand-ngk","6":"product_cat-sytytystulpat","7":"desktop-align-left","8":"tablet-align-left","9":"mobile-align-left","11":"first","12":"instock","13":"product-type-external"},"brands":[{"id":189,"name":"NGK","slug":"ngk"}],"_links":{"self":[{"href":"https:\/\/www.autonvaraosahaku.fi\/index.php?rest_route=\/wp\/v2\/product\/38890","targetHints":{"allow":["GET"]}}],"collection":[{"href":"https:\/\/www.autonvaraosahaku.fi\/index.php?rest_route=\/wp\/v2\/product"}],"about":[{"href":"https:\/\/www.autonvaraosahaku.fi\/index.php?rest_route=\/wp\/v2\/types\/product"}],"wp:attachment":[{"href":"https:\/\/www.autonvaraosahaku.fi\/index.php?rest_route=%2Fwp%2Fv2%2Fmedia&parent=38890"}],"wp:term":[{"taxonomy":"pwb-brand","embeddable":true,"href":"https:\/\/www.autonvaraosahaku.fi\/index.php?rest_route=%2Fwp%2Fv2%2Fpwb-brand&post=38890"},{"taxonomy":"product_cat","embeddable":true,"href":"https:\/\/www.autonvaraosahaku.fi\/index.php?rest_route=%2Fwp%2Fv2%2Fproduct_cat&post=38890"},{"taxonomy":"product_tag","embeddable":true,"href":"https:\/\/www.autonvaraosahaku.fi\/index.php?rest_route=%2Fwp%2Fv2%2Fproduct_tag&post=38890"}],"curies":[{"name":"wp","href":"https:\/\/api.w.org\/{rel}","templated":true}]}}