{"id":38893,"date":"2021-02-21T16:39:49","date_gmt":"2021-02-21T16:39:49","guid":{"rendered":"https:\/\/www.autonvaraosahaku.fi\/?product=ngk-7811-sytytystulpat"},"modified":"2021-02-21T16:39:52","modified_gmt":"2021-02-21T16:39:52","slug":"ngk-7811-sytytystulpat","status":"publish","type":"product","link":"https:\/\/www.autonvaraosahaku.fi\/?product=ngk-7811-sytytystulpat","title":{"rendered":"NGK 7811 Sytytystulpat"},"content":{"rendered":"<p>Avainv\u00e4li: 20,8 mm; Ulkokierre [mm]: 14,0; Kierteen pituus (mm): 19,0; Sytytystulppa: Kierre-SAE-liitin, Nikkeli-keskielektrodi, 1-maaelektroodi, Ei h\u00e4iri\u00f6npoistoa, suoralla istukalla; Kipin\u00e4et\u00e4isyys [mm]: 3,0; Moottorinumero: M10B16; VW: GOLF II 19E, 1G1,GOLF I Cabriolet 155,POLO 86C, 80,POLO Coupe 86C, 80,SCIROCCO 53B,LT 28-35 I Kasten 281-363,GOLF I 17,LT 28-35 I Bus 281-363,CADDY I 14,JETTA II 19E, 1G2, 165,PASSAT Variant 32B,POLO CLASSIC 86C, 80,LT 28-35 I Pritsche\/Fahrgestell 281-363,PASSAT 32B,LT 40-55 I Pritsche\/Fahrgestell 293-909,POLO 86,SCIROCCO 53,ILTIS 183,JETTA I 16,DERBY 86C, 80,PASSAT 32,LT 40-55 I Kasten 291-512,DERBY 86,PASSAT Variant 33,SANTANA 32B; AUDI: 100 44, 44Q, C3,80 81, 85, B2,100 Avant 44, 44Q, C3,COUPE 81, 85,80 80, 82, B1,100 C1,100 43, C2,50 86,100 Avant 43, C2,SUPER 90; NISSAN: SUNNY II Coupe B12,PICK UP 720; LADA: NIVA 2121,1200-1600,1200-1500 Kombi,SAMARA 2108, 2109, 2115, 2113, 2114,NOVA 2105,TOSCANA 2107,NOVA Kombi 2104,SAMARA Stufenheck 21099, 2115; SEAT: IBIZA I 021A,127 127A,124,133,131,124 Kombi,850,128,RONDA 022A,PANDA 141A,RITMO 138; MERCEDES-BENZ: SL R107,Stufenheck W123,S-CLASS W126,G-CLASS W463,G-CLASS W460,COUPE C123,S-CLASS W108, W109,S-CLASS W116,S-CLASS Coupe C126,KOMBI Kombi S123,T1 Bus 601,SL Coupe C107,HECKFLOSSE W111, W112; LAND ROVER: 90\/110 DHMC; SUBARU: LEONE II Station Wagon,LEONE II,LEONE I Hatchback,LEONE I Station Wagon,LEONE I AB; LANCIA: DELTA II 836; OPEL: REKORD D,REKORD D Caravan; 46229251, 60504563, 7554442, 46229251, 60504563, 7554442, 04886206, 596213, 596216, 596282, 5962A2, 95619043, 7700553622, 7700724821, 7700824821, 7701366086, 7701366269, 7701366516, 7701414025, 9004851034000, 9004851034010, 9004851055000, 04886206, 46229251, 60504563, 7554442, 46229251, 60504563, 7554442, 9807956811, 9807956841, 9807956854, 9807956871H0, 9817956841, 0025918110, 22401V0516, 22401W8916, 22401W8986, 22401W8986PC, 22401W8991, 22401Y9266, B2401W8916, 5813800060, 9825131030, 0025918110, 46229251, 60504563, 7554442, 0419534150, 9009820695, 9009870043, 46229251, 60504563, 7554442, 0021592403, 0021592803, 0021594103, 0021594203, A0021592403, A0021592803, A0021594103, A0021594203, 025918110, A50218110, 0021592403, 0021592803, 0021594103, 0021594203, A0021592403, A0021592803, A0021594103, A0021594203, MS851023, MS851183, MS851192, MS851213, MS851438, 22401V0516, 22401W8916, 22401W8986, 22401W8986PC, 22401W8991, 22401Y9266, B2401W8916, 596213, 596216, 596282, 5962A2, 95619043, 7&#8230;; Tulpat,Sytytystulppa<\/p>\n","protected":false},"excerpt":{"rendered":"<p>NGK Sytytystulpat 7811 Tulpat,Sytytystulppa VW,AUDI,NISSAN,GOLF II 19E, 1G1,GOLF I Cabriolet 155,POLO 86C, 80,POLO Coupe 86C, 80,SCIROCCO 53B<\/p>\n","protected":false},"featured_media":0,"template":"","meta":{"site-sidebar-layout":"default","site-content-layout":"default","ast-global-header-display":"","ast-main-header-display":"","ast-hfb-above-header-display":"","ast-hfb-below-header-display":"","ast-hfb-mobile-header-display":"","site-post-title":"","ast-breadcrumbs-content":"","ast-featured-img":"","footer-sml-layout":"","theme-transparent-header-meta":"","adv-header-id-meta":"","stick-header-meta":"","header-above-stick-meta":"","header-main-stick-meta":"","header-below-stick-meta":""},"pwb-brand":[189],"product_cat":[165],"product_tag":[],"class_list":{"0":"post-38893","1":"product","2":"type-product","3":"status-publish","5":"pwb-brand-ngk","6":"product_cat-sytytystulpat","7":"desktop-align-left","8":"tablet-align-left","9":"mobile-align-left","11":"first","12":"instock","13":"product-type-external"},"brands":[{"id":189,"name":"NGK","slug":"ngk"}],"_links":{"self":[{"href":"https:\/\/www.autonvaraosahaku.fi\/index.php?rest_route=\/wp\/v2\/product\/38893","targetHints":{"allow":["GET"]}}],"collection":[{"href":"https:\/\/www.autonvaraosahaku.fi\/index.php?rest_route=\/wp\/v2\/product"}],"about":[{"href":"https:\/\/www.autonvaraosahaku.fi\/index.php?rest_route=\/wp\/v2\/types\/product"}],"wp:attachment":[{"href":"https:\/\/www.autonvaraosahaku.fi\/index.php?rest_route=%2Fwp%2Fv2%2Fmedia&parent=38893"}],"wp:term":[{"taxonomy":"pwb-brand","embeddable":true,"href":"https:\/\/www.autonvaraosahaku.fi\/index.php?rest_route=%2Fwp%2Fv2%2Fpwb-brand&post=38893"},{"taxonomy":"product_cat","embeddable":true,"href":"https:\/\/www.autonvaraosahaku.fi\/index.php?rest_route=%2Fwp%2Fv2%2Fproduct_cat&post=38893"},{"taxonomy":"product_tag","embeddable":true,"href":"https:\/\/www.autonvaraosahaku.fi\/index.php?rest_route=%2Fwp%2Fv2%2Fproduct_tag&post=38893"}],"curies":[{"name":"wp","href":"https:\/\/api.w.org\/{rel}","templated":true}]}}