{"id":38910,"date":"2021-02-21T16:39:54","date_gmt":"2021-02-21T16:39:54","guid":{"rendered":"https:\/\/www.autonvaraosahaku.fi\/?product=ngk-6893-sytytystulpat"},"modified":"2021-02-21T16:39:57","modified_gmt":"2021-02-21T16:39:57","slug":"ngk-6893-sytytystulpat","status":"publish","type":"product","link":"https:\/\/www.autonvaraosahaku.fi\/?product=ngk-6893-sytytystulpat","title":{"rendered":"NGK 6893 Sytytystulpat"},"content":{"rendered":"<p>Avainv\u00e4li: 16 mm; Ulkokierre [mm]: 14,0; Kierteen pituus (mm): 19,0; Sytytystulppa: kiinte\u00e4 SAE-liitin, Nikkeli-keskielektrodi, 1-maaelektroodi, H\u00e4iri\u00f6npoisto, 1 k-ohm, suoralla istukalla; Kipin\u00e4et\u00e4isyys [mm]: 7,0; Moottorinumero: ANV;AUC;ALD; VW: POLO 9N_,LUPO 6X1, 6E1,FOX 5Z1, 5Z3,POLO Stufenheck 9A4,CADDY II Kombi 9K9B; SKODA: FABIA Combi 6Y5,FABIA,FABIA 6Y2,FABIA Combi,ROOMSTER 5J,FABIA Stufenheck 6Y3,ROOMSTER Praktik 5J,FABIA Praktik; SEAT: IBIZA IV 6L1,IBIZA V 6J5, 6P5,IBIZA V SPORTCOUPE 6J1, 6P1,CORDOBA 6L2; 101905617, 101905617R1, 101905617, 101905617R1, 101905617, 101905617R1, 101905617, 101905617R1, 101905617, 101905617R1, 101905617, 101905617R1; Tulpat,Sytytystulppa<\/p>\n","protected":false},"excerpt":{"rendered":"<p>NGK Sytytystulpat 6893 Tulpat,Sytytystulppa VW,SKODA,SEAT,POLO 9N_,LUPO 6X1, 6E1,FOX 5Z1, 5Z3,POLO Stufenheck 9A4,CADDY II Kombi 9K9B,FABIA Combi 6Y5<\/p>\n","protected":false},"featured_media":0,"template":"","meta":{"site-sidebar-layout":"default","site-content-layout":"default","ast-global-header-display":"","ast-main-header-display":"","ast-hfb-above-header-display":"","ast-hfb-below-header-display":"","ast-hfb-mobile-header-display":"","site-post-title":"","ast-breadcrumbs-content":"","ast-featured-img":"","footer-sml-layout":"","theme-transparent-header-meta":"","adv-header-id-meta":"","stick-header-meta":"","header-above-stick-meta":"","header-main-stick-meta":"","header-below-stick-meta":""},"pwb-brand":[189],"product_cat":[165],"product_tag":[],"class_list":{"0":"post-38910","1":"product","2":"type-product","3":"status-publish","5":"pwb-brand-ngk","6":"product_cat-sytytystulpat","7":"desktop-align-left","8":"tablet-align-left","9":"mobile-align-left","11":"first","12":"instock","13":"product-type-external"},"brands":[{"id":189,"name":"NGK","slug":"ngk"}],"_links":{"self":[{"href":"https:\/\/www.autonvaraosahaku.fi\/index.php?rest_route=\/wp\/v2\/product\/38910","targetHints":{"allow":["GET"]}}],"collection":[{"href":"https:\/\/www.autonvaraosahaku.fi\/index.php?rest_route=\/wp\/v2\/product"}],"about":[{"href":"https:\/\/www.autonvaraosahaku.fi\/index.php?rest_route=\/wp\/v2\/types\/product"}],"wp:attachment":[{"href":"https:\/\/www.autonvaraosahaku.fi\/index.php?rest_route=%2Fwp%2Fv2%2Fmedia&parent=38910"}],"wp:term":[{"taxonomy":"pwb-brand","embeddable":true,"href":"https:\/\/www.autonvaraosahaku.fi\/index.php?rest_route=%2Fwp%2Fv2%2Fpwb-brand&post=38910"},{"taxonomy":"product_cat","embeddable":true,"href":"https:\/\/www.autonvaraosahaku.fi\/index.php?rest_route=%2Fwp%2Fv2%2Fproduct_cat&post=38910"},{"taxonomy":"product_tag","embeddable":true,"href":"https:\/\/www.autonvaraosahaku.fi\/index.php?rest_route=%2Fwp%2Fv2%2Fproduct_tag&post=38910"}],"curies":[{"name":"wp","href":"https:\/\/api.w.org\/{rel}","templated":true}]}}