{"id":38912,"date":"2021-02-21T16:39:54","date_gmt":"2021-02-21T16:39:54","guid":{"rendered":"https:\/\/www.autonvaraosahaku.fi\/?product=ngk-3812-sytytystulpat"},"modified":"2021-02-21T16:39:57","modified_gmt":"2021-02-21T16:39:57","slug":"ngk-3812-sytytystulpat","status":"publish","type":"product","link":"https:\/\/www.autonvaraosahaku.fi\/?product=ngk-3812-sytytystulpat","title":{"rendered":"NGK 3812 Sytytystulpat"},"content":{"rendered":"<p>Avainv\u00e4li: 16 mm; Ulkokierre [mm]: 14,0; Kierteen pituus (mm): 17,5; Sytytystulppa: Kierre-SAE-liitin, Nikkeli-keskielektrodi, 1-maaelektroodi, Ei h\u00e4iri\u00f6npoistoa, kartioistukalla; Kipin\u00e4et\u00e4isyys [mm]: 3,0; TECDOC-moottorinumero: 2061; MERCEDES-BENZ: 190 W201,Stufenheck W124,SL R129,SL R107,Stufenheck W123,S-CLASS W126,KOMBI Kombi S124,E-CLASS W124,G-CLASS W463,COUPE C124,G-CLASS W460,E-CLASS Kombi S124,COUPE C123,G-CLASS W461,KOMBI Kombi S123,T1 Bus 601,HECKFLOSSE W111, W112,G-CLASS Cabrio W463; LAND ROVER: 88\/109,88\/109 Hardtop; ROVER: 2000-3500 Hatchback SD1; VOLVO: 260 P262, P264,260 Kombi P265; RENAULT: ESPACE II J\/S63_,5 122_,TRAFIC Kasten TXX,TRAFIC Bus TXW,SAFRANE I B54_,ESPACE I J11_,21 Stufenheck L48_,25 B29_,MASTER I Kasten T__,18 134_,21 Kombi K48_,18 Variable 135_,30 127_,FUEGO 136_,21 B48_,MASTER I Bus T__,20 127_,14 121_; CITRO\u00cbN: BX XB-_,CX II,CX I MA,BX Break XB-_,C15 VD-_,CX II Break,CX I Break MA,GS,OLTCIT,GS Break; PEUGEOT: 205 II 20A\/C,205 I Cabriolet 741B, 20D,205 I 741A\/C,304 Cabriolet _04B_,309 I 10C, 10A,505 551A,504 Coupe,204,104,305 II 581M,505 Break 551D,604 561A_,204 Cabriolet,304 _04M_,104 Coupe,305 II Break 581E,305 I 581A,204 Break,304 Coupe _04C_,304 Break _04D_,204 Coupe,305 I Break 581D; PUCH: G-MODELL W 463; ALPINE: A310; TALBOT: SAMBA Cabriolet 51E,SAMBA 51A,TAGORA; 596205, 596209, 596214, 596215, 596272, 596287, 95611941, 7700722095, 7700737458, 7700852522, 7701021767, 7701041215, 7701366137, 7701366270, 7701366514, 9009820635, 9009820885, 0021594903, 0021595603, 0021596803, 0021596903, 0031590603, 0031590703, 0031593403, 0031593503, A0021594903, A0021595603, A0021596803, A0021596903, A0031590603, A0031590703, A0031593403, A0031593503, 0021594903, 0021595603, 0021596803, 0021596903, 0031590603, 0031590703, 0031593403, 0031593503, A0021594903, A0021595603, A0021596803, A0021596903, A0031590603, A0031590703, A0031593403, A0031593503, 596205, 596209, 596214, 596215, 596272, 596287, 95611941, 7700722095, 7700737458, 7700852522, 7701021767, 7701041215, 7701366137, 7701366270, 7701366514, 0021594903, 0021595603, 0021596803, 0021596903, 0031590603, 0031590703, 0031593403, 0031593503, A0021594903, A0021595603, A0021596803, A0021596903, A0031590603, A0031590703, A0031593403, A0031593503, 0021594903, 0021595603, 0021596803, 0021596903, 0031590603, 003159&#8230;; Tulpat,Sytytystulppa<\/p>\n","protected":false},"excerpt":{"rendered":"<p>NGK Sytytystulpat 3812 Tulpat,Sytytystulppa MERCEDES-BENZ,LAND ROVER,ROVER,190 W201,Stufenheck W124,SL R129,SL R107,Stufenheck W123,S-CLASS W126<\/p>\n","protected":false},"featured_media":0,"template":"","meta":{"site-sidebar-layout":"default","site-content-layout":"default","ast-global-header-display":"","ast-main-header-display":"","ast-hfb-above-header-display":"","ast-hfb-below-header-display":"","ast-hfb-mobile-header-display":"","site-post-title":"","ast-breadcrumbs-content":"","ast-featured-img":"","footer-sml-layout":"","theme-transparent-header-meta":"","adv-header-id-meta":"","stick-header-meta":"","header-above-stick-meta":"","header-main-stick-meta":"","header-below-stick-meta":""},"pwb-brand":[189],"product_cat":[165],"product_tag":[],"class_list":{"0":"post-38912","1":"product","2":"type-product","3":"status-publish","5":"pwb-brand-ngk","6":"product_cat-sytytystulpat","7":"desktop-align-left","8":"tablet-align-left","9":"mobile-align-left","11":"first","12":"instock","13":"product-type-external"},"brands":[{"id":189,"name":"NGK","slug":"ngk"}],"_links":{"self":[{"href":"https:\/\/www.autonvaraosahaku.fi\/index.php?rest_route=\/wp\/v2\/product\/38912","targetHints":{"allow":["GET"]}}],"collection":[{"href":"https:\/\/www.autonvaraosahaku.fi\/index.php?rest_route=\/wp\/v2\/product"}],"about":[{"href":"https:\/\/www.autonvaraosahaku.fi\/index.php?rest_route=\/wp\/v2\/types\/product"}],"wp:attachment":[{"href":"https:\/\/www.autonvaraosahaku.fi\/index.php?rest_route=%2Fwp%2Fv2%2Fmedia&parent=38912"}],"wp:term":[{"taxonomy":"pwb-brand","embeddable":true,"href":"https:\/\/www.autonvaraosahaku.fi\/index.php?rest_route=%2Fwp%2Fv2%2Fpwb-brand&post=38912"},{"taxonomy":"product_cat","embeddable":true,"href":"https:\/\/www.autonvaraosahaku.fi\/index.php?rest_route=%2Fwp%2Fv2%2Fproduct_cat&post=38912"},{"taxonomy":"product_tag","embeddable":true,"href":"https:\/\/www.autonvaraosahaku.fi\/index.php?rest_route=%2Fwp%2Fv2%2Fproduct_tag&post=38912"}],"curies":[{"name":"wp","href":"https:\/\/api.w.org\/{rel}","templated":true}]}}